{"id":12350,"date":"2022-09-04T11:47:45","date_gmt":"2022-09-04T11:47:45","guid":{"rendered":"https:\/\/gogashop.com\/hr\/?post_type=product&#038;p=12350"},"modified":"2024-06-04T23:43:11","modified_gmt":"2024-06-04T23:43:11","slug":"naljepnice-za-auto-fuck-new-models","status":"publish","type":"product","link":"https:\/\/gogashop.com\/hr\/naljepnice-za-auto-fuck-new-models\/","title":{"rendered":"Naljepnice za auto Fuck new models, I am old school"},"content":{"rendered":"","protected":false},"excerpt":{"rendered":"<p>Naljepnice za auto Fuck new models, I am old school odli\u010dan su natpis za svaki automobil, a naljepnica mo\u017ee opisivati osobu ili Va\u0161 automobil.<\/p>\n<p>S ovom naljepnicom za auto Fuck new models, I am old school pokazati \u0107ete svima da volite svoj auto i da ste zadovoljni njime.<\/p>\n<p><strong>Paket sadr\u017ei:<\/strong><\/p>\n<p>1 x Naljepnice za auto Fuck new models, I am old school<\/p>\n","protected":false},"featured_media":12354,"template":"","meta":[],"product_brand":[],"product_cat":[374,1119],"product_tag":[376],"class_list":{"0":"post-12350","1":"product","2":"type-product","3":"status-publish","4":"has-post-thumbnail","6":"product_cat-naljepnice-za-auto","7":"product_cat-natpisi-i-citati","8":"product_tag-naljepnica-za-auto","10":"first","11":"instock","12":"taxable","13":"shipping-taxable","14":"purchasable","15":"product-type-variable"},"_links":{"self":[{"href":"https:\/\/gogashop.com\/hr\/wp-json\/wp\/v2\/product\/12350","targetHints":{"allow":["GET"]}}],"collection":[{"href":"https:\/\/gogashop.com\/hr\/wp-json\/wp\/v2\/product"}],"about":[{"href":"https:\/\/gogashop.com\/hr\/wp-json\/wp\/v2\/types\/product"}],"version-history":[{"count":0,"href":"https:\/\/gogashop.com\/hr\/wp-json\/wp\/v2\/product\/12350\/revisions"}],"wp:featuredmedia":[{"embeddable":true,"href":"https:\/\/gogashop.com\/hr\/wp-json\/wp\/v2\/media\/12354"}],"wp:attachment":[{"href":"https:\/\/gogashop.com\/hr\/wp-json\/wp\/v2\/media?parent=12350"}],"wp:term":[{"taxonomy":"product_brand","embeddable":true,"href":"https:\/\/gogashop.com\/hr\/wp-json\/wp\/v2\/product_brand?post=12350"},{"taxonomy":"product_cat","embeddable":true,"href":"https:\/\/gogashop.com\/hr\/wp-json\/wp\/v2\/product_cat?post=12350"},{"taxonomy":"product_tag","embeddable":true,"href":"https:\/\/gogashop.com\/hr\/wp-json\/wp\/v2\/product_tag?post=12350"}],"curies":[{"name":"wp","href":"https:\/\/api.w.org\/{rel}","templated":true}]}}