{"id":12215,"date":"2022-08-21T23:50:57","date_gmt":"2022-08-21T23:50:57","guid":{"rendered":"https:\/\/gogashop.com\/hr\/?post_type=product&#038;p=12215"},"modified":"2023-01-21T11:53:12","modified_gmt":"2023-01-21T11:53:12","slug":"grubi-kalcit-smede-boje","status":"publish","type":"product","link":"https:\/\/gogashop.com\/hr\/grubi-kalcit-smede-boje\/","title":{"rendered":"Grubi kalcit Sme\u0111a boja"},"content":{"rendered":"","protected":false},"excerpt":{"rendered":"<p>Grubi kalcit Sme\u0111e boje odli\u010dan je kao dekoracija u domu upravo zbog svoje svojstvene crvenkasto sme\u0111e boje, a ima i brojne pozitivne u\u010dinke na zdravlje.<\/p>\n<p><b>SME\u0110A BOJA KALCITA DJELUJE NA:\u00a0<\/b><\/p>\n<ul>\n<li aria-level=\"1\">donosi radost, smiruje i\u00a0 poti\u010de pozitivnost<\/li>\n<li aria-level=\"1\">podi\u017ee energiju<\/li>\n<li aria-level=\"1\">regulira sr\u010dani ritam<\/li>\n<li aria-level=\"1\">lije\u010di opekline te\u00a0 zaustavlja prekomjerno znojenje<\/li>\n<li aria-level=\"1\">eliminirata potencijalne blokade u tijelu, umu i duhu<\/li>\n<\/ul>\n<p><strong>Paket sadr\u017ei:<\/strong> 1 x Grubi kalcit Sme\u0111e boje<\/p>\n","protected":false},"featured_media":12219,"template":"","meta":[],"product_brand":[],"product_cat":[878],"product_tag":[1047,1050,1048,1046],"class_list":{"0":"post-12215","1":"product","2":"type-product","3":"status-publish","4":"has-post-thumbnail","6":"product_cat-kristali","7":"product_tag-grubi-kalcit","8":"product_tag-grubi-kalcit-smeda-boja","9":"product_tag-kalcit","10":"product_tag-visebojni-grubi-kalcit","12":"first","13":"instock","14":"taxable","15":"shipping-taxable","16":"purchasable","17":"product-type-simple"},"_links":{"self":[{"href":"https:\/\/gogashop.com\/hr\/wp-json\/wp\/v2\/product\/12215","targetHints":{"allow":["GET"]}}],"collection":[{"href":"https:\/\/gogashop.com\/hr\/wp-json\/wp\/v2\/product"}],"about":[{"href":"https:\/\/gogashop.com\/hr\/wp-json\/wp\/v2\/types\/product"}],"version-history":[{"count":0,"href":"https:\/\/gogashop.com\/hr\/wp-json\/wp\/v2\/product\/12215\/revisions"}],"wp:featuredmedia":[{"embeddable":true,"href":"https:\/\/gogashop.com\/hr\/wp-json\/wp\/v2\/media\/12219"}],"wp:attachment":[{"href":"https:\/\/gogashop.com\/hr\/wp-json\/wp\/v2\/media?parent=12215"}],"wp:term":[{"taxonomy":"product_brand","embeddable":true,"href":"https:\/\/gogashop.com\/hr\/wp-json\/wp\/v2\/product_brand?post=12215"},{"taxonomy":"product_cat","embeddable":true,"href":"https:\/\/gogashop.com\/hr\/wp-json\/wp\/v2\/product_cat?post=12215"},{"taxonomy":"product_tag","embeddable":true,"href":"https:\/\/gogashop.com\/hr\/wp-json\/wp\/v2\/product_tag?post=12215"}],"curies":[{"name":"wp","href":"https:\/\/api.w.org\/{rel}","templated":true}]}}