{"id":12199,"date":"2022-08-21T23:29:46","date_gmt":"2022-08-21T23:29:46","guid":{"rendered":"https:\/\/gogashop.com\/hr\/?post_type=product&#038;p=12199"},"modified":"2023-01-21T11:53:10","modified_gmt":"2023-01-21T11:53:10","slug":"grubi-kalcit-narancaste-boje","status":"publish","type":"product","link":"https:\/\/gogashop.com\/hr\/grubi-kalcit-narancaste-boje\/","title":{"rendered":"Grubi kalcit Naran\u010daste boje"},"content":{"rendered":"","protected":false},"excerpt":{"rendered":"<p>Grubi kalcit Naran\u010daste boje\u00a0 odli\u010dan je kao dekoracija u svakom domu, ali ima i brojne pozitivne u\u010dinke na zdravlje svih nas.<\/p>\n<p><b>NARAN\u010cASTA BOJA KALCITA:<\/b><\/p>\n<ul>\n<li aria-level=\"1\">pove\u0107avanje energije<\/li>\n<li aria-level=\"1\">nudi za\u0161titu, ja\u010da volju i lije\u010di depresiju<\/li>\n<li aria-level=\"1\">donosi radost i otklanja strah<\/li>\n<li aria-level=\"1\">otklanja probleme s mokrenjem, jetrom i slezenom,<\/li>\n<li aria-level=\"1\">regulira i lije\u010di emocije<\/li>\n<li aria-level=\"1\">pove\u0107ava kreativnost<\/li>\n<li aria-level=\"1\"><\/li>\n<\/ul>\n<p><strong>Paket sadr\u017ei:<\/strong> 1 x Grubi kalcit Naran\u010daste boje<\/p>\n","protected":false},"featured_media":12203,"template":"","meta":[],"product_brand":[],"product_cat":[878],"product_tag":[1047,1048],"class_list":{"0":"post-12199","1":"product","2":"type-product","3":"status-publish","4":"has-post-thumbnail","6":"product_cat-kristali","7":"product_tag-grubi-kalcit","8":"product_tag-kalcit","10":"first","11":"instock","12":"taxable","13":"shipping-taxable","14":"purchasable","15":"product-type-simple"},"_links":{"self":[{"href":"https:\/\/gogashop.com\/hr\/wp-json\/wp\/v2\/product\/12199","targetHints":{"allow":["GET"]}}],"collection":[{"href":"https:\/\/gogashop.com\/hr\/wp-json\/wp\/v2\/product"}],"about":[{"href":"https:\/\/gogashop.com\/hr\/wp-json\/wp\/v2\/types\/product"}],"version-history":[{"count":0,"href":"https:\/\/gogashop.com\/hr\/wp-json\/wp\/v2\/product\/12199\/revisions"}],"wp:featuredmedia":[{"embeddable":true,"href":"https:\/\/gogashop.com\/hr\/wp-json\/wp\/v2\/media\/12203"}],"wp:attachment":[{"href":"https:\/\/gogashop.com\/hr\/wp-json\/wp\/v2\/media?parent=12199"}],"wp:term":[{"taxonomy":"product_brand","embeddable":true,"href":"https:\/\/gogashop.com\/hr\/wp-json\/wp\/v2\/product_brand?post=12199"},{"taxonomy":"product_cat","embeddable":true,"href":"https:\/\/gogashop.com\/hr\/wp-json\/wp\/v2\/product_cat?post=12199"},{"taxonomy":"product_tag","embeddable":true,"href":"https:\/\/gogashop.com\/hr\/wp-json\/wp\/v2\/product_tag?post=12199"}],"curies":[{"name":"wp","href":"https:\/\/api.w.org\/{rel}","templated":true}]}}