{"id":12022,"date":"2022-08-15T19:23:11","date_gmt":"2022-08-15T19:23:11","guid":{"rendered":"https:\/\/gogashop.com\/hr\/?post_type=product&#038;p=12022"},"modified":"2023-01-21T11:53:08","modified_gmt":"2023-01-21T11:53:08","slug":"dekorativni-gorski-kristal","status":"publish","type":"product","link":"https:\/\/gogashop.com\/hr\/dekorativni-gorski-kristal\/","title":{"rendered":"Dekorativni Gorski kristal"},"content":{"rendered":"<h3><strong>\u0160to je dekorativni Gorski kristal? <\/strong><\/h3>\n<p>Dekorativni gorski kristal poznat je kao gorski kremen, stjenoviti kvarc ili kvarcni kristal. To je jedan od kristala koji su najzastupljeniji na na\u0161oj planeti te se upravo zbog toga gorski kristali najvi\u0161e koriste.<\/p>\n<p>Gorski kristal mo\u017eete prepoznati po prekrasnoj bijeloj boji koja mo\u017ee biti od prozirno bijele do mlije\u010dno bijele boje. Po kemijskom sastavu gorski kristal je silicijev dioksid.<\/p>\n<h3><strong>Utjecaj dekorativnog Gorskog kristala na ljude i prostor<\/strong><\/h3>\n<p>Dekorativni gorski kristal ne samo da je predivnog izgleda, ve\u0107 \u0107e Va\u0161u svakodnevnicu obojiti \u00a0pozitivom i donijet \u0107e Vam ogromnu koli\u010dinu pozitivne energije i pozitivnih vibracija.<\/p>\n<h3><strong>Kako se i za\u0161to upotrebljava dekorativni Gorski kristal?<\/strong><\/h3>\n<p>Dekorativni Gorski kristal mo\u017eete koristiti kao dekoraciju u svom domu kako biste ulijep\u0161ali va\u0161 \u017eivotni prostor. Gorski kristal mo\u017eete nositi i kao nakit koji \u0107e polije\u0161ati Vas same, a pri tome \u0107e Vas i \u0161tititi.<\/p>\n<p>Dekorativni Gorski kristal ne samo da \u0107e utjecati na uljep\u0161avanje, on \u0107e tako\u0111er utjecati i na promijenu energije u va\u0161oj svakodnevnici.<\/p>\n<p>Ukoliko dekorativni Gorski kristal budete stalno nosili sa sobom u formi nakita, primjetiti \u0107ete promijenu u emocijama i u na\u010dinu kako vibrirate i koju energiju odajte.<\/p>\n<h3><strong>Kako se \u010disti dekorativni Gorski kristal?<\/strong><\/h3>\n<p>Svaki kristal potrebno je s vremena na vrijeme o\u010distiti pa tako i dekorativni gorski kristal. Budu\u0107i da kristali skupljaju negativnu i lo\u0161u energiju svakako ih treba o\u010distiti od nakupljene negativne energije.<\/p>\n<p>Gorski kristal potrebno je o\u010distiti i kada ga prvi puta primite u ruke jer on u sebi ve\u0107 ima neku nakupljenu energiju.<\/p>\n<p>Prvo \u010di\u0161\u0107enje gorskog kristala vrlo je jednostavno, potrebno je kristal staviti u zdjelicu koju je ptrebno napuniti vodom i dodati morsku sol. Gorski kristal treba stajati u toj zdjelici sa solju tjekom 24 sata, a nakon toga trebate va\u0161 dekorativni Gorski kristal isprati pod mlazom teku\u0107e vode.<\/p>\n<p>Svako slijede\u0107e \u010di\u0161\u0107enje gorskog kristala mnogo je jednostavnije, naime sve \u0161to treba u\u010diniti je saviti gorski kristal pod mlaz vode na 5 minuta, a onda ga je potrebno ponovno napuniti. Gorski kristal \u0107e se najbolje napuniti da se stavi najmanje na dva sata na sun\u010devu svjetlost, a najbolje je kamen ostaviti cijeli dan i cijelu no\u0107 vani da se kristal napuni energijom.<\/p>\n<h3><strong>Koju energiju odaje dekorativni Gorski kristal?<\/strong><\/h3>\n<p>Energija koju odaje ovaj kristal svakako je energija snage. Ukoliko je snaga ne\u0161to \u0161to vam nedostaje u va\u0161em svakodnevnom \u017eivotu, preporu\u010damo da nabavite svoj dekorativni Gorski kristal, te da snaga postane sastavni dio va\u0161ega \u017eivota.<\/p>\n<h3><strong>Prednosti dekorativnog Gorskog kristala<\/strong><\/h3>\n<p>Gorski kristal apsorbira negativnu energiju koja se nalazi u prostoru, stoga je gorski kristal odli\u010dna dekoracija u svakom \u017eivotnom prostoru. Kristali djeluju tako da \u0161to su ve\u0107i to ve\u0107u povr\u0161inu negativne energije mogu apsorbrati, stoga je pametno gorski kristal imati u svim prostorijama u kojima najvi\u0161e boravite.<\/p>\n<p>Gorski kristal mo\u017ee se i nositi sa sobom za sre\u0107u te \u0107e Vas na svakom koraku \u010duvati i smanjiti zra\u010denja koja odaju mobiteli i drugi moderni ure\u0111aji dana\u0161njice.<\/p>\n<p>Gorski kristali djeluju na jasno\u0107u misli, poma\u017eu u fokusiranju te u rje\u0161avanju problema. Kristal otklanja negativne misli i poti\u010de pozitivne osije\u0107aje poput ljubavi, sre\u0107e, zadovoljstva i razumijevanja. Gorski kristal poma\u017ee i kod nesanica, a za to je najbolje komadi\u0107 ovog kristala staviti ispod jastuka te se Va\u0161i slatki snovi mogu po\u010deti.<\/p>\n<p>Gorski kristali pozitivno utje\u010du na duhovno stanje te su odli\u010dna prevencija protiv raznih oboljenja. Potrebno je pravilno izabrati oblik kamena i stranu. Prilikom molitve ili meditacije preporu\u010duje se \u0161pic kristala okrenuti prema gore, a kod lije\u010denja blokada \u0161pic kristala treba biti okrenuti prema dolje.<\/p>\n<p>Gorski kristal trebao bi biti u svakom domu jer pro\u010di\u0161\u0107ava energiju, pobolj\u0161ava me\u0111uljudske i sve odnose u obitelji. Gorski kristali su prirodni filter protiv zra\u010denja negativnog stati\u010dkog elektriciteta odnosno za za\u0161titu od zra\u010denja ra\u010dunala, mobitela i drugih elektri\u010dnih ure\u0111aja u ku\u0107anstvu.<\/p>\n","protected":false},"excerpt":{"rendered":"<p>Gorski kristal apsorbira negativnu energiju koja se nalazi u prostoru, stoga je gorski kristal odli\u010dna dekoracija u svakom \u017eivotnom prostoru.<\/p>\n<p>Gorski kristal mo\u017ee se i nositi sa sobom za sre\u0107u te \u0107e Vas na svakom koraku \u010duvati i smanjiti zra\u010denja koja odaju mobiteli i drugi moderni ure\u0111aji dana\u0161njice.<\/p>\n<p>Gorski kristali pozitivno utje\u010du na duhovno stanje te su odli\u010dna prevencija protiv raznih oboljenja.<\/p>\n<p>Gorski kristal trebao bi biti u svakom domu jer pro\u010di\u0161\u0107ava energiju, pobolj\u0161ava me\u0111uljudske i sve odnose u obitelji.<\/p>\n<p>Gorski kristali su prirodni filter protiv zra\u010denja negativnog stati\u010dkog elektriciteta odnosno za za\u0161titu od zra\u010denja ra\u010dunala, mobitela i drugih elektri\u010dnih ure\u0111aja u ku\u0107anstvu.<\/p>\n<p><strong>Veli\u010dia kristala:<\/strong> 3-5 cm<\/p>\n<p><strong>Paket sadr\u017ei:<\/strong> 1 x Dekorativni Gorski kristal<\/p>\n<p>&nbsp;<\/p>\n","protected":false},"featured_media":12023,"template":"","meta":[],"product_brand":[],"product_cat":[878],"product_tag":[1042,1043],"class_list":{"0":"post-12022","1":"product","2":"type-product","3":"status-publish","4":"has-post-thumbnail","6":"product_cat-kristali","7":"product_tag-dekorativni-gorski-kristal","8":"product_tag-gorski-kristal","10":"first","11":"instock","12":"taxable","13":"shipping-taxable","14":"purchasable","15":"product-type-simple"},"_links":{"self":[{"href":"https:\/\/gogashop.com\/hr\/wp-json\/wp\/v2\/product\/12022","targetHints":{"allow":["GET"]}}],"collection":[{"href":"https:\/\/gogashop.com\/hr\/wp-json\/wp\/v2\/product"}],"about":[{"href":"https:\/\/gogashop.com\/hr\/wp-json\/wp\/v2\/types\/product"}],"version-history":[{"count":0,"href":"https:\/\/gogashop.com\/hr\/wp-json\/wp\/v2\/product\/12022\/revisions"}],"wp:featuredmedia":[{"embeddable":true,"href":"https:\/\/gogashop.com\/hr\/wp-json\/wp\/v2\/media\/12023"}],"wp:attachment":[{"href":"https:\/\/gogashop.com\/hr\/wp-json\/wp\/v2\/media?parent=12022"}],"wp:term":[{"taxonomy":"product_brand","embeddable":true,"href":"https:\/\/gogashop.com\/hr\/wp-json\/wp\/v2\/product_brand?post=12022"},{"taxonomy":"product_cat","embeddable":true,"href":"https:\/\/gogashop.com\/hr\/wp-json\/wp\/v2\/product_cat?post=12022"},{"taxonomy":"product_tag","embeddable":true,"href":"https:\/\/gogashop.com\/hr\/wp-json\/wp\/v2\/product_tag?post=12022"}],"curies":[{"name":"wp","href":"https:\/\/api.w.org\/{rel}","templated":true}]}}