{"id":11988,"date":"2022-08-06T19:49:44","date_gmt":"2022-08-06T19:49:44","guid":{"rendered":"https:\/\/gogashop.com\/hr\/?post_type=product&#038;p=11988"},"modified":"2023-01-21T11:53:08","modified_gmt":"2023-01-21T11:53:08","slug":"kristal-sodalit","status":"publish","type":"product","link":"https:\/\/gogashop.com\/hr\/kristal-sodalit\/","title":{"rendered":"Kristal Sodalit"},"content":{"rendered":"<h2><b>\u0160to je kristal Sodalit?\u00a0<\/b><\/h2>\n<p><span style=\"font-weight: 400;\">Sodalit kristal je kristal \u010dije su mo\u0107i ljudi koristili jo\u0161 u anti\u010dkoj Gr\u010dkoj. Naime, drevni grci vjerovali su da upravo ovaj kristal mo\u017ee biti koristan za pospje\u0161ivanje kreativnosti i inspiracije, a u me\u0111uvremenu, otkrivene su i dodatne prednosti kori\u0161tenja ovoga kristala. Sodalit dolazi u razli\u010ditim nijansama plave boje, a na sebi mo\u017ee imati i bijele linije i to\u010dke.\u00a0<\/span><\/p>\n<h2><b>Utjecaj kristala Sodalita na ljude i prostor<\/b><\/h2>\n<p><b><i>Kristal Sodalit<\/i><\/b><span style=\"font-weight: 400;\"> ne samo da \u0107e u vama probuditi i poja\u010dati mentalne kapacitete, ve\u0107 \u0107e vam slu\u017eiti i kao za\u0161tita od udara negativne energije, ali i \u0161tetnih zra\u010denja.\u00a0<\/span><\/p>\n<h2><b>Kako se i za\u0161to upotrebljava kristal Sodalit?<\/b><\/h2>\n<p><b><i>Kristal Sodalit<\/i><\/b><span style=\"font-weight: 400;\"> posebno bi trebali koristiti ljudi koji su osetljivi na negativna zra\u010denja kojima smo svakodnevno izlo\u017eeni \u017eive\u0107i u svijetu prepunom tehnologije. Dakle, ljudi koji \u010desto koriste mobitel, ra\u010dunalo i druge tehnologije trebali bi sa sobom imati primjerak Sodalita kako bi sve te vanjske negativne utjecaje blokirali ili barem sveli na minimum. Dakle, svoj primjerak kristala Sodalita trebali biste dr\u017eati blizu sebe ili u svom domu, posebno pored mjesta kao \u0161to su televizor, mobitel i sli\u010dno.\u00a0<\/span><\/p>\n<h2><b>Kako se \u010disti kristal Sodalit?<\/b><\/h2>\n<p><b><i>Kristal Sodalit <\/i><\/b><span style=\"font-weight: 400;\">\u00a0jedan je od kristala koji jako brzo prikuplja negativnu energiju i negativno zra\u010denje i upravo zbog toga, trebalo bi ga \u010distiti svakodnevno. Njegovo \u010di\u0161\u0107enje je vrlo jednostavno, sve \u0161to trebate je isprati ga pod mlazom mlake vode, a nakon toga prosu\u0161iti u suhoj i \u010distoj krpi.\u00a0<\/span><\/p>\n<h2><b>Koju energiju odaje kristal Sodalit?<\/b><\/h2>\n<p><span style=\"font-weight: 400;\">Mogli bismo re\u0107i da je energija kristala Sodalita zapravo iscjeljiteljska energija. Ovaj \u0107e vam kristal pomo\u0107i iscijeliti sve aspekte va\u0161ega bi\u0107a- va\u0161e tijelo, va\u0161 um i va\u0161 duh.\u00a0<\/span><\/p>\n<h2><b>Prednosti kristala Sodalita\u00a0<\/b><\/h2>\n<p><span style=\"font-weight: 400;\">Kori\u0161tenjem ovoga kristala dobijamo jednu svojevrsnu za\u0161titu od svih negativnih zra\u010denja s kojima se susre\u0107emo tjekom dana. Ovaj kristal ima mo\u0107 da upije negativna zra\u010denja, ne dozvoljavaju\u0107i im da ostave negativan utjecaj na nas.\u00a0<\/span><\/p>\n<p><b><i>Kristal Sodalit <\/i><\/b><span style=\"font-weight: 400;\">ima sposobnost da \u010disti sva negativna zra\u010denja i sve negativne vibracije koje su jako \u0161tetne. On te negativne vibracije \u201chvata\u201d i negativnu energiju transformira u pozitivnu. Ovaj kristal ima i mo\u0107 da spaja na\u0161u logiku sa na\u0161om intuicijom i samim time, poti\u010de i na\u0161u racionalnost i na\u0161u kreativnost. <\/span><\/p>\n<p><b><i>Kristal Sodalit<\/i><\/b><span style=\"font-weight: 400;\"> \u0161iri na\u0161 um i na\u0161e umne kapacitete, poma\u017ee nam\u00a0 da budemo bolji u dono\u0161enju odluka i razumjevanju okolnosti u kojima se na\u0111emo. Kada je u pitanju dio na\u0161ega \u017eivota koji se odnosi na nekakav oblik suradnje s drugim ljudima, Sodalit je i tu koristan jer doprinosi harmoniji, boljem razumjevanju me\u0111u ljudima, i ve\u0107oj solidarnosti. <\/span><\/p>\n<p><span style=\"font-weight: 400;\">Tako\u0111er, ovaj je kristal iznimno koristan za eliminaciju stresa i ostalih negativnih emocija. U zdravstvenom smislu, kori\u0161tenje ovoga kristala pomo\u0107i \u0107e vam dovesti metabolizam u ravnote\u017eu te \u0107e utjecati na pro\u010di\u0161\u0107enje limfnog sustava. Poja\u010davaju\u0107i nivo kalcija u va\u0161em organizmu, utjecat \u0107e na to da se va\u0161 cjelokupni \u017eiv\u010dani sustav dovede na jednu novu raznu. Sodalit tako\u0111er ima tu mo\u0107 da pozitivno utje\u010de na probleme sa grlom. <\/span><\/p>\n","protected":false},"excerpt":{"rendered":"<p><span style=\"font-weight: 400;\"><b><i>Kristal Sodalit<\/i><\/b> probuditi \u0107e i poja\u010dati mentalne kapacitete te\u00a0 \u0107e vam slu\u017eiti i kao za\u0161tita od udara negativne energije, ali i \u0161tetnih zra\u010denja.<\/span><\/p>\n<p>Kristal Sodalit dekorativno je kamenje prekrasne plave boje sam predivnim bijelim nitima te \u0107e se savr\u0161eno uklopiti u Va\u0161 dom, a pritom \u0107e Vas \u010duvati od negativnog zra\u010denja koje nas okru\u017euje.<\/p>\n<p><b><i>Kristal Sodalit<\/i><\/b><span style=\"font-weight: 400;\"> \u0161iri na\u0161 um i na\u0161e umne kapacitete, poma\u017ee nam\u00a0 da budemo bolji u dono\u0161enju odluka i razumjevanju okolnosti u kojima se na\u0111emo.<\/span><\/p>\n<p><strong>Veli\u010dina: 3-4<\/strong>\u00a0cm<\/p>\n<p><strong>Paket sadr\u017ei:<\/strong> 1 x <span style=\"font-weight: 400;\">Kristal Sodalit<\/span><\/p>\n<p>&nbsp;<\/p>\n","protected":false},"featured_media":11989,"template":"","meta":[],"product_brand":[],"product_cat":[878],"product_tag":[1038],"class_list":{"0":"post-11988","1":"product","2":"type-product","3":"status-publish","4":"has-post-thumbnail","6":"product_cat-kristali","7":"product_tag-kristal-sodalit","9":"first","10":"instock","11":"taxable","12":"shipping-taxable","13":"purchasable","14":"product-type-simple"},"_links":{"self":[{"href":"https:\/\/gogashop.com\/hr\/wp-json\/wp\/v2\/product\/11988","targetHints":{"allow":["GET"]}}],"collection":[{"href":"https:\/\/gogashop.com\/hr\/wp-json\/wp\/v2\/product"}],"about":[{"href":"https:\/\/gogashop.com\/hr\/wp-json\/wp\/v2\/types\/product"}],"version-history":[{"count":0,"href":"https:\/\/gogashop.com\/hr\/wp-json\/wp\/v2\/product\/11988\/revisions"}],"wp:featuredmedia":[{"embeddable":true,"href":"https:\/\/gogashop.com\/hr\/wp-json\/wp\/v2\/media\/11989"}],"wp:attachment":[{"href":"https:\/\/gogashop.com\/hr\/wp-json\/wp\/v2\/media?parent=11988"}],"wp:term":[{"taxonomy":"product_brand","embeddable":true,"href":"https:\/\/gogashop.com\/hr\/wp-json\/wp\/v2\/product_brand?post=11988"},{"taxonomy":"product_cat","embeddable":true,"href":"https:\/\/gogashop.com\/hr\/wp-json\/wp\/v2\/product_cat?post=11988"},{"taxonomy":"product_tag","embeddable":true,"href":"https:\/\/gogashop.com\/hr\/wp-json\/wp\/v2\/product_tag?post=11988"}],"curies":[{"name":"wp","href":"https:\/\/api.w.org\/{rel}","templated":true}]}}