{"id":11966,"date":"2022-08-05T18:09:45","date_gmt":"2022-08-05T18:09:45","guid":{"rendered":"https:\/\/gogashop.com\/hr\/?post_type=product&#038;p=11966"},"modified":"2023-01-21T11:53:07","modified_gmt":"2023-01-21T11:53:07","slug":"ahat-geoda-kristal","status":"publish","type":"product","link":"https:\/\/gogashop.com\/hr\/ahat-geoda-kristal\/","title":{"rendered":"Ahat geoda kristal"},"content":{"rendered":"<h2><b>\u0160to je Ahat geoda kristal?\u00a0<\/b><\/h2>\n<p><span style=\"font-weight: 400;\">Ahat geoda kristal je jedna vrsta kamena, ali zbog svog specifi\u010dnog kemijskog sustava, mo\u017ee se svrstati u kristale. <\/span><\/p>\n<p><span style=\"font-weight: 400;\">On pripada grupi kalcedona, kriprokristalnih oblika kristala Kvarca. Ahat geoda kristal je jedan od najstarijih prona\u0111enih kristala.<\/span><\/p>\n<p><span style=\"font-weight: 400;\"> Ono \u0161to je zanimljivo jest da se Ahat geoda kristal koristi od davnina u razne svrhe, no zbog svoje snage, koristi se i danas. Ovaj se kristal mo\u017ee na\u0107i u puno boja, no naj\u010de\u0161\u0107e su mu varijante bijela i sme\u0111a.\u00a0<\/span><\/p>\n<h2><b>Utjecaj Ahat geoda kristal na ljude i prostor<\/b><\/h2>\n<p><span style=\"font-weight: 400;\">Jedno od najstarijih vjerovanja drevnih naroda jest da je Ahat geoda kristal poslan od strane bogova s Olimpa kako bi se ljudima na Zemlji poklonili \u201cdarovi sun\u010deve svjetlosti\u201d. Ovo vjerovanje zapravo opisuje utjecaj i mo\u0107 koju ovaj kristal ima na ljude i prostor. Jo\u0161 se jedna legenda mo\u017ee iskoristiti za razumenvanje snage ovog kristala, a to je vjerovanje starih Egip\u0107ana da upravo Ahat mo\u017ee slu\u017eiti za lije\u010denje svih vrsta bolesti. <\/span><\/p>\n<p>Ahat geoda kristal <span style=\"font-weight: 400;\">u kojem god obl<em><strong>iku da ga posjedujete, utjecati \u0107e na pobolj\u0161anje va\u0161ih intelektualnih kapaciteta,<\/strong> <strong>pobolj\u0161ati \u0107e funkciju va\u0161eg \u017eiv\u010danog sustava, pobolj\u0161ati vam samopouzdanje<\/strong><\/em>\u00a0i utjecati \u0107e na to da se <em><strong>lo\u0161e emocije zamljene dobrima<\/strong><\/em>, a da se <strong><em>negativna energija zamjeni pozitivnom<\/em><\/strong><\/span><span style=\"font-weight: 400;\">.<\/span><\/p>\n<p>Ahat geoda kristal <span style=\"font-weight: 400;\">tako\u0111er ima <strong><em>pozitivan utjecaj na ljude<\/em><\/strong> vezano uz <em><strong>prevenciju upala i infekcija svih vrsta<\/strong><\/em>, vezano uz <strong><em>pobolj\u0161anje \u010dula vida,<\/em><\/strong> a karakteristika Ahata jest i da ostavlja iznimno <em><strong>pozitivan utjecaj na one ljude koji imaju problema sa plodno\u0161\u0107u<\/strong><\/em>. I na mu\u0161karce i na \u017eene koje se bore s problemima vezanim uz produ\u017eetak vrste, kori\u0161tenje Ahat geodnog kristala ostavi\u0107e pozitivan utjecaj.\u00a0<\/span><\/p>\n<h2><b>Kako se i za\u0161to upotrebljava <\/b><b><i>Ahat geoda kristal<\/i><\/b><b>?<\/b><\/h2>\n<p><span style=\"font-weight: 400;\">Ukoliko \u017eelite pozitivan utjecaj <\/span>Ahat geoda kristala <span style=\"font-weight: 400;\">iskoristiti na sebi, dovoljno je da ovaj kristal nosite sa sobom u kojem god obliku, a \u010dak ga mo\u017eete nositi i u obliku nakita. <\/span><\/p>\n<p><span style=\"font-weight: 400;\">Ukoliko \u017eelite pozitivan utjecaj <\/span>Ahat geoda kristal <span style=\"font-weight: 400;\">prenijeti u svoj \u017eivotni prostor, jedino \u0161to trebate u\u010diniti je na\u0107i mu posebno mjesto u va\u0161em prostoru i pustiti ga da emitira pozitivnu energiju.\u00a0<\/span><\/p>\n<h2><b>Kako se \u010disti <\/b><b><i>Ahat geoda kristal<\/i><\/b><b>?<\/b><\/h2>\n<p><span style=\"font-weight: 400;\">Kada \u017eelite pro\u010distiti va\u0161 primjerak Ahat geoda kristala, sve \u0161to trebate u\u010diniti je <strong><em>otvoriti mlaz hladne vode i ostaviti Ahat ispod tog mlaza<\/em><\/strong> hladne vode izme\u0111u tri i pet minuta. Ovaj bi proces trebalo ponavljati svakih sedam dana kako biste bili sigurni da je va\u0161 primjerak Ahat geodnog kristala potpuno \u010dist.\u00a0<\/span><\/p>\n<h2><b>\u00a0Koju energiju odaje Ahat geodni kristal?<\/b><\/h2>\n<p><span style=\"font-weight: 400;\">Energija Ahata <strong><em>opu\u0161taju\u0107a je, relaksiraju\u0107a i smiruju\u0107a.<\/em><\/strong> Upravo ta energija, \u201c<em><strong>obrisati\u201d \u0107e svu negativu, sav nemir, i sve strahove iz va\u0161e svakodnevnice<\/strong><\/em> i dopustiti \u0107e novim, pozitvnim stvarima da u\u0111u u va\u0161 \u017eivot.\u00a0<\/span><\/p>\n<h2><b>Prednosti <\/b><b><i>Ahat geoda kristala<\/i><\/b><\/h2>\n<p><span style=\"font-weight: 400;\">Najve\u0107i benefiti kori\u0161tenja Ahata geoda kristala su <strong><em>oja\u010dano samopuzdanje, emotivna stabilnost i mir.<\/em><\/strong><\/span><\/p>\n<p><span style=\"font-weight: 400;\"> Pozitivne promijene na svim razinama, ne\u0161to je \u0161to \u0107ete svakodnevno iskustiti ukoliko uvedete <\/span>Ahat geoda kristal <span style=\"font-weight: 400;\">u svoj \u017eivot. <\/span><\/p>\n","protected":false},"excerpt":{"rendered":"<p><span style=\"font-weight: 400;\">Ahat geoda kristal je vrsta kamena, ali zbog svog specifi\u010dnog kemijskog sustava, mo\u017ee se svrstati u kristale. On pripada grupi kalcedona, kriprokristalnih oblika kristala Kvarca. <\/span><\/p>\n<p><span style=\"font-weight: 400;\">Ahat geoda kristal je jedan od najstarijih prona\u0111enih kristala, a naj\u010de\u0161\u0107e su mu varijante bijela i sme\u0111a.\u00a0<\/span><\/p>\n<p><span style=\"font-weight: 400;\">Najve\u0107i benefiti kori\u0161tenja Ahata geoda kristala su oja\u010dano samopuzdanje, emotivna stabilnost i mir. Pozitivne promijene na svim razinama, ne\u0161to je \u0161to \u0107ete svakodnevno iskustiti ukoliko uvedete <\/span><b><i>Ahat geoda kristal <\/i><\/b><span style=\"font-weight: 400;\">u svoj \u017eivot.<\/span><\/p>\n<p><span style=\"font-weight: 400;\">Energija Ahata opu\u0161taju\u0107a je, relaksiraju\u0107a i smiruju\u0107a. Upravo ta energija, \u201cobrisati\u201d \u0107e svu negativu, sav nemir, i sve strahove iz va\u0161e svakodnevnice i dopustiti \u0107e novim, pozitvnim stvarima da u\u0111u u va\u0161 \u017eivot.\u00a0<\/span><\/p>\n<p><span style=\"font-weight: 400;\">Najve\u0107i benefiti kori\u0161tenja Ahata geoda kristala su oja\u010dano samopuzdanje, emotivna stabilnost i mir. Pozitivne promijene na svim razinama, ne\u0161to je \u0161to \u0107ete svakodnevno iskustiti ukoliko uvedete <\/span><b><i>Ahat geoda kristal <\/i><\/b><span style=\"font-weight: 400;\">u svoj \u017eivot.<\/span><\/p>\n<p>Ahat geoda kristal potje\u010de iz Brazila i svaki je kristal jedinstven, stoga ne \u010dekajte i odaberite prvi kristal koji Vam padne u oko jer Kristali odabiru Vas svojom ljepotom.<\/p>\n<p>Veli\u010dina: 6 &#8211; 8 cm<\/p>\n<p><strong>Paket sadr\u017ei:<\/strong><\/p>\n<p>1 x Ahat geoda kristal<\/p>\n<p>&nbsp;<\/p>\n","protected":false},"featured_media":12190,"template":"","meta":[],"product_brand":[],"product_cat":[878],"product_tag":[1033],"class_list":{"0":"post-11966","1":"product","2":"type-product","3":"status-publish","4":"has-post-thumbnail","6":"product_cat-kristali","7":"product_tag-ahat-geoda-kristal","9":"first","10":"instock","11":"taxable","12":"shipping-taxable","13":"purchasable","14":"product-type-simple"},"_links":{"self":[{"href":"https:\/\/gogashop.com\/hr\/wp-json\/wp\/v2\/product\/11966","targetHints":{"allow":["GET"]}}],"collection":[{"href":"https:\/\/gogashop.com\/hr\/wp-json\/wp\/v2\/product"}],"about":[{"href":"https:\/\/gogashop.com\/hr\/wp-json\/wp\/v2\/types\/product"}],"version-history":[{"count":0,"href":"https:\/\/gogashop.com\/hr\/wp-json\/wp\/v2\/product\/11966\/revisions"}],"wp:featuredmedia":[{"embeddable":true,"href":"https:\/\/gogashop.com\/hr\/wp-json\/wp\/v2\/media\/12190"}],"wp:attachment":[{"href":"https:\/\/gogashop.com\/hr\/wp-json\/wp\/v2\/media?parent=11966"}],"wp:term":[{"taxonomy":"product_brand","embeddable":true,"href":"https:\/\/gogashop.com\/hr\/wp-json\/wp\/v2\/product_brand?post=11966"},{"taxonomy":"product_cat","embeddable":true,"href":"https:\/\/gogashop.com\/hr\/wp-json\/wp\/v2\/product_cat?post=11966"},{"taxonomy":"product_tag","embeddable":true,"href":"https:\/\/gogashop.com\/hr\/wp-json\/wp\/v2\/product_tag?post=11966"}],"curies":[{"name":"wp","href":"https:\/\/api.w.org\/{rel}","templated":true}]}}