{"id":10640,"date":"2022-04-02T10:34:36","date_gmt":"2022-04-02T10:34:36","guid":{"rendered":"https:\/\/gogashop.com\/hr\/?post_type=product&#038;p=10640"},"modified":"2024-06-04T23:43:06","modified_gmt":"2024-06-04T23:43:06","slug":"naljepnica-za-auto-la-vita-i-bella","status":"publish","type":"product","link":"https:\/\/gogashop.com\/hr\/naljepnica-za-auto-la-vita-i-bella\/","title":{"rendered":"Naljepnica za auto La Vita i Bella"},"content":{"rendered":"","protected":false},"excerpt":{"rendered":"<p>Naljepnica za auto La Vita i Bella odli\u010dna je naljepnica za svaki auto.<\/p>\n<p>Ova naljepnica za auto La Vita i Bella pomno je i elegantno grafi\u010dko oblikovana te \u0107e zasigurno polijep\u0161ati svaki auto.<\/p>\n<p>Naljepnicu za auto La Vita i Bella vlasnici automobila obo\u017eavaju stavljati na prednji dio auta tako da je uvijek vidljiva sa svih strana.<\/p>\n<p>\u0160irite pozitivnu energiju i pozitivno razmi\u0161ljanje na sve strane i neka Vam Va\u0161 limeni ljubimac pomogne u tome sa ovom predivnom naljepnicom za auto La Vita i Bella.<\/p>\n<p><strong>Specifikacije:<\/strong><\/p>\n<ul>\n<li>Gogashop izra\u0111uje naljepnice iz priznate ORACLE folije za automobile koja ne o\u0161te\u0107uje, ve\u0107 \u0161titi boju na va\u0161em automobilu.<\/li>\n<li>izuzetno lijepe grafi\u010dne pripreme i motivi proizlaze iz kreativnosti na\u0161ega grafi\u010dnog dizajnera<\/li>\n<li>Naljepnica za auto dolazi u pakiranju za jednostavno i zabavno postavljanje\u00a0 na auto<\/li>\n<\/ul>\n<p><strong>V paketu dobite:<\/strong><\/p>\n<ul>\n<li>1x Naljepnica za auto La Vita i Bella<\/li>\n<\/ul>\n","protected":false},"featured_media":10639,"template":"","meta":[],"product_brand":[],"product_cat":[374,1119],"product_tag":[953,376],"class_list":{"0":"post-10640","1":"product","2":"type-product","3":"status-publish","4":"has-post-thumbnail","6":"product_cat-naljepnice-za-auto","7":"product_cat-natpisi-i-citati","8":"product_tag-la-vita-i-bella","9":"product_tag-naljepnica-za-auto","11":"first","12":"instock","13":"taxable","14":"shipping-taxable","15":"purchasable","16":"product-type-variable"},"_links":{"self":[{"href":"https:\/\/gogashop.com\/hr\/wp-json\/wp\/v2\/product\/10640","targetHints":{"allow":["GET"]}}],"collection":[{"href":"https:\/\/gogashop.com\/hr\/wp-json\/wp\/v2\/product"}],"about":[{"href":"https:\/\/gogashop.com\/hr\/wp-json\/wp\/v2\/types\/product"}],"version-history":[{"count":0,"href":"https:\/\/gogashop.com\/hr\/wp-json\/wp\/v2\/product\/10640\/revisions"}],"wp:featuredmedia":[{"embeddable":true,"href":"https:\/\/gogashop.com\/hr\/wp-json\/wp\/v2\/media\/10639"}],"wp:attachment":[{"href":"https:\/\/gogashop.com\/hr\/wp-json\/wp\/v2\/media?parent=10640"}],"wp:term":[{"taxonomy":"product_brand","embeddable":true,"href":"https:\/\/gogashop.com\/hr\/wp-json\/wp\/v2\/product_brand?post=10640"},{"taxonomy":"product_cat","embeddable":true,"href":"https:\/\/gogashop.com\/hr\/wp-json\/wp\/v2\/product_cat?post=10640"},{"taxonomy":"product_tag","embeddable":true,"href":"https:\/\/gogashop.com\/hr\/wp-json\/wp\/v2\/product_tag?post=10640"}],"curies":[{"name":"wp","href":"https:\/\/api.w.org\/{rel}","templated":true}]}}