{"id":10214,"date":"2021-12-06T19:10:32","date_gmt":"2021-12-06T19:10:32","guid":{"rendered":"https:\/\/gogashop.com\/hr\/?post_type=product&#038;p=10214"},"modified":"2024-01-30T11:18:17","modified_gmt":"2024-01-30T11:18:17","slug":"kristal-pirit","status":"publish","type":"product","link":"https:\/\/gogashop.com\/hr\/kristal-pirit\/","title":{"rendered":"Kristal Pirit"},"content":{"rendered":"<p><b>\u0160to je gvozdeni kristal Pirit?\u00a0<\/b><\/p>\n<p><span style=\"font-weight: 400;\">Kristal Pirit zapravo je kristal koji vam mo\u017ee slu\u017eiti kaovrsta energetskog \u0161tita, odnosno, za\u0161tite od napadaja negativne energije, ali i na va\u0161 \u017eivotni prostor.\u00a0 Kristal Pirit mo\u017ee biti razli\u010ditih boja, no naj\u010de\u0161\u0107e se mo\u017ee vidjeti u zlatkastoj ili sivoj boji, sa srebrnim odsjajem.\u00a0 <\/span><\/p>\n<p><span style=\"font-weight: 400;\">Budu\u0107i da je u pitanju iznimno jak kristal, on vam mo\u017ee poslu\u017eiti ne samo kao za\u0161tita od negativne energije ve\u0107 i kao alat za privla\u010denje pozitivne energije, a samim time i pozitivnih iskustava u va\u0161 \u017eivot.<\/span><\/p>\n<p><b>Utjecaj kristala Pirita na ljude i prostor<\/b><\/p>\n<p><span style=\"font-weight: 400;\">Kristal Pirit, ukoliko se odlu\u010dite koristiti ga, pona\u0161ati \u0107e se kao svojevrsni blokator negativne energije, i u odnosu na vas same, ali i u odnosu na prostor u kojem provodite puno vrijemena. Ovaj \u0107e kristal zabraniti svim vrstama \u201czaga\u0111enja\u201d da napadnu va\u0161u svakodnevicu.<\/span><\/p>\n<p><b>Kako se i za\u0161to upotrebljava kristal Pirit?<\/b><\/p>\n<p><span style=\"font-weight: 400;\">Dva su na\u010dina kako ovaj kristal mo\u017eete koristiti. Ukoliko \u017eelite utjecati na energiju va\u0161ega doma, bilo bi dobro Pirit staviti na vidno mjesto. To mo\u017ee biti polica u sobi, mo\u017eete ga pozicionirati na va\u0161 radni stol, i sli\u010dno. <\/span><\/p>\n<p><span style=\"font-weight: 400;\">Ukoliko \u017eelite u vama samima poja\u010dati potencijal i pozitivnu energiju, mo\u017eete ga stalno nositi sa sobom.\u00a0 Preporu\u010da se ovak kristal Pirit nositi kao ogrlicu, kako bi vam bio blizu grla i srca, a isto tako preporu\u010da se dr\u017eati ga pod jastukom kako biste njegovu energiju apsorbirali tijekom no\u0107i.<\/span><\/p>\n<p><b>Kako se \u010disti kristal Pirit?<\/b><\/p>\n<p><span style=\"font-weight: 400;\">Kristal Pirit, iznimno je specifi\u010dan kristal te zahtjeva specifi\u010dno \u010di\u0161\u0107enje. Ovaj kristal \u010disti se tako \u0161to se stavi u malu zdjelu sa kamen\u010di\u0107ima hematita, no ovaj se proces ne obavlja previ\u0161e \u010desto. Dovoljno je pro\u010distiti ga jednom u mjesec dana. <\/span><\/p>\n<p><span style=\"font-weight: 400;\">Punjenje kristala Pirit mo\u017ee se obaviti na dva na\u010dina odnosno sa gorskim kristalima ili tako \u0161to \u0107ete ga direktno izlo\u017eiti sun\u010devoj svjetlosti, izbor je va\u0161. Punjenje tako\u0111er nije potrebno obavljati previ\u0161e \u010desto,\u00a0 sasvim je dovoljno jednom mjese\u010dno.\u00a0<\/span><\/p>\n<p><b>Koju energiju odaje kristal Pirit?<\/b><\/p>\n<p><span style=\"font-weight: 400;\">Kristal Pirit daje iznimno jaku pozitivnu energiju, a benefitit koji iz toga nastaju su mnogobrojni. <\/span><\/p>\n<p><b>Prednosti kristala Pirit<\/b><\/p>\n<p><span style=\"font-weight: 400;\">Kristal Pirit ima posebno jak utjecaj na mentalne kapacitete \u010dovjeka. Utje\u010de na pobolj\u0161anje koncentracije te se samim time preporu\u010da prilikom obavljanja mentalnih aktivnosti odnosno kod dono\u0161enja velikih odluka te kreiranja velikih planova. <\/span><\/p>\n<p><span style=\"font-weight: 400;\">Kristal Pirit poti\u010de kreativnost, ideje, i poma\u017ee vam da sagledate \u201c\u0161iru sliku\u201d. Poja\u010davaju\u0107i vam mentalne sposobnosti, poja\u010dava vam tako\u0111er i memoriju, odnosno sposobnost pam\u0107enja. Tako\u0111e, utje\u010de na eliminaciju strahova, anksioznosti, osje\u0107aja ni\u017ee vrijednosti, i neosnovane sumnje u sebe. <\/span><\/p>\n<p><span style=\"font-weight: 400;\">Kristal Pirit poma\u017ee i u podizanju samosvjesnosti i samopouzdanja. Tako\u0111er, \u017eenama poma\u017ee da se oslobode osje\u0107aja ni\u017ee vrijednosti u odnosu na mu\u0161karce, podi\u017eu\u0107i im samosvijest, a na inferiorne mu\u0161karce utje\u010de na isti na\u010din odnosno poma\u017ee im da svoje samopouzdanje dignu na jednu vi\u0161u razinu.<\/span><\/p>\n<p><span style=\"font-weight: 400;\"> Energetski promatrano, kristal Pirit pomo\u0107i \u0107e <\/span><span style=\"font-weight: 400;\">da se rije\u0161ite nagomilane negativne energije i da se oslobodite energetskih blokada te \u0107e samom time omogu\u0107iti i\u00a0 dotok pozitivne energije.<\/span><\/p>\n<p><span style=\"font-weight: 400;\"> Vezano uz zdravstvene tegobe, kori\u0161tenje ovog kristala Pirit savjetuje se ljudima koji imaju problema s venama, upravo zato \u0161to Pirit omogu\u0107ava idelanu opskrbu krvi kiseonikom.\u00a0<\/span><\/p>\n","protected":false},"excerpt":{"rendered":"<p><span style=\"font-weight: 400;\">Kristal Pirit je kristal koji vam mo\u017ee slu\u017eiti kao vrsta energetskog \u0161tita, odnosno, za\u0161tite od napadaja negativne energije, ali i na va\u0161 \u017eivotni prostor.\u00a0 <\/span><\/p>\n<p><span style=\"font-weight: 400;\">Kristal Pirit mo\u017ee biti razli\u010ditih boja, no naj\u010de\u0161\u0107e se mo\u017ee vidjeti u zlatkastoj ili sivoj boji, sa srebrnim odsjajem.\u00a0<\/span><\/p>\n<p><span style=\"font-weight: 400;\">Kristal Pirit ima posebno jak utjecaj na mentalne kapacitete \u010dovjeka. Utje\u010de na pobolj\u0161anje koncentracije te se samim time preporu\u010da prilikom obavljanja mentalnih aktivnosti odnosno kod dono\u0161enja velikih odluka te kreiranja velikih planova.<\/span><\/p>\n<p>Pirit stvara odli\u010dan energetski \u0161tit, ne dopu\u0161ta prodor negativne energije, odbija zlo i opasnost.<\/p>\n<p>Privucite i Vi pozitivnu energiju sebi te nosite svugdje ova kristal Pirit.<\/p>\n","protected":false},"featured_media":10243,"template":"","meta":[],"product_brand":[],"product_cat":[878],"product_tag":[],"class_list":{"0":"post-10214","1":"product","2":"type-product","3":"status-publish","4":"has-post-thumbnail","6":"product_cat-kristali","8":"first","9":"instock","10":"taxable","11":"shipping-taxable","12":"purchasable","13":"product-type-simple"},"_links":{"self":[{"href":"https:\/\/gogashop.com\/hr\/wp-json\/wp\/v2\/product\/10214","targetHints":{"allow":["GET"]}}],"collection":[{"href":"https:\/\/gogashop.com\/hr\/wp-json\/wp\/v2\/product"}],"about":[{"href":"https:\/\/gogashop.com\/hr\/wp-json\/wp\/v2\/types\/product"}],"version-history":[{"count":0,"href":"https:\/\/gogashop.com\/hr\/wp-json\/wp\/v2\/product\/10214\/revisions"}],"wp:featuredmedia":[{"embeddable":true,"href":"https:\/\/gogashop.com\/hr\/wp-json\/wp\/v2\/media\/10243"}],"wp:attachment":[{"href":"https:\/\/gogashop.com\/hr\/wp-json\/wp\/v2\/media?parent=10214"}],"wp:term":[{"taxonomy":"product_brand","embeddable":true,"href":"https:\/\/gogashop.com\/hr\/wp-json\/wp\/v2\/product_brand?post=10214"},{"taxonomy":"product_cat","embeddable":true,"href":"https:\/\/gogashop.com\/hr\/wp-json\/wp\/v2\/product_cat?post=10214"},{"taxonomy":"product_tag","embeddable":true,"href":"https:\/\/gogashop.com\/hr\/wp-json\/wp\/v2\/product_tag?post=10214"}],"curies":[{"name":"wp","href":"https:\/\/api.w.org\/{rel}","templated":true}]}}