{"id":10179,"date":"2021-12-06T14:23:00","date_gmt":"2021-12-06T14:23:00","guid":{"rendered":"https:\/\/gogashop.com\/hr\/?post_type=product&#038;p=10179"},"modified":"2024-11-21T19:08:56","modified_gmt":"2024-11-21T19:08:56","slug":"gorski-kristal-kvarc","status":"publish","type":"product","link":"https:\/\/gogashop.com\/hr\/gorski-kristal-kvarc\/","title":{"rendered":"Gorski kristal Kvarc"},"content":{"rendered":"<h2><strong>\u0160to je Gorski kristal Kvarc? <\/strong><\/h2>\n<p>Gorski kristal, poznatiji i kao Kvarc, jedan je od kristala s najve\u0107om energijom. Ono \u0161to ga karakterizira dakako je njegov izgled. Njegov je sjaj staklen, dok mu boja mo\u017ee varirati- od bezbojne do mlije\u010dno bijele.<\/p>\n<h2><strong>Utjecaj gorskog kristala na ljude i prostor<\/strong><\/h2>\n<p>Kao \u0161to smo malo prije rekli, Gorski kristal Kvarc smatra kristalom sa iznimno velikom koli\u010dinom energije. Kada primite ovaj kristal u ruke, budite sigurni da \u0107e se i va\u0161a osobna energija promijeniti.<\/p>\n<p>Naime, Gorski kristal Kvarc utjecat \u0107e na to da se energetske blokade unutar va\u0161eg uma i tijela otklone, i da vi sami, i va\u0161 cijelokupni organizam, poprimite jednu novu dozu svije\u017ee, pozitivne energije.<\/p>\n<p>Moramo tako\u0111er napomenuti da se ovaj Gorski kristal Kvarc mo\u017ee koristiti ne samo za \u010di\u0161\u0107enje energije \u010dovjeka, ve\u0107 i za \u010di\u0161\u0107enje energije prostora. Ukoliko \u017eelite pro\u010distiti svoj prostor od negativne energije, dovoljno je samo posjedovati ovaj kristal i na\u0107i mu posebno mjesto u domu.<\/p>\n<h2><strong>Kako se i za\u0161to upotrebljava Gorski kristal Kvarc?<\/strong><\/h2>\n<p>Kada god osjetite zastoj energije, kada osjetite lo\u0161u energiju, lo\u0161e misli, jednostavno- kada se osje\u0107ate lo\u0161e, budite slobodni primiti upravo ovaj kristal u va\u0161e dlanove. Tako\u0111er, upotreba ovoga kristala preporu\u010da se ljudima koji imaju te\u0161ko\u0107a sa postizanjem \u017eeljene koncentracije, i op\u0107enito sa pam\u0107enjem.<\/p>\n<p>Ovaj se kristal upotrebljava i u rije\u0161avanju mnogih zdravstvenih problema. Odli\u010dan je, jer ima mo\u0107 iscjelivanja, ma sa kakvim zdravstvenim problemom da se osoba nosi. To je zato jer utje\u010de tako da zapravo regulira celokupni imunolo\u0161ki sistem i zapravo vra\u0107a tijelo u balans.<\/p>\n<p>Gorski kristal Kvarc mo\u017eemo promatrati kao svojevrsni \u010dista\u010d tijela, uma, duha i prostora. On \u0107e svojom energijom pro\u010distiti vas, va\u0161e tijelo, va\u0161e organe, va\u0161 um, ali i prostor u kojem boravite.<\/p>\n<p>vaj kamen se \u010desto koristi u kristaloterapiji i meditaciji, te se vjeruje da poma\u017ee u smanjenju stresa, tjeskobe i negativnih emocija. Tako\u0111er se smatra da poma\u017ee u ja\u010danju imunolo\u0161kog sustava i pobolj\u0161anju op\u0107eg zdravlja i blagostanja.<\/p>\n<p>Gorski kristal kvarc je tako\u0111er popularan u svijetu nakita. Kao \u0161to smo spomenuli, mo\u017ee se prona\u0107i u obliku nau\u0161nica, ogrlica ili narukvica. Ovaj kamen je elegantan i jednostavan, pa se mo\u017ee nositi u svakoj prilici i uz svaku odjevnu kombinaciju.<\/p>\n<p>Ukrasni komadi od Gorski kristal kvarca su \u010desto tra\u017eeni zbog svoje prirodne ljepote i terapeutskih svojstava, te se \u010desto koriste kao pokloni za prijatelje i voljene osobe. Bez obzira tra\u017eite li ukrasni predmet ili kamen s terapeutskim potencijalom, Gorski kristal kvarc je prekrasan i koristan dodatak va\u0161em \u017eivotu.<\/p>\n<h2><strong>Kako se \u010disti Gorski kristal Kvarc?<\/strong><\/h2>\n<p>Znate da kada god ne\u0161to koristite dugo vremena, to ne\u0161to se zna zaprljati. Vjerovali ili ne, i ovaj se kristal zbog \u010destog kori\u0161tenja zna zaprljati i ukoliko ga ne o\u010distite na pravi na\u010din, njegova \u0107e se mo\u0107 umanjiti.<\/p>\n<p>Stoga, kada zavr\u0161ite sa kori\u0161tenjem ovog kristala, pustite mlaku vodu, i operite va\u0161 kristal pod tim mlazom mlake vode. Nakon toga, kako biste ga ponovo napunili energijom, izlo\u017eite ga suncu i dopustite mu da se napuni.<\/p>\n<p>Gorski kristal kvarc je prirodni kamen koji se vrlo jednostavno i nje\u017eno \u010disti kako bi se o\u010duvala njegova prirodna ljepota i terapeutski potencijal. Evo nekoliko na\u010dina:<\/p>\n<ol>\n<li>Voda i blaga sapunica: Uzmite nje\u017enu sapunicu i toplu vodu. Gorski kristal kvarc dr\u017eite pod mlazom vode i sapunicom, i nje\u017eno ga trljajte rukom. Nakon ispiranja pod teku\u0107om vodom, dobro ga obri\u0161ite mekom krpom.<\/li>\n<li>Suha krpa: Gorski kristal kvarc se mo\u017ee o\u010distiti i suhom krpom. Uzmite suhu mekanu krpu i pa\u017eljivo obri\u0161ite kristal dok ne izgleda \u010disto.<\/li>\n<li>Rijeka ili more: Ako imate mogu\u0107nost, Gorski kristal kvarc mo\u017eete o\u010distiti i prirodnim na\u010dinom, odnosno uroniti ga u rijeku ili more i isprati ga pod mlazom teku\u0107e vode. Nakon toga ga dobro osu\u0161ite mekom krpom.<\/li>\n<\/ol>\n<p>Va\u017eno je napomenuti da ne bi trebali koristiti nikakve abrazivne materijale ili kemijske proizvode za \u010di\u0161\u0107enje Gorskog kristala kvarca, jer bi se time mogao o\u0161tetiti kamen ili izgubiti njegov sjaj. Tako\u0111er ga treba \u010duvati na suhom i za\u0161ti\u0107enom mjestu, kako bi se izbjegla o\u0161te\u0107enja ili ogrebotine. Ako ga \u010desto koristite za meditaciju ili terapeutsko lije\u010denje, preporu\u010duje se da ga redovito \u010distite kako bi se odr\u017eao njegov terapeutski potencijal.<\/p>\n<h2><strong>Koju energiju odaje Gorski kristal Kvarc?<\/strong><\/h2>\n<p>Budu\u0107i da se ovaj kristal puni na energiji Sunca, upravo \u0107e tu energiju emitirati i na vas i na va\u0161 prostor. Uz njega, i vi se mo\u017eete tom istom energijom napuniti.<\/p>\n<div class=\"group w-full text-gray-800 dark:text-gray-100 border-b border-black\/10 dark:border-gray-900\/50 bg-gray-50 dark:bg-[#444654]\">\n<div class=\"text-base gap-4 md:gap-6 md:max-w-2xl lg:max-w-2xl xl:max-w-3xl p-4 md:py-6 flex lg:px-0 m-auto\">\n<div class=\"relative flex w-[calc(100%-50px)] flex-col gap-1 md:gap-3 lg:w-[calc(100%-115px)]\">\n<div class=\"flex flex-grow flex-col gap-3\">\n<div class=\"min-h-[20px] flex flex-col items-start gap-4 whitespace-pre-wrap\">\n<div class=\"markdown prose w-full break-words dark:prose-invert light\">\n<p>Gorski kristal kvarc poznat je kao &#8220;kralj svih kristala&#8221; zbog svoje sna\u017ene i visoko vibracijske energije. Ovaj kristal se \u010desto koristi u kristaloterapiji i meditaciji, jer se vjeruje da ima mo\u0107na terapeutska svojstva.<\/p>\n<p>Gorski kristal kvarc odaje vrlo \u010distu, jasnu i sna\u017enu energiju, koja je u stanju pro\u010distiti i pobolj\u0161ati energetsko polje osobe. Smatra se da ovaj kristal djeluje na sve energetske centre u tijelu i poma\u017ee u balansiranju energetskog polja. Gorski kristal kvarc tako\u0111er mo\u017ee pomo\u0107i u otklanjanju blokada u energetskom polju, pobolj\u0161anju raspolo\u017eenja i pove\u0107anju kreativnosti i fokusa.<\/p>\n<p>Osim toga, Gorski kristal kvarc je poznat i po svojoj sposobnosti da poja\u010da energiju drugih kristala. Mo\u017ee se koristiti zajedno s drugim kristalima kako bi se poja\u010dala njihova terapeutska svojstva.<\/p>\n<p>Gorski kristal kvarc tako\u0111er se smatra kamenom jasno\u0107e i fokusa, te se vjeruje da poma\u017ee u razvijanju intuicije i koncentracije. Mo\u017ee pomo\u0107i u pove\u0107anju svijesti o sebi i svojoj okolini, te donijeti jasno\u0107u u misli i djelovanje.<\/p>\n<p>Ukratko, Gorski kristal kvarc odaje visoko vibracijsku i \u010distu energiju, koja mo\u017ee pomo\u0107i u balansiranju energetskog polja, pobolj\u0161anju raspolo\u017eenja i koncentraciji, te poja\u010dati energiju drugih kristala.<\/p>\n<\/div>\n<\/div>\n<\/div>\n<div class=\"flex justify-between\">\n<div class=\"text-gray-400 flex self-end lg:self-center justify-center mt-2 gap-3 md:gap-4 lg:gap-1 lg:absolute lg:top-0 lg:translate-x-full lg:right-0 lg:mt-0 lg:pl-2 visible\"><strong>Prednosti Gorski kristal Kvarc<\/strong><\/div>\n<\/div>\n<\/div>\n<\/div>\n<\/div>\n<p>Najve\u0107i benefit kori\u0161tenja ovog kristala jeste to \u0161to \u0107e vam omogu\u0107iti jedan sveop\u0107i balans. Dakle, ukoliko se odlu\u010dite za kori\u0161tenje ovoga kristala, omogu\u0107iti \u0107ete si balans tijela, duha i uma, ali veliku koli\u010dinu pozitivne energije u va\u0161em \u017eivotnom prostoru.<\/p>\n<p>Za sve one koji se na\u017ealost bore sa nekim zdravstvenim problemom, ovaj kristal mo\u017ee biti od velike pomo\u0107i, budu\u0107i da upotreba upravo ovoga kristala mo\u017ee pomo\u0107i u regeneraciji organizma, odnosno, mo\u017ee vratiti organizam u ono stanje koje je bilo prije nastanka bolesti.<\/p>\n<p>Iznimno je velika mo\u0107 koju Gorski kristal Kvarc nosi, zato bi najmudrije bilo koristiti ga kao preventivu.<\/p>\n<p>&nbsp;<\/p>\n","protected":false},"excerpt":{"rendered":"<p>Gorski kristal, poznatiji i kao Kvarc, jedan je od kristala s najve\u0107om energijom.<\/p>\n<p>Gorski kristal kvarc tako\u0111er se smatra kamenom jasno\u0107e i fokusa, te se vjeruje da poma\u017ee u razvijanju intuicije i koncentracije.<\/p>\n<p>Gorski kristal kvarc odaje vrlo \u010distu, jasnu i sna\u017enu energiju, koja je u stanju pro\u010distiti i pobolj\u0161ati energetsko polje osobe. Smatra se da ovaj kristal djeluje na sve energetske centre u tijelu i poma\u017ee u balansiranju energetskog polja.<\/p>\n<p>Gorski kristal kvarc je prekrasan, prirodni kamen koji se sastoji od kristalne strukture i ima bezbojnu ili blijedo prozirnu boju. Ovaj kamen se nalazi u mnogim dijelovima svijeta i jedan je od naj\u010de\u0161\u0107ih i najrasprostranjenijih kristala na svijetu.<\/p>\n<p>Gorski kristal Kvarc karakterizira njegov izgled, naime njegov je sjaj staklen, dok mu boja mo\u017ee varirati od bezbojne do mlije\u010dno bijele boje.<\/p>\n<p>Gorski kristal kvarc se \u010desto opisuje kao &#8220;kralj svih kristala&#8221; zbog svoje mo\u0107i i terapeutskih svojstava. Smatra se da ovaj kristal djeluje na sve energetske centre u tijelu i poma\u017ee u balansiranju energetskog polja. Gorski kristal kvarc tako\u0111er mo\u017ee pomo\u0107i u otklanjanju blokada u energetskom polju, pobolj\u0161anju raspolo\u017eenja i pove\u0107anju kreativnosti i fokusa.<\/p>\n<p>Gorski kristal Kvarc mo\u017eemo promatrati kao svojevrsni \u010dista\u010d tijela, uma, duha i prostora. On \u0107e svojom energijom pro\u010distiti vas, va\u0161e tijelo, va\u0161e organe, va\u0161 um, ali i prostor u kojem boravite.<\/p>\n<p>Iznimno je velika mo\u0107 koju Gorski kristal Kvarc nosi, zato bi najmudrije bilo koristiti ga kao preventivu.<\/p>\n<p>Dimenzije: 5-7 cm<\/p>\n<p>Paket sadr\u017ei: Gorski kristal Kvarc<\/p>\n","protected":false},"featured_media":12160,"template":"","meta":[],"product_brand":[],"product_cat":[878],"product_tag":[879],"class_list":{"0":"post-10179","1":"product","2":"type-product","3":"status-publish","4":"has-post-thumbnail","6":"product_cat-kristali","7":"product_tag-gorski-kristal-kvarc","9":"first","10":"outofstock","11":"taxable","12":"shipping-taxable","13":"purchasable","14":"product-type-simple"},"_links":{"self":[{"href":"https:\/\/gogashop.com\/hr\/wp-json\/wp\/v2\/product\/10179","targetHints":{"allow":["GET"]}}],"collection":[{"href":"https:\/\/gogashop.com\/hr\/wp-json\/wp\/v2\/product"}],"about":[{"href":"https:\/\/gogashop.com\/hr\/wp-json\/wp\/v2\/types\/product"}],"version-history":[{"count":1,"href":"https:\/\/gogashop.com\/hr\/wp-json\/wp\/v2\/product\/10179\/revisions"}],"predecessor-version":[{"id":16783,"href":"https:\/\/gogashop.com\/hr\/wp-json\/wp\/v2\/product\/10179\/revisions\/16783"}],"wp:featuredmedia":[{"embeddable":true,"href":"https:\/\/gogashop.com\/hr\/wp-json\/wp\/v2\/media\/12160"}],"wp:attachment":[{"href":"https:\/\/gogashop.com\/hr\/wp-json\/wp\/v2\/media?parent=10179"}],"wp:term":[{"taxonomy":"product_brand","embeddable":true,"href":"https:\/\/gogashop.com\/hr\/wp-json\/wp\/v2\/product_brand?post=10179"},{"taxonomy":"product_cat","embeddable":true,"href":"https:\/\/gogashop.com\/hr\/wp-json\/wp\/v2\/product_cat?post=10179"},{"taxonomy":"product_tag","embeddable":true,"href":"https:\/\/gogashop.com\/hr\/wp-json\/wp\/v2\/product_tag?post=10179"}],"curies":[{"name":"wp","href":"https:\/\/api.w.org\/{rel}","templated":true}]}}