{"id":10052,"date":"2021-11-13T12:36:44","date_gmt":"2021-11-13T12:36:44","guid":{"rendered":"https:\/\/gogashop.com\/hr\/?post_type=product&#038;p=10052"},"modified":"2023-01-21T11:52:17","modified_gmt":"2023-01-21T11:52:17","slug":"bijela-kadulja-i-ruta","status":"publish","type":"product","link":"https:\/\/gogashop.com\/hr\/bijela-kadulja-i-ruta\/","title":{"rendered":"Bijela kadulja i ruta"},"content":{"rendered":"<p><span style=\"font-weight: 400;\"><em><strong>Da li ste znali da je gotovo od postanka svijeta poznato koliko veliku mo\u0107 ima kori\u0161tenje razli\u010ditih biljaka?<\/strong><\/em><\/span><\/p>\n<p><span style=\"font-weight: 400;\"> Kada govorimo o mo\u0107i biljaka, ne govorimo samo o njihovim vitaminima i mineralima koji mogu utjecati na pobolj\u0161anje op\u0107eg zdravstvenog stanja \u010dovjeka, niti govorimo o lije\u010denju odre\u0111enih zdravstevnih problema pomo\u0107u biljaka. Nego zapravo \u017eelimo govoriti o biljkama i njihovom kori\u0161tenju u ritualne svrhe za postizanje odre\u0111enih ciljeva.<\/span><\/p>\n<p><em><strong>Za\u0161to se ba\u0161 biljke od davnina koriste u ritualima? \u0160to je to tako karakteristi\u010dno u odre\u0111enim biljkama da je njihova funkcija tjekom provo\u0111enja odre\u0111enih rituala tako jaka?<\/strong><\/em><\/p>\n<p><span style=\"font-weight: 400;\">\u00a0Biljke, kao i sam \u010dovijek imaju svoj organizam. Biljke se ra\u0111aju, provode svoj \u017eivot na odre\u0111eni na\u010din, i nakon toga, kao i kod samog \u010dovjeka, i njihov \u017eivot se gasi. Ali dok su \u017eive, i one, kao i sam \u010dovjek di\u0161u i egzistiraju u ovom svijetu. Biljke nas okru\u017euju, bez njih ni mi ne bismo mogli funkcionirati. Ali, nemaju sve biljke podjednako veliku mo\u0107. Neke su biljke ipak malo mo\u0107nije od ostalih. Posmatraju\u0107i drevne narode, mo\u017eemo vidjeti koje su to biljke koje mogu ostaviti pozitivan utjecaj na nas. Dvije od bezbroj tih biljaka svakako su<em> bijela kadulja i ruta.<\/em><\/span><\/p>\n<p><span style=\"font-weight: 400;\">Pogledamo li u malo dalju povijest, primjetiti \u0107emo bijelu kadulju kao neizostavni dio svakog rituala koji su provodili razli\u010diti drevni narodi. Oni su bijelu kadulju koristili u svojim ceremonijama kako bi svoju okolinu, ali i svoju du\u0161u, pro\u010distili od svih onih zlih sila koje su vjerovali da im stvaraju prepreke u \u017eivotu. Dakle, drevni su narodi bijelu kadulju, odnosno njezin dim, koristili kako bi otjerali negativnu energiju iz svojih \u017eivota, i kako bi se, na nekoj vi\u0161oj razini, povezali sa \u201eonostranim\u201c. Bitno je da su sve to radili ne samo kako bi <em>odstranili negativne posljedice sa svog fizi\u010dkog bi\u0107a, ve\u0107 da bi pro\u010distili sebe i mentalno, emocionalno i spiritualno.<\/em><\/span><\/p>\n<h3>Bijela kadulja i ruta Prednosti<\/h3>\n<p>Pa, bez sumnje mo\u017eemo re\u0107i da ruta ovaj ritual di\u017ee na jednu posve novu razinu. Paljenjem svje\u017enja kombinacije dvije vrste suhog li\u0161\u0107a, dakle, bijele kadulje i rute, ne samo da \u0107e vam pomo\u0107i u energetskom pro\u010di\u0161\u0107enju va\u0161e okoline i va\u0161eg uma, nego \u0107e vam i pomo\u0107i ukoliko se borite sa izazovima poput problema sa nesanicom, stresom, ili anksioznost. Dim koji ispu\u0161ta kombinacija bijele kadulje i rute momentalno \u0107e vas opustiti i relaksirati. Tako da, ukoliko se opredijeliti za kori\u0161tenje upravo ove kombinacije bilja, savjetujemo vam da ovaj ritual obavite upravo pred spavanje, kako biste sebi osigurali miran i opu\u0161taju\u0107i san. Ritual mo\u017eete ponoviti kad god osjetite pad va\u0161e energije, i kada god osjetite kakvu lo\u0161u emociju koja vam ne da mira.<\/p>\n<p>&nbsp;<\/p>\n<p>&nbsp;<\/p>\n<p>&nbsp;<\/p>\n","protected":false},"excerpt":{"rendered":"<p><span style=\"font-weight: 400;\"> Bijela kadulja i ruta odli\u010dna us kombinacija suhog li\u0161\u0107a i granja \u010diji \u0107e dim donijeti pozitivnu energiju i o\u010distiti Vas, \u0161rostor i ljude i prostoru od negativne energije i negativnih misli.<\/span><\/p>\n<p><span style=\"font-weight: 400;\">Paljenjem svje\u017enja kombinacije bijele kadulje i rute, ne samo da \u0107e vam pomo\u0107i u energetskom pro\u010di\u0161\u0107enju va\u0161e okoline i va\u0161eg uma, nego \u0107e vam i pomo\u0107i ukoliko se borite sa izazovima poput problema sa nesanicom, stresom, ili anksioznost. <\/span><\/p>\n<p><span style=\"font-weight: 400;\">Dim koji ispu\u0161ta kombinacija bijele kadulje i rute momentalno \u0107e vas opustiti i relaksirati.<\/span><\/p>\n<p><strong>Paket sadr\u017ei:<\/strong><\/p>\n<p>1 x Bijela kadulja i ruta ( sve\u017eanj 10 cm )<\/p>\n","protected":false},"featured_media":11513,"template":"","meta":[],"product_brand":[],"product_cat":[804,1129],"product_tag":[861],"class_list":{"0":"post-10052","1":"product","2":"type-product","3":"status-publish","4":"has-post-thumbnail","6":"product_cat-ezoterija","7":"product_cat-svezanj-za-kadenje","8":"product_tag-bijela-kadulja-i-ruta","10":"first","11":"outofstock","12":"taxable","13":"shipping-taxable","14":"purchasable","15":"product-type-simple"},"_links":{"self":[{"href":"https:\/\/gogashop.com\/hr\/wp-json\/wp\/v2\/product\/10052","targetHints":{"allow":["GET"]}}],"collection":[{"href":"https:\/\/gogashop.com\/hr\/wp-json\/wp\/v2\/product"}],"about":[{"href":"https:\/\/gogashop.com\/hr\/wp-json\/wp\/v2\/types\/product"}],"version-history":[{"count":0,"href":"https:\/\/gogashop.com\/hr\/wp-json\/wp\/v2\/product\/10052\/revisions"}],"wp:featuredmedia":[{"embeddable":true,"href":"https:\/\/gogashop.com\/hr\/wp-json\/wp\/v2\/media\/11513"}],"wp:attachment":[{"href":"https:\/\/gogashop.com\/hr\/wp-json\/wp\/v2\/media?parent=10052"}],"wp:term":[{"taxonomy":"product_brand","embeddable":true,"href":"https:\/\/gogashop.com\/hr\/wp-json\/wp\/v2\/product_brand?post=10052"},{"taxonomy":"product_cat","embeddable":true,"href":"https:\/\/gogashop.com\/hr\/wp-json\/wp\/v2\/product_cat?post=10052"},{"taxonomy":"product_tag","embeddable":true,"href":"https:\/\/gogashop.com\/hr\/wp-json\/wp\/v2\/product_tag?post=10052"}],"curies":[{"name":"wp","href":"https:\/\/api.w.org\/{rel}","templated":true}]}}