{"id":11116,"date":"2024-10-27T04:54:18","date_gmt":"2024-10-27T04:54:18","guid":{"rendered":"https:\/\/gogashop.com\/es\/?post_type=product&#038;p=11116"},"modified":"2024-10-27T04:56:54","modified_gmt":"2024-10-27T04:56:54","slug":"pegatinas-para-coche-suzuki-llama","status":"publish","type":"product","link":"https:\/\/gogashop.com\/es\/pegatinas-para-coche-suzuki-llama\/","title":{"rendered":"Pegatinas para coche SUZUKI llama"},"content":{"rendered":"","protected":false},"excerpt":{"rendered":"<p><strong>Etiquetas para coche SUZUKI flame<\/strong> <strong><span style=\"color: #808000;\">(Para el lado derecho e izquierdo),<\/span><\/strong><span style=\"color: #000000;\"> en la que est\u00e1 el emblema de Suzuki,<\/span> que luego se entrelaza en llamas, es una decoraci\u00f3n fuerte y din\u00e1mica que combina el s\u00edmbolo reconocible de Suzuki con elementos de fuego, simbolizando pasi\u00f3n, velocidad y energ\u00eda, caracter\u00edsticas de las motocicletas y autom\u00f3viles Suzuki. Esta etiqueta visualmente atractiva refleja el esp\u00edritu de aventura e intrepidez, que son clave para la marca Suzuki, al tiempo que a\u00f1ade un elemento de salvajismo y dinamismo que atrae la atenci\u00f3n.<\/p>\n<p>Est\u00e1 destinada a todos los entusiastas de la marca Suzuki que desean decorar su veh\u00edculo de una manera que no solo exprese lealtad a la marca, sino tambi\u00e9n pasi\u00f3n por la conducci\u00f3n y amor por la velocidad. Es ideal para motociclistas y automovilistas que se identifican con la calidad e innovaci\u00f3n que Suzuki lleva a la carretera, y desean compartir visualmente esta pasi\u00f3n con los dem\u00e1s.<\/p>\n<p>Fabricada con materiales de alta calidad que garantizan resistencia a las inclemencias del tiempo y a los rayos UV, esta etiqueta promete que su mensaje de pasi\u00f3n y lealtad a Suzuki permanecer\u00e1 visible y atractivo a lo largo del tiempo. F\u00e1cil de instalar en diferentes superficies del veh\u00edculo, permite a los propietarios a\u00f1adir r\u00e1pidamente y sin problemas un toque personal a su veh\u00edculo, sin da\u00f1ar la pintura o la superficie. Con la etiqueta \u00abSuzuki Flame\u00bb, que combina el emblema de Suzuki y elementos de fuego, no solo a\u00f1adir\u00e1 un elemento visual \u00fanico y llamativo a su veh\u00edculo, sino que tambi\u00e9n expresar\u00e1 su pertenencia y admiraci\u00f3n por la marca, que es sin\u00f3nimo de pasi\u00f3n por el motociclismo y el automovilismo.<\/p>\n<ul>\n<li>La fabricaci\u00f3n completa de la etiqueta se realiza en Gogashop<\/li>\n<li>Fabricaci\u00f3n de etiquetas para coche de alta calidad<\/li>\n<li>Se utiliza una l\u00e1mina de primera calidad del fabricante ALEM\u00c1N<\/li>\n<li>No da\u00f1a el coche ni la pintura<\/li>\n<li>Resistencia a todas las condiciones clim\u00e1ticas<\/li>\n<\/ul>\n<p><strong>El paquete contiene: <\/strong><\/p>\n<ul>\n<li>1x etiqueta (en la que est\u00e1 la etiqueta derecha e izquierda, o como una sola)<\/li>\n<\/ul>\n","protected":false},"featured_media":11295,"comment_status":"closed","ping_status":"closed","template":"","meta":[],"product_brand":[],"product_cat":[121],"product_tag":[],"class_list":{"0":"post-11116","1":"product","2":"type-product","3":"status-publish","4":"has-post-thumbnail","6":"product_cat-pegatinas-para-motoristas","8":"first","9":"instock","10":"shipping-taxable","11":"purchasable","12":"product-type-variable"},"_links":{"self":[{"href":"https:\/\/gogashop.com\/es\/wp-json\/wp\/v2\/product\/11116","targetHints":{"allow":["GET"]}}],"collection":[{"href":"https:\/\/gogashop.com\/es\/wp-json\/wp\/v2\/product"}],"about":[{"href":"https:\/\/gogashop.com\/es\/wp-json\/wp\/v2\/types\/product"}],"replies":[{"embeddable":true,"href":"https:\/\/gogashop.com\/es\/wp-json\/wp\/v2\/comments?post=11116"}],"wp:featuredmedia":[{"embeddable":true,"href":"https:\/\/gogashop.com\/es\/wp-json\/wp\/v2\/media\/11295"}],"wp:attachment":[{"href":"https:\/\/gogashop.com\/es\/wp-json\/wp\/v2\/media?parent=11116"}],"wp:term":[{"taxonomy":"product_brand","embeddable":true,"href":"https:\/\/gogashop.com\/es\/wp-json\/wp\/v2\/product_brand?post=11116"},{"taxonomy":"product_cat","embeddable":true,"href":"https:\/\/gogashop.com\/es\/wp-json\/wp\/v2\/product_cat?post=11116"},{"taxonomy":"product_tag","embeddable":true,"href":"https:\/\/gogashop.com\/es\/wp-json\/wp\/v2\/product_tag?post=11116"}],"curies":[{"name":"wp","href":"https:\/\/api.w.org\/{rel}","templated":true}]}}