{"id":11115,"date":"2024-10-27T04:54:18","date_gmt":"2024-10-27T04:54:18","guid":{"rendered":"https:\/\/gogashop.com\/es\/?post_type=product&#038;p=11115"},"modified":"2024-10-27T04:56:54","modified_gmt":"2024-10-27T04:56:54","slug":"pegatina-suzuki-calavera","status":"publish","type":"product","link":"https:\/\/gogashop.com\/es\/pegatina-suzuki-calavera\/","title":{"rendered":"Pegatina SUZUKI calavera"},"content":{"rendered":"","protected":false},"excerpt":{"rendered":"<p><strong>Etiqueta SUZUKI calavera<\/strong> para motoristas combina el ic\u00f3nico logotipo de Suzuki con el poderoso y rebelde s\u00edmbolo de la calavera, que representa la valent\u00eda y el esp\u00edritu libre caracter\u00edstico de la cultura motociclista. Esta combinaci\u00f3n \u00fanica no solo expresa lealtad a la marca Suzuki, sino que tambi\u00e9n resalta la individualidad y audacia del conductor. La calavera, que sirve como fondo para el logotipo de Suzuki, a\u00f1ade un significado m\u00e1s profundo y car\u00e1cter a la etiqueta, lo que hace que esta decoraci\u00f3n sea especialmente atractiva para aquellos que desean destacar.<\/p>\n<p>La etiqueta est\u00e1 destinada a motoristas que buscan una manera de personalizar su veh\u00edculo de una manera que refleje su estilo \u00fanico y al mismo tiempo muestre respeto por una de las marcas l\u00edderes en motociclismo. Es ideal para todos aquellos que desean rendir homenaje al legado de innovaci\u00f3n y rendimiento de Suzuki, mientras a\u00f1aden a su motocicleta o casco un elemento que atrae la atenci\u00f3n y transmite una fuerte declaraci\u00f3n personal. Fabricada con materiales de alta calidad, resistentes a las inclemencias del tiempo y a la radiaci\u00f3n UV, esta etiqueta garantiza una durabilidad prolongada y conservaci\u00f3n del color. F\u00e1cil de instalar en diversas superficies, permite una personalizaci\u00f3n r\u00e1pida y sencilla de su motocicleta, coche o incluso casco, sin da\u00f1ar la pintura o superficie original. Con la etiqueta \u00abLogotipo de Suzuki en Calavera\u00bb no solo expresar\u00e1 su pertenencia y admiraci\u00f3n por Suzuki, sino que tambi\u00e9n destacar\u00e1 su individualidad y valent\u00eda, que son elementos clave de la verdadera pasi\u00f3n motociclista.<\/p>\n<ul>\n<li>La fabricaci\u00f3n completa de la etiqueta se realiza en Gogashop<\/li>\n<li>Fabricaci\u00f3n de calidad superior para etiquetas de coche<\/li>\n<li>Se utiliza una l\u00e1mina de primera calidad del fabricante ALEM\u00c1N<\/li>\n<li>No da\u00f1a el coche ni la pintura<\/li>\n<li>Resistencia a todas las condiciones clim\u00e1ticas<\/li>\n<\/ul>\n<p><strong>El paquete incluye:<\/strong><\/p>\n<ul>\n<li>1x Etiqueta para coche<\/li>\n<\/ul>\n","protected":false},"featured_media":11289,"comment_status":"closed","ping_status":"closed","template":"","meta":[],"product_brand":[],"product_cat":[121],"product_tag":[],"class_list":{"0":"post-11115","1":"product","2":"type-product","3":"status-publish","4":"has-post-thumbnail","6":"product_cat-pegatinas-para-motoristas","8":"first","9":"instock","10":"shipping-taxable","11":"purchasable","12":"product-type-variable"},"_links":{"self":[{"href":"https:\/\/gogashop.com\/es\/wp-json\/wp\/v2\/product\/11115","targetHints":{"allow":["GET"]}}],"collection":[{"href":"https:\/\/gogashop.com\/es\/wp-json\/wp\/v2\/product"}],"about":[{"href":"https:\/\/gogashop.com\/es\/wp-json\/wp\/v2\/types\/product"}],"replies":[{"embeddable":true,"href":"https:\/\/gogashop.com\/es\/wp-json\/wp\/v2\/comments?post=11115"}],"wp:featuredmedia":[{"embeddable":true,"href":"https:\/\/gogashop.com\/es\/wp-json\/wp\/v2\/media\/11289"}],"wp:attachment":[{"href":"https:\/\/gogashop.com\/es\/wp-json\/wp\/v2\/media?parent=11115"}],"wp:term":[{"taxonomy":"product_brand","embeddable":true,"href":"https:\/\/gogashop.com\/es\/wp-json\/wp\/v2\/product_brand?post=11115"},{"taxonomy":"product_cat","embeddable":true,"href":"https:\/\/gogashop.com\/es\/wp-json\/wp\/v2\/product_cat?post=11115"},{"taxonomy":"product_tag","embeddable":true,"href":"https:\/\/gogashop.com\/es\/wp-json\/wp\/v2\/product_tag?post=11115"}],"curies":[{"name":"wp","href":"https:\/\/api.w.org\/{rel}","templated":true}]}}