{"id":11078,"date":"2024-10-27T04:53:56","date_gmt":"2024-10-27T04:53:56","guid":{"rendered":"https:\/\/gogashop.com\/es\/?post_type=product&#038;p=11078"},"modified":"2024-10-27T04:56:50","modified_gmt":"2024-10-27T04:56:50","slug":"etiqueta-con-el-antiguo-logotipo-de-suzuki","status":"publish","type":"product","link":"https:\/\/gogashop.com\/es\/etiqueta-con-el-antiguo-logotipo-de-suzuki\/","title":{"rendered":"Etiqueta con el antiguo logotipo de SUZUKI"},"content":{"rendered":"","protected":false},"excerpt":{"rendered":"<p><strong>Etiqueta con el antiguo logotipo de SUZUKI<\/strong> para motoristas es un homenaje nost\u00e1lgico a la historia y el legado de una de las marcas m\u00e1s reconocidas en el motociclismo. Esta etiqueta especial contiene una versi\u00f3n retro del logotipo de Suzuki, que refleja los primeros d\u00edas de la marca y su influencia en el desarrollo del motociclismo. Al revivir el dise\u00f1o cl\u00e1sico, esta etiqueta trae un sentido de tradici\u00f3n y respeto por los logros hist\u00f3ricos de Suzuki, al tiempo que permite a los motoristas expresar su lealtad y admiraci\u00f3n por una marca con un pasado lleno de innovaciones y \u00e9xitos.<\/p>\n<p>Est\u00e1 destinada a todos los amantes de las motocicletas Suzuki que aprecian la historia y desean decorar sus motocicletas de una manera que refleje tanto la calidad moderna como el rico legado de Suzuki. Es ideal para coleccionistas, entusiastas de la historia y todos aquellos que aman el aspecto vintage y desean agregar un toque \u00fanico y cl\u00e1sico a su motocicleta.<\/p>\n<p>Fabricada con materiales de primera calidad que garantizan resistencia a las inclemencias del tiempo y a la radiaci\u00f3n UV, la etiqueta con el \u00abAntiguo Logotipo de SUZUKI\u00bb asegura que su homenaje a la historia y lealtad a la marca permanezca visible y conservada a lo largo del tiempo. F\u00e1cil de instalar en diversas superficies, permite una personalizaci\u00f3n r\u00e1pida y sencilla de su veh\u00edculo sin da\u00f1ar la pintura original o la superficie.<\/p>\n<p>Con la etiqueta \u00abAntiguo Logo SUZUKI\u00bb no solo destacar\u00e1 la apariencia est\u00e9tica de su motocicleta, sino que tambi\u00e9n mostrar\u00e1 su pertenencia y respeto por una de las marcas m\u00e1s ic\u00f3nicas en el mundo del motociclismo, al tiempo que mantiene viva la historia y el legado que son una parte importante de la identidad de Suzuki.<\/p>\n<ul>\n<li>La fabricaci\u00f3n completa de la etiqueta se realiza en Gogashop<\/li>\n<li>Fabricaci\u00f3n de calidad superior para autom\u00f3viles<\/li>\n<li>Se utiliza una l\u00e1mina de primera calidad de un fabricante ALEM\u00c1N<\/li>\n<li>No da\u00f1a el autom\u00f3vil ni la pintura<\/li>\n<li>Resistencia a todas las condiciones clim\u00e1ticas<\/li>\n<\/ul>\n<p><strong>El paquete incluye:<\/strong><\/p>\n<ul>\n<li>1x Etiqueta para autom\u00f3vil<\/li>\n<\/ul>\n","protected":false},"featured_media":11277,"comment_status":"closed","ping_status":"closed","template":"","meta":[],"product_brand":[],"product_cat":[121],"product_tag":[],"class_list":{"0":"post-11078","1":"product","2":"type-product","3":"status-publish","4":"has-post-thumbnail","6":"product_cat-pegatinas-para-motoristas","8":"first","9":"instock","10":"shipping-taxable","11":"purchasable","12":"product-type-variable"},"_links":{"self":[{"href":"https:\/\/gogashop.com\/es\/wp-json\/wp\/v2\/product\/11078","targetHints":{"allow":["GET"]}}],"collection":[{"href":"https:\/\/gogashop.com\/es\/wp-json\/wp\/v2\/product"}],"about":[{"href":"https:\/\/gogashop.com\/es\/wp-json\/wp\/v2\/types\/product"}],"replies":[{"embeddable":true,"href":"https:\/\/gogashop.com\/es\/wp-json\/wp\/v2\/comments?post=11078"}],"wp:featuredmedia":[{"embeddable":true,"href":"https:\/\/gogashop.com\/es\/wp-json\/wp\/v2\/media\/11277"}],"wp:attachment":[{"href":"https:\/\/gogashop.com\/es\/wp-json\/wp\/v2\/media?parent=11078"}],"wp:term":[{"taxonomy":"product_brand","embeddable":true,"href":"https:\/\/gogashop.com\/es\/wp-json\/wp\/v2\/product_brand?post=11078"},{"taxonomy":"product_cat","embeddable":true,"href":"https:\/\/gogashop.com\/es\/wp-json\/wp\/v2\/product_cat?post=11078"},{"taxonomy":"product_tag","embeddable":true,"href":"https:\/\/gogashop.com\/es\/wp-json\/wp\/v2\/product_tag?post=11078"}],"curies":[{"name":"wp","href":"https:\/\/api.w.org\/{rel}","templated":true}]}}