{"id":11077,"date":"2024-10-27T04:53:56","date_gmt":"2024-10-27T04:53:56","guid":{"rendered":"https:\/\/gogashop.com\/es\/?post_type=product&#038;p=11077"},"modified":"2024-10-27T04:56:50","modified_gmt":"2024-10-27T04:56:50","slug":"pegatina-con-el-logotipo-de-suzuki-para-motoristas","status":"publish","type":"product","link":"https:\/\/gogashop.com\/es\/pegatina-con-el-logotipo-de-suzuki-para-motoristas\/","title":{"rendered":"Pegatina con el logotipo de SUZUKI para motoristas"},"content":{"rendered":"","protected":false},"excerpt":{"rendered":"<p><strong>Etiqueta con el logotipo de SUZUKI para motoristas<\/strong> es una decoraci\u00f3n cl\u00e1sica y reconocible que expresa con orgullo la pertenencia a una de las marcas l\u00edderes en el \u00e1mbito del motociclismo. Esta etiqueta incluye el ic\u00f3nico logotipo de Suzuki, que es un s\u00edmbolo de fiabilidad, innovaci\u00f3n y rendimiento din\u00e1mico que Suzuki ofrece a sus clientes en todo el mundo. Est\u00e1 destinada a todos aquellos que aprecian y se identifican con los valores y el legado que representa Suzuki, y desean decorar sus motocicletas con este signo de calidad.<\/p>\n<p>Fabricada con materiales de alta calidad, resistentes a las inclemencias del tiempo y a los rayos UV, esta etiqueta garantiza una durabilidad prolongada y la conservaci\u00f3n de los colores, lo que significa que el logotipo de Suzuki permanecer\u00e1 visible y atractivo durante m\u00e1s tiempo. F\u00e1cil de instalar en diversas superficies de la motocicleta, permite a los propietarios a\u00f1adir r\u00e1pidamente un toque personal a su veh\u00edculo, al tiempo que expresan su lealtad a la marca Suzuki.<\/p>\n<p>Con la etiqueta del logotipo \u00abSUZUKI\u00bb para motoristas no solo destacar\u00e1s la apariencia est\u00e9tica de tu motocicleta, sino que tambi\u00e9n compartir\u00e1s tu pasi\u00f3n por la marca, que es sin\u00f3nimo de excelencia en el mundo del motociclismo. Esta etiqueta es la manera perfecta de mostrar tu pertenencia a la comunidad global de amantes de Suzuki y expresar tu lealtad a la tradici\u00f3n e innovaci\u00f3n que ofrece Suzuki.<\/p>\n<ul>\n<li>La fabricaci\u00f3n completa de la etiqueta se realiza en Gogashop<\/li>\n<li>Fabricaci\u00f3n de calidad superior para autom\u00f3viles<\/li>\n<li>Se utiliza una l\u00e1mina de primera calidad del fabricante ALEM\u00c1N<\/li>\n<li>No da\u00f1a el autom\u00f3vil ni la pintura<\/li>\n<li>Resistencia a todas las condiciones clim\u00e1ticas<\/li>\n<\/ul>\n<p><strong>El paquete incluye:<\/strong><\/p>\n<ul>\n<li>1x Etiqueta para autom\u00f3vil<\/li>\n<\/ul>\n","protected":false},"featured_media":11271,"comment_status":"closed","ping_status":"closed","template":"","meta":[],"product_brand":[],"product_cat":[121],"product_tag":[],"class_list":{"0":"post-11077","1":"product","2":"type-product","3":"status-publish","4":"has-post-thumbnail","6":"product_cat-pegatinas-para-motoristas","8":"first","9":"instock","10":"shipping-taxable","11":"purchasable","12":"product-type-variable"},"_links":{"self":[{"href":"https:\/\/gogashop.com\/es\/wp-json\/wp\/v2\/product\/11077","targetHints":{"allow":["GET"]}}],"collection":[{"href":"https:\/\/gogashop.com\/es\/wp-json\/wp\/v2\/product"}],"about":[{"href":"https:\/\/gogashop.com\/es\/wp-json\/wp\/v2\/types\/product"}],"replies":[{"embeddable":true,"href":"https:\/\/gogashop.com\/es\/wp-json\/wp\/v2\/comments?post=11077"}],"wp:featuredmedia":[{"embeddable":true,"href":"https:\/\/gogashop.com\/es\/wp-json\/wp\/v2\/media\/11271"}],"wp:attachment":[{"href":"https:\/\/gogashop.com\/es\/wp-json\/wp\/v2\/media?parent=11077"}],"wp:term":[{"taxonomy":"product_brand","embeddable":true,"href":"https:\/\/gogashop.com\/es\/wp-json\/wp\/v2\/product_brand?post=11077"},{"taxonomy":"product_cat","embeddable":true,"href":"https:\/\/gogashop.com\/es\/wp-json\/wp\/v2\/product_cat?post=11077"},{"taxonomy":"product_tag","embeddable":true,"href":"https:\/\/gogashop.com\/es\/wp-json\/wp\/v2\/product_tag?post=11077"}],"curies":[{"name":"wp","href":"https:\/\/api.w.org\/{rel}","templated":true}]}}