{"id":11076,"date":"2024-10-27T04:53:56","date_gmt":"2024-10-27T04:53:56","guid":{"rendered":"https:\/\/gogashop.com\/es\/?post_type=product&#038;p=11076"},"modified":"2024-10-27T04:56:49","modified_gmt":"2024-10-27T04:56:49","slug":"pegatinas-para-coche-suzuki-para-motoristas","status":"publish","type":"product","link":"https:\/\/gogashop.com\/es\/pegatinas-para-coche-suzuki-para-motoristas\/","title":{"rendered":"Pegatinas para coche SUZUKI para motoristas"},"content":{"rendered":"","protected":false},"excerpt":{"rendered":"<p><strong>Etiquetas para coche SUZUKI para motoristas<\/strong>, que incluyen el escudo y el nombre Suzuki, son la manera perfecta para los amantes de esta marca de expresar su pasi\u00f3n y lealtad. Estas etiquetas combinan el ic\u00f3nico escudo de Suzuki, que simboliza la tradici\u00f3n e innovaci\u00f3n de la marca, junto con el nombre Suzuki elegantemente dise\u00f1ado, reconocido en todo el mundo. Est\u00e1n destinadas a todos aquellos que aprecian la calidad, el rendimiento y el legado que Suzuki aporta al \u00e1mbito del motociclismo.<\/p>\n<p>Estas etiquetas son ideales para motoristas que desean a\u00f1adir un toque personal a sus motocicletas y al mismo tiempo mostrar su pertenencia a la comunidad global de Suzuki. Est\u00e1n dise\u00f1adas para adaptarse a diferentes partes de la motocicleta, desde el tanque de combustible hasta el guardabarros o el panel lateral, y son adecuadas para todos los modelos de motocicletas Suzuki, ya sean deportivas, de viaje, de aventura o scooters urbanos.<\/p>\n<p>Fabricadas con materiales de alta calidad que garantizan resistencia a las inclemencias del tiempo y a los rayos UV, estas etiquetas aseguran una larga durabilidad y conservaci\u00f3n del color. Su instalaci\u00f3n es sencilla y sin preocupaciones, permitiendo tambi\u00e9n su retirada sin da\u00f1ar la pintura original o la superficie de la motocicleta.<\/p>\n<p>Con las etiquetas \u00abSuzuki\u00bb con escudo y nombre no solo destacar\u00e1s la apariencia est\u00e9tica de tu motocicleta, sino que tambi\u00e9n mostrar\u00e1s respeto por la marca que est\u00e1 detr\u00e1s de algunas de las motocicletas m\u00e1s innovadoras y potentes del mercado. Es una excelente manera de conectarte con otros amantes de Suzuki y compartir tu pasi\u00f3n por el motociclismo.<\/p>\n<ul>\n<li>La fabricaci\u00f3n completa de la etiqueta se realiza en Gogashop<\/li>\n<li>Fabricaci\u00f3n de etiquetas para coche de alta calidad<\/li>\n<li>Se utiliza una l\u00e1mina de primera calidad del fabricante ALEM\u00c1N<\/li>\n<li>No da\u00f1a el coche ni la pintura<\/li>\n<li>Resistencia a todas las condiciones clim\u00e1ticas<\/li>\n<\/ul>\n<p><strong>El paquete incluye:<\/strong><\/p>\n<ul>\n<li>1x Etiqueta para coche<\/li>\n<\/ul>\n","protected":false},"featured_media":11265,"comment_status":"closed","ping_status":"closed","template":"","meta":[],"product_brand":[],"product_cat":[121],"product_tag":[],"class_list":{"0":"post-11076","1":"product","2":"type-product","3":"status-publish","4":"has-post-thumbnail","6":"product_cat-pegatinas-para-motoristas","8":"first","9":"instock","10":"shipping-taxable","11":"purchasable","12":"product-type-variable"},"_links":{"self":[{"href":"https:\/\/gogashop.com\/es\/wp-json\/wp\/v2\/product\/11076","targetHints":{"allow":["GET"]}}],"collection":[{"href":"https:\/\/gogashop.com\/es\/wp-json\/wp\/v2\/product"}],"about":[{"href":"https:\/\/gogashop.com\/es\/wp-json\/wp\/v2\/types\/product"}],"replies":[{"embeddable":true,"href":"https:\/\/gogashop.com\/es\/wp-json\/wp\/v2\/comments?post=11076"}],"wp:featuredmedia":[{"embeddable":true,"href":"https:\/\/gogashop.com\/es\/wp-json\/wp\/v2\/media\/11265"}],"wp:attachment":[{"href":"https:\/\/gogashop.com\/es\/wp-json\/wp\/v2\/media?parent=11076"}],"wp:term":[{"taxonomy":"product_brand","embeddable":true,"href":"https:\/\/gogashop.com\/es\/wp-json\/wp\/v2\/product_brand?post=11076"},{"taxonomy":"product_cat","embeddable":true,"href":"https:\/\/gogashop.com\/es\/wp-json\/wp\/v2\/product_cat?post=11076"},{"taxonomy":"product_tag","embeddable":true,"href":"https:\/\/gogashop.com\/es\/wp-json\/wp\/v2\/product_tag?post=11076"}],"curies":[{"name":"wp","href":"https:\/\/api.w.org\/{rel}","templated":true}]}}