{"id":10972,"date":"2024-10-27T04:53:11","date_gmt":"2024-10-27T04:53:11","guid":{"rendered":"https:\/\/gogashop.com\/es\/?post_type=product&#038;p=10972"},"modified":"2024-10-27T04:56:19","modified_gmt":"2024-10-27T04:56:19","slug":"pegatina-para-coche-saludo-con-el-puno","status":"publish","type":"product","link":"https:\/\/gogashop.com\/es\/pegatina-para-coche-saludo-con-el-puno\/","title":{"rendered":"Pegatina para coche saludo con el pu\u00f1o"},"content":{"rendered":"","protected":false},"excerpt":{"rendered":"<p><strong>La pegatina para coche saludo con el pu\u00f1o<\/strong> es la elecci\u00f3n perfecta para todos aquellos que desean expresar compa\u00f1erismo y lazos fraternales en su veh\u00edculo, que predominan en la comunidad motociclista. En esta pegatina \u00fanica, se representan dos motoristas que, en se\u00f1al de respeto mutuo y pertenencia, intercambian un saludo con el pu\u00f1o \u2013 fist bump. Este gesto, s\u00edmbolo de solidaridad entre motoristas, es un poderoso mensaje que refleja la pasi\u00f3n compartida, la unidad y el apoyo mutuo que adornan la cultura motociclista.<\/p>\n<p>La pegatina est\u00e1 destinada a todos aquellos que aprecian la profunda conexi\u00f3n y las reglas no escritas que prevalecen en las carreteras entre motoristas. Es una excelente manera de mostrar orgullo por pertenecer a la comunidad motociclista y de promover valores como el respeto, la fraternidad y el compa\u00f1erismo. \u00abBiker Fist Bump\u00bb es m\u00e1s que una simple decoraci\u00f3n; es una declaraci\u00f3n de valores y pertenencia que el motorista comparte con sus hermanos y hermanas de la carretera.<\/p>\n<p>Fabricada con materiales de primera calidad que garantizan resistencia a las inclemencias del tiempo y a la radiaci\u00f3n UV, esta pegatina promete una durabilidad prolongada y la conservaci\u00f3n del brillo de los colores. Su uso es sencillo, permitiendo una instalaci\u00f3n r\u00e1pida y f\u00e1cil en cualquier parte del coche, sin da\u00f1ar la pintura ni dejar residuos desagradables. Con la pegatina \u00abBiker Fist Bump\u00bb no solo decorar\u00e1s tu veh\u00edculo, sino que tambi\u00e9n difundir\u00e1s el mensaje de unidad y respeto que define a la comunidad motera.<\/p>\n<ul>\n<li>La fabricaci\u00f3n completa de la pegatina se realiza en Gogashop<\/li>\n<li>Fabricaci\u00f3n de pegatina para coche de alta calidad<\/li>\n<li>Se utiliza una l\u00e1mina de primera calidad del fabricante ALEM\u00c1N<\/li>\n<li>No da\u00f1a el coche ni la pintura<\/li>\n<li>Resistencia a todas las condiciones clim\u00e1ticas<\/li>\n<\/ul>\n<p><strong>El paquete incluye:<\/strong><\/p>\n<ul>\n<li>1x Pegatina para coche<\/li>\n<\/ul>\n","protected":false},"featured_media":11043,"comment_status":"closed","ping_status":"closed","template":"","meta":[],"product_brand":[],"product_cat":[121],"product_tag":[],"class_list":{"0":"post-10972","1":"product","2":"type-product","3":"status-publish","4":"has-post-thumbnail","6":"product_cat-pegatinas-para-motoristas","8":"first","9":"instock","10":"shipping-taxable","11":"purchasable","12":"product-type-variable"},"_links":{"self":[{"href":"https:\/\/gogashop.com\/es\/wp-json\/wp\/v2\/product\/10972","targetHints":{"allow":["GET"]}}],"collection":[{"href":"https:\/\/gogashop.com\/es\/wp-json\/wp\/v2\/product"}],"about":[{"href":"https:\/\/gogashop.com\/es\/wp-json\/wp\/v2\/types\/product"}],"replies":[{"embeddable":true,"href":"https:\/\/gogashop.com\/es\/wp-json\/wp\/v2\/comments?post=10972"}],"wp:featuredmedia":[{"embeddable":true,"href":"https:\/\/gogashop.com\/es\/wp-json\/wp\/v2\/media\/11043"}],"wp:attachment":[{"href":"https:\/\/gogashop.com\/es\/wp-json\/wp\/v2\/media?parent=10972"}],"wp:term":[{"taxonomy":"product_brand","embeddable":true,"href":"https:\/\/gogashop.com\/es\/wp-json\/wp\/v2\/product_brand?post=10972"},{"taxonomy":"product_cat","embeddable":true,"href":"https:\/\/gogashop.com\/es\/wp-json\/wp\/v2\/product_cat?post=10972"},{"taxonomy":"product_tag","embeddable":true,"href":"https:\/\/gogashop.com\/es\/wp-json\/wp\/v2\/product_tag?post=10972"}],"curies":[{"name":"wp","href":"https:\/\/api.w.org\/{rel}","templated":true}]}}