{"id":10971,"date":"2024-10-27T04:53:11","date_gmt":"2024-10-27T04:53:11","guid":{"rendered":"https:\/\/gogashop.com\/es\/?post_type=product&#038;p=10971"},"modified":"2024-10-27T04:56:18","modified_gmt":"2024-10-27T04:56:18","slug":"pegatina-para-coche-2","status":"publish","type":"product","link":"https:\/\/gogashop.com\/es\/pegatina-para-coche-2\/","title":{"rendered":"Pegatina para coche"},"content":{"rendered":"","protected":false},"excerpt":{"rendered":"<p><strong>Calcoman\u00edas de moto para coche<\/strong>, en la que se dibuja a un motorista conduciendo una moto de carreras, trae el esp\u00edritu de velocidad y adrenalina a la superficie de tu veh\u00edculo. Esta calcoman\u00eda visualmente atractiva est\u00e1 dise\u00f1ada para capturar la esencia del motociclismo y la pasi\u00f3n que los motoristas sienten por las carreras en carretera. La representaci\u00f3n de un motorista en una pose din\u00e1mica, dominando magistralmente su moto de carreras, es la manera perfecta de expresar el amor por el motociclismo y la velocidad.<\/p>\n<p>Est\u00e1 destinada a todos los entusiastas de las motos, desde los apasionados amantes de las carreras hasta aquellos que aprecian el arte y la t\u00e9cnica de conducir sobre dos ruedas. Esta calcoman\u00eda es ideal para quienes desean a\u00f1adir un toque de aventura a su veh\u00edculo y mostrar su pertenencia a la comunidad del motociclismo.<\/p>\n<p>La fabricaci\u00f3n de esta calcoman\u00eda sigue altos est\u00e1ndares de calidad, utilizando materiales resistentes a las inclemencias del tiempo y que garantizan una durabilidad prolongada sin decoloraci\u00f3n. F\u00e1cil de instalar, esta calcoman\u00eda permite personalizar tu veh\u00edculo sin preocuparte por da\u00f1os o residuos de adhesivo. Con la calcoman\u00eda \u00abMoto\u00bb en tu coche, no solo expresar\u00e1s tu pasi\u00f3n por el motociclismo, sino que tambi\u00e9n a\u00f1adir\u00e1s un elemento \u00fanico y llamativo que distinguir\u00e1 tu veh\u00edculo de los dem\u00e1s en la carretera.<\/p>\n<ul>\n<li>La fabricaci\u00f3n completa de la calcoman\u00eda se realiza en Gogashop<\/li>\n<li>Fabricaci\u00f3n de calcoman\u00edas de coche de alta calidad<\/li>\n<li>Se utiliza una l\u00e1mina de primera calidad del fabricante ALEM\u00c1N<\/li>\n<li>No da\u00f1a el coche ni la pintura<\/li>\n<li>Resistencia a todas las condiciones clim\u00e1ticas<\/li>\n<\/ul>\n<p><strong>El paquete incluye:\u00a0<\/strong><\/p>\n<ul>\n<li>1x Calcoman\u00eda para coche<\/li>\n<\/ul>\n","protected":false},"featured_media":11037,"comment_status":"closed","ping_status":"closed","template":"","meta":[],"product_brand":[],"product_cat":[121],"product_tag":[],"class_list":{"0":"post-10971","1":"product","2":"type-product","3":"status-publish","4":"has-post-thumbnail","6":"product_cat-pegatinas-para-motoristas","8":"first","9":"instock","10":"shipping-taxable","11":"purchasable","12":"product-type-variable"},"_links":{"self":[{"href":"https:\/\/gogashop.com\/es\/wp-json\/wp\/v2\/product\/10971","targetHints":{"allow":["GET"]}}],"collection":[{"href":"https:\/\/gogashop.com\/es\/wp-json\/wp\/v2\/product"}],"about":[{"href":"https:\/\/gogashop.com\/es\/wp-json\/wp\/v2\/types\/product"}],"replies":[{"embeddable":true,"href":"https:\/\/gogashop.com\/es\/wp-json\/wp\/v2\/comments?post=10971"}],"wp:featuredmedia":[{"embeddable":true,"href":"https:\/\/gogashop.com\/es\/wp-json\/wp\/v2\/media\/11037"}],"wp:attachment":[{"href":"https:\/\/gogashop.com\/es\/wp-json\/wp\/v2\/media?parent=10971"}],"wp:term":[{"taxonomy":"product_brand","embeddable":true,"href":"https:\/\/gogashop.com\/es\/wp-json\/wp\/v2\/product_brand?post=10971"},{"taxonomy":"product_cat","embeddable":true,"href":"https:\/\/gogashop.com\/es\/wp-json\/wp\/v2\/product_cat?post=10971"},{"taxonomy":"product_tag","embeddable":true,"href":"https:\/\/gogashop.com\/es\/wp-json\/wp\/v2\/product_tag?post=10971"}],"curies":[{"name":"wp","href":"https:\/\/api.w.org\/{rel}","templated":true}]}}