{"id":10970,"date":"2024-10-27T04:53:11","date_gmt":"2024-10-27T04:53:11","guid":{"rendered":"https:\/\/gogashop.com\/es\/?post_type=product&#038;p=10970"},"modified":"2024-10-27T04:56:18","modified_gmt":"2024-10-27T04:56:18","slug":"pegatina-biker-girl-para-coche","status":"publish","type":"product","link":"https:\/\/gogashop.com\/es\/pegatina-biker-girl-para-coche\/","title":{"rendered":"Pegatina BIKER GIRL para coche"},"content":{"rendered":"","protected":false},"excerpt":{"rendered":"<p><strong>La pegatina para coche BIKER GIRL<\/strong> aporta al mundo del automovilismo un toque de seducci\u00f3n y poder, con la representaci\u00f3n de una mujer en una moto de carreras. Esta pegatina elegantemente dise\u00f1ada combina est\u00e9tica y pasi\u00f3n, con una imagen distintiva de una mujer que fusiona estilo y habilidad en una moto deportiva. Es un s\u00edmbolo de poder e independencia femenina, que se entrelaza con el amor por la velocidad y la adrenalina.<\/p>\n<p>Est\u00e1 destinada a todos aquellos que aprecian la belleza y el coraje, y desean decorar su veh\u00edculo de una manera que destaque y atraiga miradas. \u00abBIKER GIRL\u00bb es m\u00e1s que una simple pegatina; es una declaraci\u00f3n de confianza y libertad que trae la carretera. Ideal para mujeres motociclistas que est\u00e1n orgullosas de su identidad y para todos aquellos que desean expresar su apoyo a las mujeres fuertes e independientes en el mundo del motor.<\/p>\n<p>Fabricada utilizando tecnolog\u00edas avanzadas y materiales de alta calidad, esta pegatina garantiza durabilidad a largo plazo y resistencia a las inclemencias del tiempo. Su uso es sencillo, permite una f\u00e1cil instalaci\u00f3n sin preocuparse por da\u00f1ar la superficie del coche. Con la pegatina \u00abBIKER GIRL\u00bb no solo resaltar\u00e1s la est\u00e9tica de tu veh\u00edculo, sino que tambi\u00e9n enviar\u00e1s un mensaje de poder, pasi\u00f3n e independencia que define a la mujer motociclista moderna.<\/p>\n<ul>\n<li>La fabricaci\u00f3n completa de la pegatina se realiza en Gogashop<\/li>\n<li>Fabricaci\u00f3n de pegatinas para coche de alta calidad<\/li>\n<li>Se utiliza una l\u00e1mina de primera calidad del fabricante ALEM\u00c1N<\/li>\n<li>No da\u00f1a el coche ni la pintura<\/li>\n<li>Resistencia a todas las condiciones clim\u00e1ticas<\/li>\n<\/ul>\n<p><strong>El paquete incluye:<\/strong><\/p>\n<ul>\n<li>1x Pegatina para coche<\/li>\n<\/ul>\n","protected":false},"featured_media":11025,"comment_status":"closed","ping_status":"closed","template":"","meta":[],"product_brand":[],"product_cat":[121],"product_tag":[],"class_list":{"0":"post-10970","1":"product","2":"type-product","3":"status-publish","4":"has-post-thumbnail","6":"product_cat-pegatinas-para-motoristas","8":"first","9":"instock","10":"shipping-taxable","11":"purchasable","12":"product-type-variable"},"_links":{"self":[{"href":"https:\/\/gogashop.com\/es\/wp-json\/wp\/v2\/product\/10970","targetHints":{"allow":["GET"]}}],"collection":[{"href":"https:\/\/gogashop.com\/es\/wp-json\/wp\/v2\/product"}],"about":[{"href":"https:\/\/gogashop.com\/es\/wp-json\/wp\/v2\/types\/product"}],"replies":[{"embeddable":true,"href":"https:\/\/gogashop.com\/es\/wp-json\/wp\/v2\/comments?post=10970"}],"wp:featuredmedia":[{"embeddable":true,"href":"https:\/\/gogashop.com\/es\/wp-json\/wp\/v2\/media\/11025"}],"wp:attachment":[{"href":"https:\/\/gogashop.com\/es\/wp-json\/wp\/v2\/media?parent=10970"}],"wp:term":[{"taxonomy":"product_brand","embeddable":true,"href":"https:\/\/gogashop.com\/es\/wp-json\/wp\/v2\/product_brand?post=10970"},{"taxonomy":"product_cat","embeddable":true,"href":"https:\/\/gogashop.com\/es\/wp-json\/wp\/v2\/product_cat?post=10970"},{"taxonomy":"product_tag","embeddable":true,"href":"https:\/\/gogashop.com\/es\/wp-json\/wp\/v2\/product_tag?post=10970"}],"curies":[{"name":"wp","href":"https:\/\/api.w.org\/{rel}","templated":true}]}}