{"id":10969,"date":"2024-10-27T04:53:11","date_gmt":"2024-10-27T04:53:11","guid":{"rendered":"https:\/\/gogashop.com\/es\/?post_type=product&#038;p=10969"},"modified":"2024-10-27T04:56:18","modified_gmt":"2024-10-27T04:56:18","slug":"pegatina-lady-biker-in-car-para-coche","status":"publish","type":"product","link":"https:\/\/gogashop.com\/es\/pegatina-lady-biker-in-car-para-coche\/","title":{"rendered":"Pegatina LADY BIKER IN CAR para coche"},"content":{"rendered":"","protected":false},"excerpt":{"rendered":"<p><strong>Etiqueta para coche con la inscripci\u00f3n LADY BIKER IN CAR<\/strong>, en la que se representa a una dama conduciendo una moto de carreras deportiva, es una manifestaci\u00f3n destacada de poder, independencia y pasi\u00f3n por la velocidad. Esta etiqueta especial combina la elegancia y dinamismo de una mujer en una moto de carreras con un mensaje poderoso que lleva la inscripci\u00f3n \u00abLADY BIKER\u00bb. Dise\u00f1ada para aquellos que desean agregar a su veh\u00edculo un elemento visual \u00fanico y llamativo, esta etiqueta resalta el poder femenino y el amor por el motociclismo.<\/p>\n<p>Dise\u00f1ada espec\u00edficamente para mujeres motociclistas y amantes de la adrenalina en motos deportivas, esta etiqueta sirve como una excelente manera de expresar orgullo por su pasi\u00f3n y habilidades de conducci\u00f3n. Tambi\u00e9n es una forma de mostrar apoyo y reconocimiento a todas las motociclistas que, con cada viaje, empujan los l\u00edmites y demuestran que la carretera est\u00e1 abierta para todos, sin importar el g\u00e9nero.<\/p>\n<p>Hecha de materiales de alta calidad resistentes a las inclemencias del tiempo, esta etiqueta promete adornar su coche durante muchos a\u00f1os sin perder la vivacidad de sus colores o calidad. La facilidad de uso permite que se pueda colocar en su veh\u00edculo sin problemas, sin preocuparse por posibles da\u00f1os o residuos de adhesivo. Con la etiqueta \u00abLADY BIKER IN CAR\u00bb no solo embellecer\u00e1 su autom\u00f3vil, sino que tambi\u00e9n enviar\u00e1 un fuerte mensaje de igualdad, poder y pasi\u00f3n por la vida sobre dos ruedas.<\/p>\n<ul>\n<li>La fabricaci\u00f3n completa de la etiqueta se realiza en Gogashop<\/li>\n<li>Fabricaci\u00f3n de alta calidad de la etiqueta para coche<\/li>\n<li>Se utiliza una l\u00e1mina de primera calidad del fabricante ALEM\u00c1N<\/li>\n<li>No da\u00f1a el coche ni la pintura<\/li>\n<li>Resistencia a todas las condiciones clim\u00e1ticas<\/li>\n<\/ul>\n<p><strong>El paquete incluye:<\/strong><\/p>\n<ul>\n<li>1x Etiqueta para coche<\/li>\n<\/ul>\n","protected":false},"featured_media":11019,"comment_status":"closed","ping_status":"closed","template":"","meta":[],"product_brand":[],"product_cat":[121],"product_tag":[],"class_list":{"0":"post-10969","1":"product","2":"type-product","3":"status-publish","4":"has-post-thumbnail","6":"product_cat-pegatinas-para-motoristas","8":"first","9":"instock","10":"shipping-taxable","11":"purchasable","12":"product-type-variable"},"_links":{"self":[{"href":"https:\/\/gogashop.com\/es\/wp-json\/wp\/v2\/product\/10969","targetHints":{"allow":["GET"]}}],"collection":[{"href":"https:\/\/gogashop.com\/es\/wp-json\/wp\/v2\/product"}],"about":[{"href":"https:\/\/gogashop.com\/es\/wp-json\/wp\/v2\/types\/product"}],"replies":[{"embeddable":true,"href":"https:\/\/gogashop.com\/es\/wp-json\/wp\/v2\/comments?post=10969"}],"wp:featuredmedia":[{"embeddable":true,"href":"https:\/\/gogashop.com\/es\/wp-json\/wp\/v2\/media\/11019"}],"wp:attachment":[{"href":"https:\/\/gogashop.com\/es\/wp-json\/wp\/v2\/media?parent=10969"}],"wp:term":[{"taxonomy":"product_brand","embeddable":true,"href":"https:\/\/gogashop.com\/es\/wp-json\/wp\/v2\/product_brand?post=10969"},{"taxonomy":"product_cat","embeddable":true,"href":"https:\/\/gogashop.com\/es\/wp-json\/wp\/v2\/product_cat?post=10969"},{"taxonomy":"product_tag","embeddable":true,"href":"https:\/\/gogashop.com\/es\/wp-json\/wp\/v2\/product_tag?post=10969"}],"curies":[{"name":"wp","href":"https:\/\/api.w.org\/{rel}","templated":true}]}}