{"id":10419,"date":"2024-10-27T04:50:07","date_gmt":"2024-10-27T04:50:07","guid":{"rendered":"https:\/\/gogashop.com\/es\/?post_type=product&#038;p=10419"},"modified":"2024-10-27T04:52:49","modified_gmt":"2024-10-27T04:52:49","slug":"pegatinas-de-coche-de-motocicleta-como-padre-como-hijo","status":"publish","type":"product","link":"https:\/\/gogashop.com\/es\/pegatinas-de-coche-de-motocicleta-como-padre-como-hijo\/","title":{"rendered":"Pegatinas de coche de motocicleta COMO PADRE COMO HIJO"},"content":{"rendered":"","protected":false},"excerpt":{"rendered":"<p><strong>Las pegatinas de autom\u00f3viles de motociclistas \u00abLIKE FATHER LIKE SON\u00bb<\/strong> simbolizan el v\u00ednculo ininterrumpido y la pasi\u00f3n compartida por el automovilismo entre padre e hijo, representando una tradici\u00f3n y herencia \u00fanicas que se transmiten a trav\u00e9s de generaciones familiares. Estas pegatinas son m\u00e1s que una simple decoraci\u00f3n; son un reconocimiento al profundo sentido de pertenencia y a los momentos compartidos que forman recuerdos inolvidables. Con un dise\u00f1o que combina elegancia y simbolismo, estas pegatinas expresan de manera sutil pero poderosa el amor por el estilo de vida motociclista y la importancia de los lazos familiares en este mundo.<\/p>\n<p>Cada pegatina est\u00e1 cuidadosamente dise\u00f1ada para garantizar alta calidad y resistencia a las inclemencias del tiempo, lo que significa que el mensaje de respeto mutuo y conexi\u00f3n familiar permanecer\u00e1 vivo y visible por m\u00e1s tiempo. La instalaci\u00f3n es sencilla y limpia, sin riesgo de da\u00f1os o marcas permanentes en el veh\u00edculo, lo que permite equipar su autom\u00f3vil con un toque personal que refleja sus valores y pasiones.<\/p>\n<p>Las pegatinas \u00abLIKE FATHER LIKE SON\u00bb son el regalo perfecto para padres e hijos que comparten el amor por las motos y el esp\u00edritu aventurero, y son una excelente manera de expresar el orgullo por este v\u00ednculo especial. Ya sea que se coloquen en un autom\u00f3vil, motocicleta o cualquier otro veh\u00edculo, estas pegatinas sirven como un poderoso s\u00edmbolo de la herencia familiar y el amor compartido por la carretera.<\/p>\n<ul>\n<li>La fabricaci\u00f3n completa de la pegatina se realiza en Gogashop<\/li>\n<li>Fabricaci\u00f3n de pegatinas de alta calidad para autom\u00f3viles<\/li>\n<li>Se utiliza una l\u00e1mina de primera calidad del fabricante ALEM\u00c1N<\/li>\n<li>No da\u00f1a el autom\u00f3vil ni la pintura<\/li>\n<li>Resistencia a todas las condiciones clim\u00e1ticas<\/li>\n<\/ul>\n<p><strong>El paquete incluye:<\/strong><\/p>\n<ul>\n<li>1x Pegatina para autom\u00f3vil<\/li>\n<\/ul>\n","protected":false},"featured_media":10557,"comment_status":"closed","ping_status":"closed","template":"","meta":[],"product_brand":[],"product_cat":[121],"product_tag":[],"class_list":{"0":"post-10419","1":"product","2":"type-product","3":"status-publish","4":"has-post-thumbnail","6":"product_cat-pegatinas-para-motoristas","8":"first","9":"instock","10":"shipping-taxable","11":"purchasable","12":"product-type-variable"},"_links":{"self":[{"href":"https:\/\/gogashop.com\/es\/wp-json\/wp\/v2\/product\/10419","targetHints":{"allow":["GET"]}}],"collection":[{"href":"https:\/\/gogashop.com\/es\/wp-json\/wp\/v2\/product"}],"about":[{"href":"https:\/\/gogashop.com\/es\/wp-json\/wp\/v2\/types\/product"}],"replies":[{"embeddable":true,"href":"https:\/\/gogashop.com\/es\/wp-json\/wp\/v2\/comments?post=10419"}],"wp:featuredmedia":[{"embeddable":true,"href":"https:\/\/gogashop.com\/es\/wp-json\/wp\/v2\/media\/10557"}],"wp:attachment":[{"href":"https:\/\/gogashop.com\/es\/wp-json\/wp\/v2\/media?parent=10419"}],"wp:term":[{"taxonomy":"product_brand","embeddable":true,"href":"https:\/\/gogashop.com\/es\/wp-json\/wp\/v2\/product_brand?post=10419"},{"taxonomy":"product_cat","embeddable":true,"href":"https:\/\/gogashop.com\/es\/wp-json\/wp\/v2\/product_cat?post=10419"},{"taxonomy":"product_tag","embeddable":true,"href":"https:\/\/gogashop.com\/es\/wp-json\/wp\/v2\/product_tag?post=10419"}],"curies":[{"name":"wp","href":"https:\/\/api.w.org\/{rel}","templated":true}]}}