{"id":10357,"date":"2024-10-27T04:49:43","date_gmt":"2024-10-27T04:49:43","guid":{"rendered":"https:\/\/gogashop.com\/es\/?post_type=product&#038;p=10357"},"modified":"2024-10-27T04:52:40","modified_gmt":"2024-10-27T04:52:40","slug":"pegatina-motorista-en-moto-enduro","status":"publish","type":"product","link":"https:\/\/gogashop.com\/es\/pegatina-motorista-en-moto-enduro\/","title":{"rendered":"Pegatina motorista en moto enduro"},"content":{"rendered":"","protected":false},"excerpt":{"rendered":"<p><strong>La pegatina del motorista en moto enduro<\/strong> muestra una imagen din\u00e1mica y aventurera de un motorista completamente equipado para conducci\u00f3n todoterreno, sentado en una robusta moto enduro y llevando un casco de motocross. Esta pegatina simboliza la pasi\u00f3n por la conducci\u00f3n off-road, el esp\u00edritu aventurero y la disposici\u00f3n del motorista para explorar caminos desconocidos y terrenos dif\u00edciles. El \u00e9nfasis en el casco de motocross no solo a\u00f1ade un elemento de seguridad y profesionalismo, sino que tambi\u00e9n expresa pertenencia a una cultura y estilo de conducci\u00f3n espec\u00edficos, apreciados tanto por aficionados como por profesionales en motocross y conducci\u00f3n enduro.<\/p>\n<p>Hecha de material de alta calidad y resistente, esta pegatina asegura que la imagen del motorista se mantenga viva y colorida incluso despu\u00e9s de a\u00f1os de exposici\u00f3n al sol, la lluvia y otros elementos clim\u00e1ticos. Con una instalaci\u00f3n sencilla y la posibilidad de retirarla sin da\u00f1ar la superficie del veh\u00edculo, permite a los entusiastas del motor compartir su pasi\u00f3n de una manera visualmente atractiva, sin preocuparse por posibles cambios permanentes en su veh\u00edculo.<\/p>\n<p>Esta pegatina es ideal para todos aquellos que desean expresar su amor por la conducci\u00f3n enduro y motocross, y mostrar su pertenencia a un estilo de vida activo y aventurero. Sirve como una excelente manera de decorar un veh\u00edculo personal, moto o incluso equipo, al tiempo que transmite respeto por todos los aspectos de la cultura motociclista y fomenta el esp\u00edritu de aventura y libertad.<\/p>\n<ul>\n<li>La fabricaci\u00f3n completa de la pegatina se realiza en Gogashop<\/li>\n<li>Fabricaci\u00f3n de pegatinas de coche de alta calidad<\/li>\n<li>Se utiliza una l\u00e1mina de primera calidad del fabricante ALEM\u00c1N<\/li>\n<li>No da\u00f1a el coche ni la pintura<\/li>\n<li>Resistencia a todas las condiciones clim\u00e1ticas<\/li>\n<\/ul>\n<p><strong>El paquete incluye:<\/strong><\/p>\n<ul>\n<li>1x Pegatina para coche<\/li>\n<\/ul>\n","protected":false},"featured_media":10479,"comment_status":"closed","ping_status":"closed","template":"","meta":[],"product_brand":[],"product_cat":[121],"product_tag":[],"class_list":{"0":"post-10357","1":"product","2":"type-product","3":"status-publish","4":"has-post-thumbnail","6":"product_cat-pegatinas-para-motoristas","8":"first","9":"instock","10":"shipping-taxable","11":"purchasable","12":"product-type-variable"},"_links":{"self":[{"href":"https:\/\/gogashop.com\/es\/wp-json\/wp\/v2\/product\/10357","targetHints":{"allow":["GET"]}}],"collection":[{"href":"https:\/\/gogashop.com\/es\/wp-json\/wp\/v2\/product"}],"about":[{"href":"https:\/\/gogashop.com\/es\/wp-json\/wp\/v2\/types\/product"}],"replies":[{"embeddable":true,"href":"https:\/\/gogashop.com\/es\/wp-json\/wp\/v2\/comments?post=10357"}],"wp:featuredmedia":[{"embeddable":true,"href":"https:\/\/gogashop.com\/es\/wp-json\/wp\/v2\/media\/10479"}],"wp:attachment":[{"href":"https:\/\/gogashop.com\/es\/wp-json\/wp\/v2\/media?parent=10357"}],"wp:term":[{"taxonomy":"product_brand","embeddable":true,"href":"https:\/\/gogashop.com\/es\/wp-json\/wp\/v2\/product_brand?post=10357"},{"taxonomy":"product_cat","embeddable":true,"href":"https:\/\/gogashop.com\/es\/wp-json\/wp\/v2\/product_cat?post=10357"},{"taxonomy":"product_tag","embeddable":true,"href":"https:\/\/gogashop.com\/es\/wp-json\/wp\/v2\/product_tag?post=10357"}],"curies":[{"name":"wp","href":"https:\/\/api.w.org\/{rel}","templated":true}]}}