{"id":796,"date":"2023-07-05T00:32:04","date_gmt":"2023-07-05T00:32:04","guid":{"rendered":"https:\/\/gogashop.com\/at\/?post_type=product&#038;p=796"},"modified":"2025-01-20T12:04:00","modified_gmt":"2025-01-20T12:04:00","slug":"temporare-ganzarm-tattoos-alpha-wolf","status":"publish","type":"product","link":"https:\/\/gogashop.com\/at\/temporare-ganzarm-tattoos-alpha-wolf\/","title":{"rendered":"Tempor\u00e4re Ganzarm-Tattoos Alpha Wolf"},"content":{"rendered":"","protected":false},"excerpt":{"rendered":"<p><strong>Eine tempor\u00e4re T\u00e4towierung f\u00fcr den ganzen Arm, die einen Alpha-Wolf darstellt<\/strong>, ist eine starke und symbolische Wahl.<\/p>\n<p>Der Alpha-Wolf ist der Anf\u00fchrer des Wolfsrudels und symbolisiert St\u00e4rke, F\u00fchrung und famili\u00e4re Verbundenheit. W\u00f6lfe sind auch Symbole f\u00fcr Intelligenz, Freiheit und Geheimnisse. In vielen Kulturen werden W\u00f6lfe als g\u00f6ttliche oder mystische Tiere verehrt.<\/p>\n<p>Ein mit einem Alpha-Wolf t\u00e4towierter ganzer Arm k\u00f6nnte eine starke pers\u00f6nliche Aussage \u00fcber F\u00fchrung, Familie oder Unabh\u00e4ngigkeit darstellen. Dieses Tattoo k\u00f6nnte ein Symbol f\u00fcr St\u00e4rke, Entschlossenheit und Verbundenheit mit der Natur sein. Ein ganzer Arm bietet viel Platz f\u00fcr detaillierte und beeindruckende k\u00fcnstlerische Darstellungen, die auch andere Elemente wie den Mond, den Wald oder andere Wolfsfiguren enthalten k\u00f6nnen, um die Symbolik und visuelle Attraktivit\u00e4t zu erh\u00f6hen.<\/p>\n<p><strong>Tattoo-Gr\u00f6\u00dfe:<\/strong> 48 cm x 17 cm<\/p>\n<p><strong>In diesem Paket erhalten Sie:<\/strong><\/p>\n<ul>\n<li>1x tempor\u00e4res Tattoo<\/li>\n<\/ul>\n[cg_accordion title=\"Wie man ein tempor\u00e4res Tattoo anbringt?\"]\n<p><iframe src=\"https:\/\/www.youtube.com\/embed\/igC6by1UR94\" width=\"560\" height=\"315\" frameborder=\"0\" allowfullscreen=\"allowfullscreen\" data-mce-fragment=\"1\"><\/iframe><\/p>\n<h2>Eigenschaften des tempor\u00e4ren Tattoos<\/h2>\n<ul>\n<li>Ein tempor\u00e4res Tattoo, das lange h\u00e4lt und jederzeit gereinigt werden kann<\/li>\n<li>Sch\u00f6ne und komplexe Musterbilder, die von hoher Qualit\u00e4t sind<\/li>\n<li>Sehr realistisches Aussehen, das Menschen nicht sofort als tempor\u00e4res Tattoo erkennen<\/li>\n<li>Sehr einfache Anwendung und k\u00f6rperfreundliche Materialien<\/li>\n<li>Sie k\u00f6nnen aus verschiedenen Formen und Mustern w\u00e4hlen<\/li>\n<p><\/\n<\/p>\n","protected":false},"featured_media":826,"comment_status":"open","ping_status":"closed","template":"","meta":[],"product_brand":[],"product_cat":[230],"product_tag":[180,179,178,36,25,177],"class_list":{"0":"post-796","1":"product","2":"type-product","3":"status-publish","4":"has-post-thumbnail","6":"product_cat-tatowierungen-fur-den-ganzen-arm","7":"product_tag-arm-tattoo","8":"product_tag-ganzarm-tattoo","9":"product_tag-sleeve-tattoo","10":"product_tag-temporare-tatowierungen","11":"product_tag-temporares-tattoo","12":"product_tag-temporares-tier-tattoo","14":"first","15":"outofstock","16":"shipping-taxable","17":"purchasable","18":"product-type-simple"},"_links":{"self":[{"href":"https:\/\/gogashop.com\/at\/wp-json\/wp\/v2\/product\/796","targetHints":{"allow":["GET"]}}],"collection":[{"href":"https:\/\/gogashop.com\/at\/wp-json\/wp\/v2\/product"}],"about":[{"href":"https:\/\/gogashop.com\/at\/wp-json\/wp\/v2\/types\/product"}],"replies":[{"embeddable":true,"href":"https:\/\/gogashop.com\/at\/wp-json\/wp\/v2\/comments?post=796"}],"wp:featuredmedia":[{"embeddable":true,"href":"https:\/\/gogashop.com\/at\/wp-json\/wp\/v2\/media\/826"}],"wp:attachment":[{"href":"https:\/\/gogashop.com\/at\/wp-json\/wp\/v2\/media?parent=796"}],"wp:term":[{"taxonomy":"product_brand","embeddable":true,"href":"https:\/\/gogashop.com\/at\/wp-json\/wp\/v2\/product_brand?post=796"},{"taxonomy":"product_cat","embeddable":true,"href":"https:\/\/gogashop.com\/at\/wp-json\/wp\/v2\/product_cat?post=796"},{"taxonomy":"product_tag","embeddable":true,"href":"https:\/\/gogashop.com\/at\/wp-json\/wp\/v2\/product_tag?post=796"}],"curies":[{"name":"wp","href":"https:\/\/api.w.org\/{rel}","templated":true}]}}