{"id":18035,"date":"2024-10-26T09:21:59","date_gmt":"2024-10-26T09:21:59","guid":{"rendered":"https:\/\/gogashop.com\/at\/?post_type=product&#038;p=18035"},"modified":"2024-10-26T09:22:05","modified_gmt":"2024-10-26T09:22:05","slug":"jagdetikett-hirschspuren","status":"publish","type":"product","link":"https:\/\/gogashop.com\/at\/jagdetikett-hirschspuren\/","title":{"rendered":"Jagdetikett Hirschspuren"},"content":{"rendered":"","protected":false},"excerpt":{"rendered":"<p>Der Aufkleber <strong>Hirschspuren<\/strong> ist eine subtile und einzigartige Wahl f\u00fcr jedes Auto, das Sie mit einem Hauch von Natur versch\u00f6nern m\u00f6chten. Der Aufkleber zeigt die Spuren von Hirschtritten, die einen Eindruck von Einfachheit und Verbundenheit mit der Wildnis schaffen.<\/p>\n<p><strong>Vorteile des Aufklebers:<\/strong><\/p>\n<ul>\n<li>Die gesamte Herstellung des Aufklebers erfolgt bei Gogashop<\/li>\n<li>Sie k\u00f6nnen optional Ihren eigenen Text hinzuf\u00fcgen \u2013 KOSTENLOS<\/li>\n<li>Hochwertige Herstellung des Autoaufklebers von h\u00f6herer Qualit\u00e4t<\/li>\n<li>Verwendete Premium-Folie eines DEUTSCHEN Herstellers<\/li>\n<li>Besch\u00e4digt weder das Auto noch die Farbe<\/li>\n<li>Einfache Installation und Entfernung<\/li>\n<\/ul>\n<p><strong>Paketinhalt:<\/strong><\/p>\n<ul>\n<li>1x Autoaufkleber<\/li>\n<\/ul>\n","protected":false},"featured_media":18045,"comment_status":"closed","ping_status":"closed","template":"","meta":[],"product_brand":[],"product_cat":[349],"product_tag":[],"class_list":{"0":"post-18035","1":"product","2":"type-product","3":"status-publish","4":"has-post-thumbnail","6":"product_cat-jagd-aufkleber","8":"first","9":"instock","10":"shipping-taxable","11":"purchasable","12":"product-type-variable"},"_links":{"self":[{"href":"https:\/\/gogashop.com\/at\/wp-json\/wp\/v2\/product\/18035","targetHints":{"allow":["GET"]}}],"collection":[{"href":"https:\/\/gogashop.com\/at\/wp-json\/wp\/v2\/product"}],"about":[{"href":"https:\/\/gogashop.com\/at\/wp-json\/wp\/v2\/types\/product"}],"replies":[{"embeddable":true,"href":"https:\/\/gogashop.com\/at\/wp-json\/wp\/v2\/comments?post=18035"}],"wp:featuredmedia":[{"embeddable":true,"href":"https:\/\/gogashop.com\/at\/wp-json\/wp\/v2\/media\/18045"}],"wp:attachment":[{"href":"https:\/\/gogashop.com\/at\/wp-json\/wp\/v2\/media?parent=18035"}],"wp:term":[{"taxonomy":"product_brand","embeddable":true,"href":"https:\/\/gogashop.com\/at\/wp-json\/wp\/v2\/product_brand?post=18035"},{"taxonomy":"product_cat","embeddable":true,"href":"https:\/\/gogashop.com\/at\/wp-json\/wp\/v2\/product_cat?post=18035"},{"taxonomy":"product_tag","embeddable":true,"href":"https:\/\/gogashop.com\/at\/wp-json\/wp\/v2\/product_tag?post=18035"}],"curies":[{"name":"wp","href":"https:\/\/api.w.org\/{rel}","templated":true}]}}