{"id":16595,"date":"2024-10-26T09:12:12","date_gmt":"2024-10-26T09:12:12","guid":{"rendered":"https:\/\/gogashop.com\/at\/?post_type=product&#038;p=16595"},"modified":"2024-10-26T09:16:08","modified_gmt":"2024-10-26T09:16:08","slug":"jagdetikett-hirsch-und-gewehre","status":"publish","type":"product","link":"https:\/\/gogashop.com\/at\/jagdetikett-hirsch-und-gewehre\/","title":{"rendered":"Jagdetikett Hirsch und Gewehre"},"content":{"rendered":"","protected":false},"excerpt":{"rendered":"<p><strong>Jagdsticker Hirsch und Gewehre<\/strong> ist ideal f\u00fcr diejenigen, die ihrem Auto eine starke und entschlossene Botschaft \u00fcber ihre Leidenschaft f\u00fcr die Jagd hinzuf\u00fcgen m\u00f6chten. Auf dem Sticker sticht die Silhouette eines Hirsches hervor, umgeben von zwei gekreuzten Gewehren, was die St\u00e4rke und Pr\u00e4zision des J\u00e4gers sowie seinen Respekt vor der Natur und den Wildtieren symbolisiert. Unten gibt es Platz, um Ihren pers\u00f6nlichen Text hinzuzuf\u00fcgen, was eine vollst\u00e4ndige Anpassung des Stickers erm\u00f6glicht.<\/p>\n<p>Dieser Sticker ist f\u00fcr alle J\u00e4ger gedacht, die ihre Leidenschaft f\u00fcr die Jagd klar und mutig ausdr\u00fccken m\u00f6chten. Er eignet sich auch f\u00fcr diejenigen, die in der Jagd mehr als nur einen Sport sehen \u2013 es geht um einen Lebensstil, eine Verbindung zur Natur und Verantwortung gegen\u00fcber der Wildnis. Mit seinem einfachen, aber kraftvollen Design wird Ihr Auto sofort Aufmerksamkeit erregen und Bewunderung hervorrufen.<\/p>\n<p>Unsere Sticker sind aus langlebigen Materialien gefertigt, die wetterbest\u00e4ndig sind, sodass sie jahrelang auf Ihrem Fahrzeug halten. Sie sind einfach zu installieren, ohne das Risiko, den Lack des Autos zu besch\u00e4digen.<\/p>\n<p><strong>Vorteile des Stickers:<\/strong><\/p>\n<ul>\n<li>Die gesamte Herstellung des Stickers erfolgt im Gogashop<\/li>\n<li>Optional k\u00f6nnen Sie dem Sticker Ihren Text hinzuf\u00fcgen \u2013 KOSTENLOS<\/li>\n<li>Hochwertige Herstellung des Autostickers f\u00fcr h\u00f6here Qualit\u00e4t<\/li>\n<li>Verwendete Premium-Folie eines DEUTSCHEN Herstellers<\/li>\n<li>Besch\u00e4digt das Auto und die Farbe nicht<\/li>\n<li>Einfache Installation und Entfernung<\/li>\n<\/ul>\n<p><strong>Inhalt des Pakets:<\/strong><\/p>\n<ul>\n<li>1x Autosticker<\/li>\n<\/ul>\n","protected":false},"featured_media":16763,"comment_status":"closed","ping_status":"closed","template":"","meta":[],"product_brand":[],"product_cat":[349],"product_tag":[],"class_list":{"0":"post-16595","1":"product","2":"type-product","3":"status-publish","4":"has-post-thumbnail","6":"product_cat-jagd-aufkleber","8":"first","9":"instock","10":"shipping-taxable","11":"purchasable","12":"product-type-variable"},"_links":{"self":[{"href":"https:\/\/gogashop.com\/at\/wp-json\/wp\/v2\/product\/16595","targetHints":{"allow":["GET"]}}],"collection":[{"href":"https:\/\/gogashop.com\/at\/wp-json\/wp\/v2\/product"}],"about":[{"href":"https:\/\/gogashop.com\/at\/wp-json\/wp\/v2\/types\/product"}],"replies":[{"embeddable":true,"href":"https:\/\/gogashop.com\/at\/wp-json\/wp\/v2\/comments?post=16595"}],"wp:featuredmedia":[{"embeddable":true,"href":"https:\/\/gogashop.com\/at\/wp-json\/wp\/v2\/media\/16763"}],"wp:attachment":[{"href":"https:\/\/gogashop.com\/at\/wp-json\/wp\/v2\/media?parent=16595"}],"wp:term":[{"taxonomy":"product_brand","embeddable":true,"href":"https:\/\/gogashop.com\/at\/wp-json\/wp\/v2\/product_brand?post=16595"},{"taxonomy":"product_cat","embeddable":true,"href":"https:\/\/gogashop.com\/at\/wp-json\/wp\/v2\/product_cat?post=16595"},{"taxonomy":"product_tag","embeddable":true,"href":"https:\/\/gogashop.com\/at\/wp-json\/wp\/v2\/product_tag?post=16595"}],"curies":[{"name":"wp","href":"https:\/\/api.w.org\/{rel}","templated":true}]}}