{"id":16593,"date":"2024-10-26T09:12:12","date_gmt":"2024-10-26T09:12:12","guid":{"rendered":"https:\/\/gogashop.com\/at\/?post_type=product&#038;p=16593"},"modified":"2024-10-26T09:16:08","modified_gmt":"2024-10-26T09:16:08","slug":"jagdaufkleber-fuer-das-auto","status":"publish","type":"product","link":"https:\/\/gogashop.com\/at\/jagdaufkleber-fuer-das-auto\/","title":{"rendered":"Jagdaufkleber f\u00fcr das Auto"},"content":{"rendered":"","protected":false},"excerpt":{"rendered":"<p><strong>Jagdsticker f\u00fcr das Auto<\/strong> ist die perfekte M\u00f6glichkeit, Ihre Liebe zur Natur und zur Jagd auf Ihrem Auto auszudr\u00fccken. Das Bild wird von einem m\u00e4chtigen Hirsch mit gro\u00dfen Geweihen dominiert, der die St\u00e4rke und Eleganz wilder Tiere symbolisiert, umgeben von B\u00e4umen, was den Eindruck einer tiefen Verbundenheit mit der Natur vermittelt. Mit seinem minimalistischen und gleichzeitig ausdrucksstarken Design wird dieser Sticker Blicke auf sich ziehen und Ihrem Fahrzeug einen einzigartigen Charakter verleihen.<\/p>\n<p>Der Sticker ist ideal f\u00fcr alle, die ihre Leidenschaft f\u00fcr die Jagd oder die Natur betonen m\u00f6chten, unabh\u00e4ngig davon, ob sie J\u00e4ger im Herzen sind oder einfach wilde Tiere und W\u00e4lder lieben. Seine Botschaft ist klar und einfach, bietet jedoch die M\u00f6glichkeit zur Personalisierung mit einem eigenen Schriftzug, was es erm\u00f6glicht, den Sticker noch weiter an Ihre W\u00fcnsche anzupassen. Unsere Sticker sind f\u00fcr den langfristigen Gebrauch konzipiert \u2013 sie sind aus hochwertigen Materialien gefertigt, die allen Wetterbedingungen standhalten. Sie sind einfach zu installieren und besch\u00e4digen Ihr Auto nicht, was sicherstellt, dass sie ihre Sch\u00f6nheit lange bewahren.<\/p>\n<p><strong>Vorteile des Stickers:<\/strong><\/p>\n<ul>\n<li>Die gesamte Herstellung des Stickers erfolgt im Gogashop<\/li>\n<li>Dem Sticker kann optional ein eigener Schriftzug hinzugef\u00fcgt werden \u2013 KOSTENLOS<\/li>\n<li>Hochwertige Herstellung des Autostickers von h\u00f6herer Qualit\u00e4t<\/li>\n<li>Verwendete erstklassige Folie eines DEUTSCHEN Herstellers<\/li>\n<li>Besch\u00e4digt das Auto und die Farbe nicht<\/li>\n<li>Einfache Installation und Entfernung<\/li>\n<\/ul>\n<p><strong>Inhalt des Pakets:<\/strong><\/p>\n<ul>\n<li>1x Autosticker<\/li>\n<\/ul>\n","protected":false},"featured_media":16751,"comment_status":"closed","ping_status":"closed","template":"","meta":[],"product_brand":[],"product_cat":[349],"product_tag":[],"class_list":{"0":"post-16593","1":"product","2":"type-product","3":"status-publish","4":"has-post-thumbnail","6":"product_cat-jagd-aufkleber","8":"first","9":"instock","10":"shipping-taxable","11":"purchasable","12":"product-type-variable"},"_links":{"self":[{"href":"https:\/\/gogashop.com\/at\/wp-json\/wp\/v2\/product\/16593","targetHints":{"allow":["GET"]}}],"collection":[{"href":"https:\/\/gogashop.com\/at\/wp-json\/wp\/v2\/product"}],"about":[{"href":"https:\/\/gogashop.com\/at\/wp-json\/wp\/v2\/types\/product"}],"replies":[{"embeddable":true,"href":"https:\/\/gogashop.com\/at\/wp-json\/wp\/v2\/comments?post=16593"}],"wp:featuredmedia":[{"embeddable":true,"href":"https:\/\/gogashop.com\/at\/wp-json\/wp\/v2\/media\/16751"}],"wp:attachment":[{"href":"https:\/\/gogashop.com\/at\/wp-json\/wp\/v2\/media?parent=16593"}],"wp:term":[{"taxonomy":"product_brand","embeddable":true,"href":"https:\/\/gogashop.com\/at\/wp-json\/wp\/v2\/product_brand?post=16593"},{"taxonomy":"product_cat","embeddable":true,"href":"https:\/\/gogashop.com\/at\/wp-json\/wp\/v2\/product_cat?post=16593"},{"taxonomy":"product_tag","embeddable":true,"href":"https:\/\/gogashop.com\/at\/wp-json\/wp\/v2\/product_tag?post=16593"}],"curies":[{"name":"wp","href":"https:\/\/api.w.org\/{rel}","templated":true}]}}