{"id":16591,"date":"2024-10-26T09:12:12","date_gmt":"2024-10-26T09:12:12","guid":{"rendered":"https:\/\/gogashop.com\/at\/?post_type=product&#038;p=16591"},"modified":"2024-10-26T09:16:01","modified_gmt":"2024-10-26T09:16:01","slug":"autoaufkleber-hirsch","status":"publish","type":"product","link":"https:\/\/gogashop.com\/at\/autoaufkleber-hirsch\/","title":{"rendered":"Autoaufkleber Hirsch"},"content":{"rendered":"","protected":false},"excerpt":{"rendered":"<p><strong>Autoaufkleber Hirsch<\/strong>, den Sie personalisieren k\u00f6nnen, ist ein hervorragendes Accessoire f\u00fcr alle J\u00e4ger, die ihrem Auto eine gro\u00dfartige Botschaft hinzuf\u00fcgen m\u00f6chten. Es handelt sich um einen sehr leidenschaftlichen Autoaufkleber, der bei J\u00e4gern \u00e4u\u00dferst beliebt ist. Auf dem Bild ist eine wundersch\u00f6ne grafische Darstellung eines Hirsches, die klar ausdr\u00fcckt, dass Sie ein leidenschaftlicher J\u00e4ger sind.<\/p>\n<p>Der Aufkleber ist von au\u00dfergew\u00f6hnlicher Qualit\u00e4t, da die besten Materialien verwendet werden, die Ihnen viele Jahre dienen werden. Sie k\u00f6nnen den Aufkleber vollst\u00e4ndig personalisieren und den gew\u00fcnschten Text hinzuf\u00fcgen.<\/p>\n<p><strong>Vorteile des Aufklebers:<\/strong><\/p>\n<ul>\n<li>Die gesamte Herstellung des Aufklebers erfolgt im Gogashop<\/li>\n<li>Sie k\u00f6nnen dem Aufkleber optional Ihren eigenen Text hinzuf\u00fcgen \u2013 KOSTENLOS<\/li>\n<li>Hochwertige Herstellung des Autoaufklebers von h\u00f6herer Qualit\u00e4t<\/li>\n<li>Verwendete hochwertige Folie eines DEUTSCHEN Herstellers<\/li>\n<li>Besch\u00e4digt das Auto und die Farbe nicht<\/li>\n<li>Einfache Installation und Entfernung<\/li>\n<\/ul>\n<p><strong>Inhalt des Pakets:<\/strong><\/p>\n<ul>\n<li>1x Autoaufkleber<\/li>\n<\/ul>\n","protected":false},"featured_media":16739,"comment_status":"closed","ping_status":"closed","template":"","meta":[],"product_brand":[],"product_cat":[349],"product_tag":[],"class_list":{"0":"post-16591","1":"product","2":"type-product","3":"status-publish","4":"has-post-thumbnail","6":"product_cat-jagd-aufkleber","8":"first","9":"instock","10":"shipping-taxable","11":"purchasable","12":"product-type-variable"},"_links":{"self":[{"href":"https:\/\/gogashop.com\/at\/wp-json\/wp\/v2\/product\/16591","targetHints":{"allow":["GET"]}}],"collection":[{"href":"https:\/\/gogashop.com\/at\/wp-json\/wp\/v2\/product"}],"about":[{"href":"https:\/\/gogashop.com\/at\/wp-json\/wp\/v2\/types\/product"}],"replies":[{"embeddable":true,"href":"https:\/\/gogashop.com\/at\/wp-json\/wp\/v2\/comments?post=16591"}],"wp:featuredmedia":[{"embeddable":true,"href":"https:\/\/gogashop.com\/at\/wp-json\/wp\/v2\/media\/16739"}],"wp:attachment":[{"href":"https:\/\/gogashop.com\/at\/wp-json\/wp\/v2\/media?parent=16591"}],"wp:term":[{"taxonomy":"product_brand","embeddable":true,"href":"https:\/\/gogashop.com\/at\/wp-json\/wp\/v2\/product_brand?post=16591"},{"taxonomy":"product_cat","embeddable":true,"href":"https:\/\/gogashop.com\/at\/wp-json\/wp\/v2\/product_cat?post=16591"},{"taxonomy":"product_tag","embeddable":true,"href":"https:\/\/gogashop.com\/at\/wp-json\/wp\/v2\/product_tag?post=16591"}],"curies":[{"name":"wp","href":"https:\/\/api.w.org\/{rel}","templated":true}]}}