{"id":16590,"date":"2024-10-26T09:12:12","date_gmt":"2024-10-26T09:12:12","guid":{"rendered":"https:\/\/gogashop.com\/at\/?post_type=product&#038;p=16590"},"modified":"2024-10-26T09:16:01","modified_gmt":"2024-10-26T09:16:01","slug":"hirsch-und-berge-aufkleber","status":"publish","type":"product","link":"https:\/\/gogashop.com\/at\/hirsch-und-berge-aufkleber\/","title":{"rendered":"Hirsch und Berge Aufkleber"},"content":{"rendered":"","protected":false},"excerpt":{"rendered":"<p><strong>Das Etikett Hirsch und Berge<\/strong> vereint das majest\u00e4tische Bild eines Hirsches mit der Silhouette einer Berglandschaft, die sich in seinem K\u00f6rper erstreckt. Dieses einzigartige Design symbolisiert sch\u00f6n die tiefe Verbindung zwischen Wildnis, Bergen und den dort lebenden Tieren. Das Etikett zeigt sowohl die Ruhe als auch die Kraft der Natur, was es zur perfekten Wahl f\u00fcr alle Naturliebhaber, J\u00e4ger und diejenigen macht, die Berglandschaften bewundern.<\/p>\n<p>Auf einem Auto angebracht, wird dieses Etikett Aufmerksamkeit erregen und Ihre Liebe zur Natur und zu Bergabenteuern hervorheben. Sein raffiniertes Bild ist geeignet f\u00fcr alle, die ihre Leidenschaft f\u00fcr die Wildnis subtil, aber \u00e4sthetisch ausdr\u00fccken m\u00f6chten. Unsere Etiketten sind aus hochwertigen Materialien gefertigt, die wetter- und UV-best\u00e4ndig sind, was eine langanhaltende Haltbarkeit gew\u00e4hrleistet. Sie sind einfach zu installieren und k\u00f6nnen ohne Besch\u00e4digung des Fahrzeugs entfernt werden, was eine sorgenfreie Nutzung auf Ihrem Auto erm\u00f6glicht.<\/p>\n<p><strong>Vorteile des Etiketts:<\/strong><\/p>\n<ul>\n<li>Die gesamte Herstellung des Etiketts erfolgt im Gogashop<\/li>\n<li>Sie k\u00f6nnen optional Ihren eigenen Text hinzuf\u00fcgen \u2013 KOSTENLOS<\/li>\n<li>Hochwertige Herstellung des Autoetiketts von h\u00f6herer Qualit\u00e4t<\/li>\n<li>Verwendete erstklassige Folie eines DEUTSCHEN Herstellers<\/li>\n<li>Besch\u00e4digt das Auto und die Farbe nicht<\/li>\n<li>Einfache Installation und Entfernung<\/li>\n<\/ul>\n<p><strong>Paketinhalt:<\/strong><\/p>\n<ul>\n<li>1x Autoetikett<\/li>\n<\/ul>\n","protected":false},"featured_media":16733,"comment_status":"closed","ping_status":"closed","template":"","meta":[],"product_brand":[],"product_cat":[349],"product_tag":[],"class_list":{"0":"post-16590","1":"product","2":"type-product","3":"status-publish","4":"has-post-thumbnail","6":"product_cat-jagd-aufkleber","8":"first","9":"instock","10":"shipping-taxable","11":"purchasable","12":"product-type-variable"},"_links":{"self":[{"href":"https:\/\/gogashop.com\/at\/wp-json\/wp\/v2\/product\/16590","targetHints":{"allow":["GET"]}}],"collection":[{"href":"https:\/\/gogashop.com\/at\/wp-json\/wp\/v2\/product"}],"about":[{"href":"https:\/\/gogashop.com\/at\/wp-json\/wp\/v2\/types\/product"}],"replies":[{"embeddable":true,"href":"https:\/\/gogashop.com\/at\/wp-json\/wp\/v2\/comments?post=16590"}],"wp:featuredmedia":[{"embeddable":true,"href":"https:\/\/gogashop.com\/at\/wp-json\/wp\/v2\/media\/16733"}],"wp:attachment":[{"href":"https:\/\/gogashop.com\/at\/wp-json\/wp\/v2\/media?parent=16590"}],"wp:term":[{"taxonomy":"product_brand","embeddable":true,"href":"https:\/\/gogashop.com\/at\/wp-json\/wp\/v2\/product_brand?post=16590"},{"taxonomy":"product_cat","embeddable":true,"href":"https:\/\/gogashop.com\/at\/wp-json\/wp\/v2\/product_cat?post=16590"},{"taxonomy":"product_tag","embeddable":true,"href":"https:\/\/gogashop.com\/at\/wp-json\/wp\/v2\/product_tag?post=16590"}],"curies":[{"name":"wp","href":"https:\/\/api.w.org\/{rel}","templated":true}]}}