{"id":16589,"date":"2024-10-26T09:12:12","date_gmt":"2024-10-26T09:12:12","guid":{"rendered":"https:\/\/gogashop.com\/at\/?post_type=product&#038;p=16589"},"modified":"2024-10-26T09:16:01","modified_gmt":"2024-10-26T09:16:01","slug":"hirschschaedel-aufkleber","status":"publish","type":"product","link":"https:\/\/gogashop.com\/at\/hirschschaedel-aufkleber\/","title":{"rendered":"Hirschsch\u00e4del-Aufkleber"},"content":{"rendered":"","protected":false},"excerpt":{"rendered":"<p><strong>Aufkleber Hirschsch\u00e4del<\/strong> zeigt ein beeindruckendes und stilisiertes Bild eines Hirschsch\u00e4dels mit majest\u00e4tischen Geweihen, das die Kraft und Wildheit der Natur ausdr\u00fcckt. Dieses minimalistische, aber ausdrucksstarke Motiv ist perfekt f\u00fcr diejenigen, die eine M\u00f6glichkeit suchen, ihre Leidenschaft f\u00fcr die Jagd und ihre Wertsch\u00e4tzung f\u00fcr die Tierwelt auf symbolische Weise auszudr\u00fccken.<\/p>\n<p>Wenn Sie diesen Aufkleber auf Ihr Auto anbringen, wird er sofort auffallen und Aufmerksamkeit erregen, da er mit seiner einzigartigen \u00c4sthetik Ihre Verbundenheit mit der Natur und den Jagdtraditionen klar zum Ausdruck bringt. Er ist ideal f\u00fcr J\u00e4ger und Naturliebhaber, die ihrem Fahrzeug eine pers\u00f6nliche und kraftvolle Note verleihen m\u00f6chten. Die Aufkleber sind aus hochwertigen und wetterbest\u00e4ndigen Materialien gefertigt, was ihre Langlebigkeit gew\u00e4hrleistet. Sie sind einfach zu installieren und k\u00f6nnen ohne Besch\u00e4digung des Fahrzeugs entfernt werden, was eine sorgenfreie Nutzung und ein hervorragendes Aussehen Ihres Fahrzeugs garantiert.<\/p>\n<p><strong>Vorteile des Aufklebers:<\/strong><\/p>\n<ul>\n<li>Die gesamte Herstellung des Aufklebers erfolgt im Gogashop<\/li>\n<li>Sie k\u00f6nnen dem Aufkleber optional Ihren eigenen Text hinzuf\u00fcgen \u2013 KOSTENLOS<\/li>\n<li>Hochwertige Herstellung des Autoaufklebers von h\u00f6herer Qualit\u00e4t<\/li>\n<li>Verwendete Premium-Folie eines DEUTSCHEN Herstellers<\/li>\n<li>Besch\u00e4digt das Auto und die Farbe nicht<\/li>\n<li>Einfache Installation und Entfernung<\/li>\n<\/ul>\n<p><strong>Inhalt des Pakets:<\/strong><\/p>\n<ul>\n<li>1x Autoaufkleber<\/li>\n<\/ul>\n","protected":false},"featured_media":16721,"comment_status":"closed","ping_status":"closed","template":"","meta":[],"product_brand":[],"product_cat":[349],"product_tag":[],"class_list":{"0":"post-16589","1":"product","2":"type-product","3":"status-publish","4":"has-post-thumbnail","6":"product_cat-jagd-aufkleber","8":"first","9":"instock","10":"shipping-taxable","11":"purchasable","12":"product-type-variable"},"_links":{"self":[{"href":"https:\/\/gogashop.com\/at\/wp-json\/wp\/v2\/product\/16589","targetHints":{"allow":["GET"]}}],"collection":[{"href":"https:\/\/gogashop.com\/at\/wp-json\/wp\/v2\/product"}],"about":[{"href":"https:\/\/gogashop.com\/at\/wp-json\/wp\/v2\/types\/product"}],"replies":[{"embeddable":true,"href":"https:\/\/gogashop.com\/at\/wp-json\/wp\/v2\/comments?post=16589"}],"wp:featuredmedia":[{"embeddable":true,"href":"https:\/\/gogashop.com\/at\/wp-json\/wp\/v2\/media\/16721"}],"wp:attachment":[{"href":"https:\/\/gogashop.com\/at\/wp-json\/wp\/v2\/media?parent=16589"}],"wp:term":[{"taxonomy":"product_brand","embeddable":true,"href":"https:\/\/gogashop.com\/at\/wp-json\/wp\/v2\/product_brand?post=16589"},{"taxonomy":"product_cat","embeddable":true,"href":"https:\/\/gogashop.com\/at\/wp-json\/wp\/v2\/product_cat?post=16589"},{"taxonomy":"product_tag","embeddable":true,"href":"https:\/\/gogashop.com\/at\/wp-json\/wp\/v2\/product_tag?post=16589"}],"curies":[{"name":"wp","href":"https:\/\/api.w.org\/{rel}","templated":true}]}}