{"id":16588,"date":"2024-10-26T09:12:12","date_gmt":"2024-10-26T09:12:12","guid":{"rendered":"https:\/\/gogashop.com\/at\/?post_type=product&#038;p=16588"},"modified":"2024-10-26T09:16:01","modified_gmt":"2024-10-26T09:16:01","slug":"jagdgewehr-aufkleber","status":"publish","type":"product","link":"https:\/\/gogashop.com\/at\/jagdgewehr-aufkleber\/","title":{"rendered":"Jagdgewehr-Aufkleber"},"content":{"rendered":"","protected":false},"excerpt":{"rendered":"<p><strong>Aufkleber Jagdgewehr<\/strong> ist eine minimalistische und gleichzeitig ausdrucksstarke Darstellung der pr\u00e4zise gezeichneten Silhouette eines Jagdgewehrs mit Zielfernrohr. Dieses Design ist perfekt f\u00fcr alle, die ihre Leidenschaft f\u00fcr Jagd und Schie\u00dfen auf subtile, aber dennoch klare Weise ausdr\u00fccken m\u00f6chten. Mit seiner einfachen Form wird der Aufkleber sicherlich Blicke auf sich ziehen und Ihrem Fahrzeug eine einzigartige Note verleihen.<\/p>\n<p>Der Aufkleber ist f\u00fcr alle J\u00e4ger und Sch\u00fctzen gedacht, die Einfachheit und Funktionalit\u00e4t sch\u00e4tzen und gleichzeitig ihr Auto mit einem Symbol ausstatten m\u00f6chten, das ihren Lebensstil ausdr\u00fcckt. Er ist aus hochwertigen Materialien gefertigt, die allen Witterungseinfl\u00fcssen standhalten, was eine lange Haltbarkeit gew\u00e4hrleistet. Der Aufkleber ist einfach zu installieren und zu entfernen, ohne die Oberfl\u00e4che Ihres Autos zu besch\u00e4digen, was eine sorgenfreie Nutzung erm\u00f6glicht.<\/p>\n<p><strong>Vorteile des Aufklebers:<\/strong><\/p>\n<ul>\n<li>Die gesamte Herstellung des Aufklebers erfolgt im Gogashop<\/li>\n<li>Dem Aufkleber kann optional kostenlos ein eigener Schriftzug hinzugef\u00fcgt werden<\/li>\n<li>Hochwertige Herstellung des Autoaufklebers in h\u00f6herer Qualit\u00e4t<\/li>\n<li>Verwendete Premium-Folie eines DEUTSCHEN Herstellers<\/li>\n<li>Besch\u00e4digt das Auto und die Farbe nicht<\/li>\n<li>Einfache Installation und Entfernung<\/li>\n<\/ul>\n<p><strong>Inhalt des Pakets:<\/strong><\/p>\n<ul>\n<li>1x Autoaufkleber<\/li>\n<\/ul>\n","protected":false},"featured_media":16715,"comment_status":"closed","ping_status":"closed","template":"","meta":[],"product_brand":[],"product_cat":[349],"product_tag":[],"class_list":{"0":"post-16588","1":"product","2":"type-product","3":"status-publish","4":"has-post-thumbnail","6":"product_cat-jagd-aufkleber","8":"first","9":"instock","10":"shipping-taxable","11":"purchasable","12":"product-type-variable"},"_links":{"self":[{"href":"https:\/\/gogashop.com\/at\/wp-json\/wp\/v2\/product\/16588","targetHints":{"allow":["GET"]}}],"collection":[{"href":"https:\/\/gogashop.com\/at\/wp-json\/wp\/v2\/product"}],"about":[{"href":"https:\/\/gogashop.com\/at\/wp-json\/wp\/v2\/types\/product"}],"replies":[{"embeddable":true,"href":"https:\/\/gogashop.com\/at\/wp-json\/wp\/v2\/comments?post=16588"}],"wp:featuredmedia":[{"embeddable":true,"href":"https:\/\/gogashop.com\/at\/wp-json\/wp\/v2\/media\/16715"}],"wp:attachment":[{"href":"https:\/\/gogashop.com\/at\/wp-json\/wp\/v2\/media?parent=16588"}],"wp:term":[{"taxonomy":"product_brand","embeddable":true,"href":"https:\/\/gogashop.com\/at\/wp-json\/wp\/v2\/product_brand?post=16588"},{"taxonomy":"product_cat","embeddable":true,"href":"https:\/\/gogashop.com\/at\/wp-json\/wp\/v2\/product_cat?post=16588"},{"taxonomy":"product_tag","embeddable":true,"href":"https:\/\/gogashop.com\/at\/wp-json\/wp\/v2\/product_tag?post=16588"}],"curies":[{"name":"wp","href":"https:\/\/api.w.org\/{rel}","templated":true}]}}