{"id":16585,"date":"2024-10-26T09:12:12","date_gmt":"2024-10-26T09:12:12","guid":{"rendered":"https:\/\/gogashop.com\/at\/?post_type=product&#038;p=16585"},"modified":"2024-10-26T09:15:54","modified_gmt":"2024-10-26T09:15:54","slug":"jagdetikett-hirsch-und-reh-im-gras","status":"publish","type":"product","link":"https:\/\/gogashop.com\/at\/jagdetikett-hirsch-und-reh-im-gras\/","title":{"rendered":"Jagdetikett Hirsch und Reh im Gras"},"content":{"rendered":"","protected":false},"excerpt":{"rendered":"<p><strong>Jagdsticker Hirsch und Reh im Gras<\/strong> zeigt eine ruhige Szene, in der ein majest\u00e4tischer Hirsch mit seinem Geweih neben einem Reh steht, beide im hohen Gras versteckt. Dieser Sticker stellt die Harmonie zwischen diesen beiden Tieren und die Ruhe der nat\u00fcrlichen Umgebung sch\u00f6n dar. Es ist eine Szene, die oft von denen erlebt wird, die die Wildnis und die Natur genie\u00dfen, insbesondere J\u00e4ger und Tierliebhaber.<\/p>\n<p>Die Anbringung dieses Stickers auf Ihrem Auto wird Ihre Liebe zur Natur und zu Wildtieren betonen und gleichzeitig Ihrem Fahrzeug einen Hauch von Eleganz verleihen. Er ist geeignet f\u00fcr alle, die Wildtiere bewundern und dies auf subtile, aber \u00e4sthetisch ansprechende Weise ausdr\u00fccken m\u00f6chten. Die Sticker sind aus hochwertigen Materialien gefertigt, die wetter- und UV-best\u00e4ndig sind, was eine lange Lebensdauer gew\u00e4hrleistet. Sie sind einfach zu installieren und k\u00f6nnen ohne Besch\u00e4digung der Fahrzeugoberfl\u00e4che entfernt werden, was eine sorgenfreie Nutzung erm\u00f6glicht.<\/p>\n<p><strong>Vorteile des Stickers:<\/strong><\/p>\n<ul>\n<li>Die gesamte Herstellung des Stickers erfolgt bei Gogashop<\/li>\n<li>Dem Sticker kann optional kostenlos ein eigener Schriftzug hinzugef\u00fcgt werden<\/li>\n<li>Hochwertige Herstellung des Autostickers von h\u00f6herer Qualit\u00e4t<\/li>\n<li>Verwendete Premium-Folie eines DEUTSCHEN Herstellers<\/li>\n<li>Besch\u00e4digt das Auto und die Farbe nicht<\/li>\n<li>Einfache Installation und Entfernung<\/li>\n<\/ul>\n<p><strong>Paketinhalt:<\/strong><\/p>\n<ul>\n<li>1x Autosticker<\/li>\n<\/ul>\n","protected":false},"featured_media":16697,"comment_status":"closed","ping_status":"closed","template":"","meta":[],"product_brand":[],"product_cat":[349],"product_tag":[],"class_list":{"0":"post-16585","1":"product","2":"type-product","3":"status-publish","4":"has-post-thumbnail","6":"product_cat-jagd-aufkleber","8":"first","9":"instock","10":"shipping-taxable","11":"purchasable","12":"product-type-variable"},"_links":{"self":[{"href":"https:\/\/gogashop.com\/at\/wp-json\/wp\/v2\/product\/16585","targetHints":{"allow":["GET"]}}],"collection":[{"href":"https:\/\/gogashop.com\/at\/wp-json\/wp\/v2\/product"}],"about":[{"href":"https:\/\/gogashop.com\/at\/wp-json\/wp\/v2\/types\/product"}],"replies":[{"embeddable":true,"href":"https:\/\/gogashop.com\/at\/wp-json\/wp\/v2\/comments?post=16585"}],"wp:featuredmedia":[{"embeddable":true,"href":"https:\/\/gogashop.com\/at\/wp-json\/wp\/v2\/media\/16697"}],"wp:attachment":[{"href":"https:\/\/gogashop.com\/at\/wp-json\/wp\/v2\/media?parent=16585"}],"wp:term":[{"taxonomy":"product_brand","embeddable":true,"href":"https:\/\/gogashop.com\/at\/wp-json\/wp\/v2\/product_brand?post=16585"},{"taxonomy":"product_cat","embeddable":true,"href":"https:\/\/gogashop.com\/at\/wp-json\/wp\/v2\/product_cat?post=16585"},{"taxonomy":"product_tag","embeddable":true,"href":"https:\/\/gogashop.com\/at\/wp-json\/wp\/v2\/product_tag?post=16585"}],"curies":[{"name":"wp","href":"https:\/\/api.w.org\/{rel}","templated":true}]}}