{"id":16583,"date":"2024-10-26T09:12:11","date_gmt":"2024-10-26T09:12:11","guid":{"rendered":"https:\/\/gogashop.com\/at\/?post_type=product&#038;p=16583"},"modified":"2024-10-26T09:15:53","modified_gmt":"2024-10-26T09:15:53","slug":"jagdetikett-hirschkopf-mit-geweih","status":"publish","type":"product","link":"https:\/\/gogashop.com\/at\/jagdetikett-hirschkopf-mit-geweih\/","title":{"rendered":"Jagdetikett Hirschkopf mit Geweih"},"content":{"rendered":"","protected":false},"excerpt":{"rendered":"<p><strong>Jagdsticker Hirschkopf mit Geweih<\/strong> zeigt eine einfache und elegante Silhouette eines Hirschkopfes mit charakteristischen gro\u00dfen Geweihen, die die St\u00e4rke und den Stolz dieses wilden Tieres betonen. Mit seinem minimalistischen und klaren Design verleiht dieser Sticker Ihrem Fahrzeug ein raffiniertes Aussehen und symbolisiert gleichzeitig Ihre Verbundenheit mit der Natur und der Jagd.<\/p>\n<p>Der Sticker ist ideal f\u00fcr alle J\u00e4ger und Naturliebhaber, die ihrem Auto ein dezentes, aber markantes Element der Wildnis hinzuf\u00fcgen m\u00f6chten. Seine Einfachheit erm\u00f6glicht es, dass er problemlos auf jedes Fahrzeug passt, wo er Ihre Liebe zur Jagd deutlich hervorhebt.<\/p>\n<p>Unsere Sticker sind aus langlebigen Materialien gefertigt, die wetterbest\u00e4ndig sind, was eine lange Haltbarkeit und Farbbest\u00e4ndigkeit gew\u00e4hrleistet. Dar\u00fcber hinaus sind sie einfach zu installieren und k\u00f6nnen ohne Besch\u00e4digung der Fahrzeugoberfl\u00e4che entfernt werden, was eine sorgenfreie Nutzung erm\u00f6glicht.<\/p>\n<p><strong>Vorteile des Stickers:<\/strong><\/p>\n<ul>\n<li>Die gesamte Herstellung des Stickers erfolgt bei Gogashop<\/li>\n<li>Dem Sticker kann optional kostenlos ein eigener Schriftzug hinzugef\u00fcgt werden<\/li>\n<li>Hochwertige Herstellung des Autostickers in h\u00f6herer Qualit\u00e4t<\/li>\n<li>Verwendete Premium-Folie eines DEUTSCHEN Herstellers<\/li>\n<li>Besch\u00e4digt weder das Auto noch die Farbe<\/li>\n<li>Einfache Installation und Entfernung<\/li>\n<\/ul>\n<p><strong>Inhalt des Pakets:<\/strong><\/p>\n<ul>\n<li>1x Autosticker<\/li>\n<\/ul>\n","protected":false},"featured_media":16679,"comment_status":"closed","ping_status":"closed","template":"","meta":[],"product_brand":[],"product_cat":[349],"product_tag":[],"class_list":{"0":"post-16583","1":"product","2":"type-product","3":"status-publish","4":"has-post-thumbnail","6":"product_cat-jagd-aufkleber","8":"first","9":"instock","10":"shipping-taxable","11":"purchasable","12":"product-type-variable"},"_links":{"self":[{"href":"https:\/\/gogashop.com\/at\/wp-json\/wp\/v2\/product\/16583","targetHints":{"allow":["GET"]}}],"collection":[{"href":"https:\/\/gogashop.com\/at\/wp-json\/wp\/v2\/product"}],"about":[{"href":"https:\/\/gogashop.com\/at\/wp-json\/wp\/v2\/types\/product"}],"replies":[{"embeddable":true,"href":"https:\/\/gogashop.com\/at\/wp-json\/wp\/v2\/comments?post=16583"}],"wp:featuredmedia":[{"embeddable":true,"href":"https:\/\/gogashop.com\/at\/wp-json\/wp\/v2\/media\/16679"}],"wp:attachment":[{"href":"https:\/\/gogashop.com\/at\/wp-json\/wp\/v2\/media?parent=16583"}],"wp:term":[{"taxonomy":"product_brand","embeddable":true,"href":"https:\/\/gogashop.com\/at\/wp-json\/wp\/v2\/product_brand?post=16583"},{"taxonomy":"product_cat","embeddable":true,"href":"https:\/\/gogashop.com\/at\/wp-json\/wp\/v2\/product_cat?post=16583"},{"taxonomy":"product_tag","embeddable":true,"href":"https:\/\/gogashop.com\/at\/wp-json\/wp\/v2\/product_tag?post=16583"}],"curies":[{"name":"wp","href":"https:\/\/api.w.org\/{rel}","templated":true}]}}