{"id":16582,"date":"2024-10-26T09:12:11","date_gmt":"2024-10-26T09:12:11","guid":{"rendered":"https:\/\/gogashop.com\/at\/?post_type=product&#038;p=16582"},"modified":"2024-10-26T09:15:46","modified_gmt":"2024-10-26T09:15:46","slug":"jagdsticker-fuer-auto-hirsch-im-wald","status":"publish","type":"product","link":"https:\/\/gogashop.com\/at\/jagdsticker-fuer-auto-hirsch-im-wald\/","title":{"rendered":"Jagdsticker f\u00fcr Auto Hirsch im Wald"},"content":{"rendered":"","protected":false},"excerpt":{"rendered":"<p><strong>Jagdsticker f\u00fcr Auto Hirsch im Wald<\/strong> zeigt ein wundersch\u00f6nes Bild eines majest\u00e4tischen Hirsches, der inmitten einer Waldumgebung steht, umgeben von Tannen. Diese Darstellung symbolisiert die Ruhe und nat\u00fcrliche Erhabenheit der W\u00e4lder, in denen sich der Hirsch heimisch f\u00fchlt. Der Sticker schafft eine Verbindung zwischen Mensch und Natur und ist die perfekte Wahl f\u00fcr alle, die Waldlandschaften und Wildtiere sch\u00e4tzen.<\/p>\n<p>Auf dem Auto angebracht, wird dieser Sticker Ihre Leidenschaft f\u00fcr die Natur und die Jagd deutlich zeigen und gleichzeitig Ihrem Fahrzeug ein einzigartiges und ansprechendes Aussehen verleihen. Er ist geeignet f\u00fcr alle J\u00e4ger, F\u00f6rster und Naturliebhaber, die mit ihrem Auto ihre Verbundenheit mit der Wildnis zeigen m\u00f6chten.<\/p>\n<p>Unsere Sticker sind \u00e4u\u00dferst langlebig und wetterbest\u00e4ndig, was eine langanhaltende Nutzung gew\u00e4hrleistet. Sie sind einfach zu installieren und k\u00f6nnen problemlos entfernt werden, ohne die Oberfl\u00e4che des Autos zu besch\u00e4digen, was eine sorgenfreie Nutzung auf Ihrem Fahrzeug erm\u00f6glicht.<\/p>\n<p><strong>Vorteile des Stickers:<\/strong><\/p>\n<ul>\n<li>Die gesamte Herstellung des Stickers erfolgt im Gogashop<\/li>\n<li>Dem Sticker kann optional Ihr eigener Text hinzugef\u00fcgt werden \u2013 KOSTENLOS<\/li>\n<li>Hochwertige Herstellung des Autostickers von h\u00f6herer Qualit\u00e4t<\/li>\n<li>Verwendete Premium-Folie eines DEUTSCHEN Herstellers<\/li>\n<li>Besch\u00e4digt das Auto und die Farbe nicht<\/li>\n<li>Einfache Installation und Entfernung<\/li>\n<\/ul>\n<p><strong>Inhalt des Pakets:<\/strong><\/p>\n<ul>\n<li>1x Autosticker<\/li>\n<\/ul>\n","protected":false},"featured_media":16673,"comment_status":"closed","ping_status":"closed","template":"","meta":[],"product_brand":[],"product_cat":[349],"product_tag":[],"class_list":{"0":"post-16582","1":"product","2":"type-product","3":"status-publish","4":"has-post-thumbnail","6":"product_cat-jagd-aufkleber","8":"first","9":"instock","10":"shipping-taxable","11":"purchasable","12":"product-type-variable"},"_links":{"self":[{"href":"https:\/\/gogashop.com\/at\/wp-json\/wp\/v2\/product\/16582","targetHints":{"allow":["GET"]}}],"collection":[{"href":"https:\/\/gogashop.com\/at\/wp-json\/wp\/v2\/product"}],"about":[{"href":"https:\/\/gogashop.com\/at\/wp-json\/wp\/v2\/types\/product"}],"replies":[{"embeddable":true,"href":"https:\/\/gogashop.com\/at\/wp-json\/wp\/v2\/comments?post=16582"}],"wp:featuredmedia":[{"embeddable":true,"href":"https:\/\/gogashop.com\/at\/wp-json\/wp\/v2\/media\/16673"}],"wp:attachment":[{"href":"https:\/\/gogashop.com\/at\/wp-json\/wp\/v2\/media?parent=16582"}],"wp:term":[{"taxonomy":"product_brand","embeddable":true,"href":"https:\/\/gogashop.com\/at\/wp-json\/wp\/v2\/product_brand?post=16582"},{"taxonomy":"product_cat","embeddable":true,"href":"https:\/\/gogashop.com\/at\/wp-json\/wp\/v2\/product_cat?post=16582"},{"taxonomy":"product_tag","embeddable":true,"href":"https:\/\/gogashop.com\/at\/wp-json\/wp\/v2\/product_tag?post=16582"}],"curies":[{"name":"wp","href":"https:\/\/api.w.org\/{rel}","templated":true}]}}