{"id":16577,"date":"2024-10-26T09:12:11","date_gmt":"2024-10-26T09:12:11","guid":{"rendered":"https:\/\/gogashop.com\/at\/?post_type=product&#038;p=16577"},"modified":"2024-10-26T09:15:39","modified_gmt":"2024-10-26T09:15:39","slug":"hirschaufkleber-fuer-auto","status":"publish","type":"product","link":"https:\/\/gogashop.com\/at\/hirschaufkleber-fuer-auto\/","title":{"rendered":"Hirschaufkleber f\u00fcr Auto"},"content":{"rendered":"","protected":false},"excerpt":{"rendered":"<p><strong>Autoaufkleber Hirsch<\/strong> ist eine attraktive und auff\u00e4llige Grafik, die einen stilisierten Hirschkopf mit gro\u00dfen Geweihen darstellt. Mit scharfen Linien und modernem Aussehen betont dieser Aufkleber die Eleganz und St\u00e4rke des Hirsches, der ein Symbol f\u00fcr Wildnis und Natur ist. Dieses Design ist perfekt f\u00fcr alle, die ihrem Auto ein einzigartiges, von der Natur inspiriertes Motiv hinzuf\u00fcgen m\u00f6chten.<\/p>\n<p>Durch das Anbringen dieses Aufklebers an Ihrem Auto wird das Fahrzeug Ihre Liebe zu Wildtieren und Natur widerspiegeln und gleichzeitig dem Fahrzeug ein personalisiertes Aussehen verleihen. Es ist f\u00fcr Jagdliebhaber, Naturliebhaber und alle, die die einfache, aber kraftvolle \u00c4sthetik der Tierwelt sch\u00e4tzen, gedacht. Unsere Aufkleber sind aus hochwertigen Materialien gefertigt, die Wetter- und UV-best\u00e4ndig sind, was sie langlebig macht und ihr Aussehen bewahrt. Sie sind einfach zu installieren und k\u00f6nnen problemlos entfernt werden, ohne die Oberfl\u00e4che des Fahrzeugs zu besch\u00e4digen, was eine sichere und sorgenfreie Nutzung gew\u00e4hrleistet.<\/p>\n<p><strong>Vorteile des Aufklebers:<\/strong><\/p>\n<ul>\n<li>Die gesamte Herstellung des Aufklebers erfolgt im Gogashop<\/li>\n<li>Sie k\u00f6nnen optional Ihren eigenen Text hinzuf\u00fcgen \u2013 KOSTENLOS<\/li>\n<li>Hochwertige Herstellung des Autoaufklebers von h\u00f6herer Qualit\u00e4t<\/li>\n<li>Verwendete Premium-Folie eines DEUTSCHEN Herstellers<\/li>\n<li>Besch\u00e4digt das Auto und die Farbe nicht<\/li>\n<li>Einfache Installation und Entfernung<\/li>\n<\/ul>\n<p><strong>Paketinhalt:<\/strong><\/p>\n<ul>\n<li>1x Autoaufkleber<\/li>\n<\/ul>\n","protected":false},"featured_media":16636,"comment_status":"closed","ping_status":"closed","template":"","meta":[],"product_brand":[],"product_cat":[349],"product_tag":[],"class_list":{"0":"post-16577","1":"product","2":"type-product","3":"status-publish","4":"has-post-thumbnail","6":"product_cat-jagd-aufkleber","8":"first","9":"instock","10":"shipping-taxable","11":"purchasable","12":"product-type-variable"},"_links":{"self":[{"href":"https:\/\/gogashop.com\/at\/wp-json\/wp\/v2\/product\/16577","targetHints":{"allow":["GET"]}}],"collection":[{"href":"https:\/\/gogashop.com\/at\/wp-json\/wp\/v2\/product"}],"about":[{"href":"https:\/\/gogashop.com\/at\/wp-json\/wp\/v2\/types\/product"}],"replies":[{"embeddable":true,"href":"https:\/\/gogashop.com\/at\/wp-json\/wp\/v2\/comments?post=16577"}],"wp:featuredmedia":[{"embeddable":true,"href":"https:\/\/gogashop.com\/at\/wp-json\/wp\/v2\/media\/16636"}],"wp:attachment":[{"href":"https:\/\/gogashop.com\/at\/wp-json\/wp\/v2\/media?parent=16577"}],"wp:term":[{"taxonomy":"product_brand","embeddable":true,"href":"https:\/\/gogashop.com\/at\/wp-json\/wp\/v2\/product_brand?post=16577"},{"taxonomy":"product_cat","embeddable":true,"href":"https:\/\/gogashop.com\/at\/wp-json\/wp\/v2\/product_cat?post=16577"},{"taxonomy":"product_tag","embeddable":true,"href":"https:\/\/gogashop.com\/at\/wp-json\/wp\/v2\/product_tag?post=16577"}],"curies":[{"name":"wp","href":"https:\/\/api.w.org\/{rel}","templated":true}]}}