{"id":16575,"date":"2024-10-26T09:12:11","date_gmt":"2024-10-26T09:12:11","guid":{"rendered":"https:\/\/gogashop.com\/at\/?post_type=product&#038;p=16575"},"modified":"2024-10-26T09:15:39","modified_gmt":"2024-10-26T09:15:39","slug":"jagdetikett-wildschwein-jaeger-und-hund","status":"publish","type":"product","link":"https:\/\/gogashop.com\/at\/jagdetikett-wildschwein-jaeger-und-hund\/","title":{"rendered":"Jagdetikett Wildschwein J\u00e4ger und Hund"},"content":{"rendered":"","protected":false},"excerpt":{"rendered":"<p><strong>Jagdsticker Wildschwein, J\u00e4ger und Hund<\/strong> ist eine au\u00dfergew\u00f6hnliche Darstellung aufregender Jagdmomente. Auf dem Sticker ist ein J\u00e4ger abgebildet, der zum Schuss bereit ist, w\u00e4hrend der Hund treu begleitet und bei der Jagd mitwirkt, im Hintergrund betont die Silhouette des Wildschweins die Dramatik der Szene. Dieser Sticker ist perfekt f\u00fcr diejenigen, die f\u00fcr den Adrenalinkick der Jagd und die enge Verbindung zwischen J\u00e4ger und seinem treuen vierbeinigen Helfer leben.<\/p>\n<p>Wenn Sie diesen Sticker auf Ihr Auto kleben, wird er zweifellos auffallen und Ihre Leidenschaft f\u00fcr die Jagd auf Wildtiere ausdr\u00fccken. Er ist f\u00fcr alle gedacht, die die Jagdtradition sch\u00e4tzen und actionreiche Szenen aus der Wildnis lieben. Hergestellt aus langlebigen Materialien, die Wetterbest\u00e4ndigkeit gew\u00e4hrleisten, beh\u00e4lt der Sticker seine Intensit\u00e4t und Farben \u00fcber viele Jahre hinweg. Die Anbringung ist einfach und der Sticker besch\u00e4digt die Oberfl\u00e4che des Autos nicht, was eine sorgenfreie Nutzung auf Ihrem Fahrzeug erm\u00f6glicht.<\/p>\n<p><strong>Vorteile des Stickers:<\/strong><\/p>\n<ul>\n<li>Die gesamte Herstellung des Stickers erfolgt im Gogashop<\/li>\n<li>Dem Sticker kann optional Ihr eigener Schriftzug hinzugef\u00fcgt werden \u2013 KOSTENLOS<\/li>\n<li>Hochwertige Herstellung des Autostickers von h\u00f6herer Qualit\u00e4t<\/li>\n<li>Verwendete Premium-Folie eines DEUTSCHEN Herstellers<\/li>\n<li>Besch\u00e4digt das Auto und die Farbe nicht<\/li>\n<li>Einfache Anbringung und Entfernung<\/li>\n<\/ul>\n<p><strong>Inhalt des Pakets:<\/strong><\/p>\n<ul>\n<li>1x Autosticker<\/li>\n<\/ul>\n","protected":false},"featured_media":16624,"comment_status":"closed","ping_status":"closed","template":"","meta":[],"product_brand":[],"product_cat":[349],"product_tag":[],"class_list":{"0":"post-16575","1":"product","2":"type-product","3":"status-publish","4":"has-post-thumbnail","6":"product_cat-jagd-aufkleber","8":"first","9":"instock","10":"shipping-taxable","11":"purchasable","12":"product-type-variable"},"_links":{"self":[{"href":"https:\/\/gogashop.com\/at\/wp-json\/wp\/v2\/product\/16575","targetHints":{"allow":["GET"]}}],"collection":[{"href":"https:\/\/gogashop.com\/at\/wp-json\/wp\/v2\/product"}],"about":[{"href":"https:\/\/gogashop.com\/at\/wp-json\/wp\/v2\/types\/product"}],"replies":[{"embeddable":true,"href":"https:\/\/gogashop.com\/at\/wp-json\/wp\/v2\/comments?post=16575"}],"wp:featuredmedia":[{"embeddable":true,"href":"https:\/\/gogashop.com\/at\/wp-json\/wp\/v2\/media\/16624"}],"wp:attachment":[{"href":"https:\/\/gogashop.com\/at\/wp-json\/wp\/v2\/media?parent=16575"}],"wp:term":[{"taxonomy":"product_brand","embeddable":true,"href":"https:\/\/gogashop.com\/at\/wp-json\/wp\/v2\/product_brand?post=16575"},{"taxonomy":"product_cat","embeddable":true,"href":"https:\/\/gogashop.com\/at\/wp-json\/wp\/v2\/product_cat?post=16575"},{"taxonomy":"product_tag","embeddable":true,"href":"https:\/\/gogashop.com\/at\/wp-json\/wp\/v2\/product_tag?post=16575"}],"curies":[{"name":"wp","href":"https:\/\/api.w.org\/{rel}","templated":true}]}}