{"id":16572,"date":"2024-10-26T09:12:10","date_gmt":"2024-10-26T09:12:10","guid":{"rendered":"https:\/\/gogashop.com\/at\/?post_type=product&#038;p=16572"},"modified":"2024-10-26T09:15:32","modified_gmt":"2024-10-26T09:15:32","slug":"jagdetikett-hirsch-fichten-und-geweihe","status":"publish","type":"product","link":"https:\/\/gogashop.com\/at\/jagdetikett-hirsch-fichten-und-geweihe\/","title":{"rendered":"Jagdetikett Hirsch, Fichten und Geweihe"},"content":{"rendered":"","protected":false},"excerpt":{"rendered":"<p>Das Jagdetikett &#8222;Hirsch, Fichten und Geweihe&#8220; ist das perfekte Accessoire f\u00fcr alle Naturliebhaber und Wildtierfreunde. Auf dem Etikett ist ein majest\u00e4tischer Hirsch abgebildet, der stolz neben Fichten steht, w\u00e4hrend im Vordergrund ein gro\u00dfes Paar Hirschgeweihe emporragt. Dieses Etikett symbolisiert die Kraft, Eleganz und Sch\u00f6nheit der wilden Natur.<\/p>\n<p>Die Anbringung dieses Etiketts an Ihrem Auto wird Ihre Leidenschaft f\u00fcr die Jagd und Ihre Wertsch\u00e4tzung f\u00fcr Wildtiere deutlich zeigen. Es ist geeignet f\u00fcr J\u00e4ger, F\u00f6rster und alle, die Waldtiere und die Natur bewundern. Mit seiner markanten Grafik wird dieses Etikett auf Ihrem Fahrzeug sicherlich auffallen. Unsere Etiketten sind wetterfest, sodass sie ihre Lebendigkeit und Farben lange bewahren. Sie sind extrem einfach zu verwenden und k\u00f6nnen bedenkenlos auf das Auto geklebt werden, da sie die Oberfl\u00e4che nicht besch\u00e4digen und bei Bedarf leicht entfernt werden k\u00f6nnen.<\/p>\n<p><strong>Vorteile des Etiketts:<\/strong><\/p>\n<ul>\n<li>Die gesamte Herstellung des Etiketts erfolgt im Gogashop<\/li>\n<li>Dem Etikett kann optional kostenlos ein eigener Schriftzug hinzugef\u00fcgt werden<\/li>\n<li>Hochwertige Herstellung des Autoetiketts in h\u00f6herer Qualit\u00e4t<\/li>\n<li>Verwendete Premium-Folie eines DEUTSCHEN Herstellers<\/li>\n<li>Besch\u00e4digt das Auto und die Farbe nicht<\/li>\n<li>Einfache Anbringung und Entfernung<\/li>\n<\/ul>\n<p><strong>Inhalt des Pakets:<\/strong><\/p>\n<ul>\n<li>1x Autoetikett<\/li>\n<\/ul>\n","protected":false},"featured_media":16606,"comment_status":"closed","ping_status":"closed","template":"","meta":[],"product_brand":[],"product_cat":[349],"product_tag":[],"class_list":{"0":"post-16572","1":"product","2":"type-product","3":"status-publish","4":"has-post-thumbnail","6":"product_cat-jagd-aufkleber","8":"first","9":"instock","10":"shipping-taxable","11":"purchasable","12":"product-type-variable"},"_links":{"self":[{"href":"https:\/\/gogashop.com\/at\/wp-json\/wp\/v2\/product\/16572","targetHints":{"allow":["GET"]}}],"collection":[{"href":"https:\/\/gogashop.com\/at\/wp-json\/wp\/v2\/product"}],"about":[{"href":"https:\/\/gogashop.com\/at\/wp-json\/wp\/v2\/types\/product"}],"replies":[{"embeddable":true,"href":"https:\/\/gogashop.com\/at\/wp-json\/wp\/v2\/comments?post=16572"}],"wp:featuredmedia":[{"embeddable":true,"href":"https:\/\/gogashop.com\/at\/wp-json\/wp\/v2\/media\/16606"}],"wp:attachment":[{"href":"https:\/\/gogashop.com\/at\/wp-json\/wp\/v2\/media?parent=16572"}],"wp:term":[{"taxonomy":"product_brand","embeddable":true,"href":"https:\/\/gogashop.com\/at\/wp-json\/wp\/v2\/product_brand?post=16572"},{"taxonomy":"product_cat","embeddable":true,"href":"https:\/\/gogashop.com\/at\/wp-json\/wp\/v2\/product_cat?post=16572"},{"taxonomy":"product_tag","embeddable":true,"href":"https:\/\/gogashop.com\/at\/wp-json\/wp\/v2\/product_tag?post=16572"}],"curies":[{"name":"wp","href":"https:\/\/api.w.org\/{rel}","templated":true}]}}