{"id":13209,"date":"2024-03-09T14:00:36","date_gmt":"2024-03-09T14:00:36","guid":{"rendered":"https:\/\/gogashop.com\/at\/?post_type=product&#038;p=13209"},"modified":"2024-03-09T14:03:33","modified_gmt":"2024-03-09T14:03:33","slug":"audi-strafer-aufkleber","status":"publish","type":"product","link":"https:\/\/gogashop.com\/at\/audi-strafer-aufkleber\/","title":{"rendered":"AUDI Strafer Aufkleber"},"content":{"rendered":"","protected":false},"excerpt":{"rendered":"<p>Die <strong>AUDI Punisher Autoaufkleber<\/strong> ist eine einzigartige und k\u00fchne Wahl f\u00fcr Audi-Fahrzeugbesitzer, die ihrem Auto einen Hauch von Individualit\u00e4t und Kraft verleihen m\u00f6chten. Dieser Aufkleber kombiniert das ikonische Audi-Logo mit dem wiedererkennbaren Punisher-Symbol, was einen starken visuellen Eindruck erzeugt und Unerschrockenheit und Entschlossenheit ausdr\u00fcckt. Er eignet sich ideal f\u00fcr diejenigen, die ihrem Fahrzeug einen Hauch von Aggressivit\u00e4t und Abenteuer hinzuf\u00fcgen m\u00f6chten, dabei aber die Eleganz und Raffinesse bewahren m\u00f6chten, die f\u00fcr die Marke Audi charakteristisch sind.<\/p>\n<p>Der Aufkleber richtet sich an Auto-Enthusiasten, die sich nicht scheuen, aufzufallen und ihr Fahrzeug mit einem Aufkleber auszustatten, der ihre starke Pers\u00f6nlichkeit und ihren unkonventionellen Ansatz widerspiegelt. Dieses Design ist besonders geeignet f\u00fcr diejenigen, die ihren Audi nicht nur als Transportmittel sehen, sondern als Ausdruck ihres Lebensstils und ihrer Werte.<\/p>\n<p>Hergestellt aus hochwertigen, strapazierf\u00e4higen Materialien, garantiert der AUDI Punisher Aufkleber eine lang anhaltende Best\u00e4ndigkeit und Witterungsbest\u00e4ndigkeit. Einfach zu installieren an verschiedenen Teilen des Fahrzeugs, von der Heckscheibe bis zu den Seitenteilen, besch\u00e4digt er die Oberfl\u00e4che des Autos nicht und erm\u00f6glicht eine einfache Entfernung ohne R\u00fcckst\u00e4nde zu hinterlassen. Damit verleihen Sie Ihrem Auto ein herausragendes visuelles Element, das Ihre Einzigartigkeit und Entschlossenheit betont und gleichzeitig den hohen Qualit\u00e4tsstandard bewahrt, den Sie von allem erwarten, was mit der Marke Audi verbunden ist.<\/p>\n<ul>\n<li>Die gesamte Herstellung des Aufklebers erfolgt im Gogashop<\/li>\n<li>Hochwertige Herstellung von Autoaufklebern h\u00f6herer Qualit\u00e4t<\/li>\n<li>Verwendung von hochwertiger Folie eines DEUTSCHEN Herstellers<\/li>\n<li>Besch\u00e4digt nicht das Auto oder die Lackierung<\/li>\n<li>Witterungsbest\u00e4ndigkeit<\/li>\n<\/ul>\n<p><strong>Im Paket enthalten:<\/strong><\/p>\n<ul>\n<li>1x Autoaufkleber (f\u00fcr rechten und linken Seitenspiegel)<\/li>\n<\/ul>\n","protected":false},"featured_media":13403,"comment_status":"closed","ping_status":"closed","template":"","meta":[],"product_brand":[],"product_cat":[327],"product_tag":[],"class_list":{"0":"post-13209","1":"product","2":"type-product","3":"status-publish","4":"has-post-thumbnail","6":"product_cat-audi-aufkleber","8":"first","9":"instock","10":"shipping-taxable","11":"purchasable","12":"product-type-variable"},"_links":{"self":[{"href":"https:\/\/gogashop.com\/at\/wp-json\/wp\/v2\/product\/13209","targetHints":{"allow":["GET"]}}],"collection":[{"href":"https:\/\/gogashop.com\/at\/wp-json\/wp\/v2\/product"}],"about":[{"href":"https:\/\/gogashop.com\/at\/wp-json\/wp\/v2\/types\/product"}],"replies":[{"embeddable":true,"href":"https:\/\/gogashop.com\/at\/wp-json\/wp\/v2\/comments?post=13209"}],"wp:featuredmedia":[{"embeddable":true,"href":"https:\/\/gogashop.com\/at\/wp-json\/wp\/v2\/media\/13403"}],"wp:attachment":[{"href":"https:\/\/gogashop.com\/at\/wp-json\/wp\/v2\/media?parent=13209"}],"wp:term":[{"taxonomy":"product_brand","embeddable":true,"href":"https:\/\/gogashop.com\/at\/wp-json\/wp\/v2\/product_brand?post=13209"},{"taxonomy":"product_cat","embeddable":true,"href":"https:\/\/gogashop.com\/at\/wp-json\/wp\/v2\/product_cat?post=13209"},{"taxonomy":"product_tag","embeddable":true,"href":"https:\/\/gogashop.com\/at\/wp-json\/wp\/v2\/product_tag?post=13209"}],"curies":[{"name":"wp","href":"https:\/\/api.w.org\/{rel}","templated":true}]}}